{"id":4702,"date":"2025-03-12T07:50:50","date_gmt":"2025-03-12T07:50:50","guid":{"rendered":"https:\/\/tienda-maestria.online\/tienda\/?page_id=4702"},"modified":"2025-10-31T19:49:13","modified_gmt":"2025-10-31T19:49:13","slug":"fundas-luigimax","status":"publish","type":"page","link":"https:\/\/tienda-maestria.online\/tienda\/fundas-luigimax\/","title":{"rendered":"Fundas LUIGIMAX"},"content":{"rendered":"<p>Todos nuestros precios estan en USD. Enviamos a todo el mundo<\/p>\n<h2><a href=\"https:\/\/tienda-maestria.online\/tienda\/tienda\/\" style=\"\">&lt; Volver a la tienda<\/a><\/h2>\n<p><a aria-label=\"Image Link\" class=\"op3-element__link op3-element-image__link op3-link op3-element__tcp--non-a\" href=\"https:\/\/productosdemaestria.com\/carrito\/\" target=\"_blank\"  data-op-action=\"link\" data-op-select-funnel-step=\"\" data-op3-smooth-scroll=\"0\"><img decoding=\"async\" class=\"op3-element__image op3-element-image__image\" src=\"https:\/\/tienda-maestria.online\/tienda\/wp-content\/uploads\/2022\/10\/Screenshot-2022-10-04-at-16.02.22-300x48.png\" alt=\"\" title=\"\" width=\"386.917\" data-op3-attachment-id=\"3570\" \/><\/a><img loading=\"lazy\" decoding=\"async\" class=\"op3-element__image op3-element-image__image\" src=\"http:\/\/tienda-maestria.online\/tienda\/wp-content\/uploads\/2022\/09\/Screenshot-2020-04-05-at-16.55.13-1-1024x343-1-300x100.png\" alt=\"\" title=\"Screenshot-2020-04-05-at-16.55.13-1-1024x343\" width=\"300\" height=\"100\" data-op3-attachment-id=\"11\" \/><div id=\"metaslider-id-4714\" style=\"width: 100%;\" class=\"ml-slider-3-104-0 metaslider metaslider-flex metaslider-4714 ml-slider has-dots-nav ms-theme-default-base\" role=\"region\" aria-label=\"Nueva presentaci\u00f3n de diapositivas\" data-height=\"387\" data-width=\"406\">\n    <div id=\"metaslider_container_4714\">\n        <div id=\"metaslider_4714\">\n            <ul class='slides'>\n                <li style=\"display: block; width: 100%;\" class=\"slide-4715 ms-image \" aria-roledescription=\"slide\" data-date=\"2025-03-12 07:20:56\" data-filename=\"Modelo-1.png\" data-slide-type=\"image\"><img loading=\"lazy\" decoding=\"async\" src=\"https:\/\/tienda-maestria.online\/tienda\/wp-content\/uploads\/2025\/03\/Modelo-1.png\" height=\"387\" width=\"406\" alt=\"\" class=\"slider-4714 slide-4715 msDefaultImage\" title=\"Modelo 1\" \/><\/li>\n                <li style=\"display: none; width: 100%;\" class=\"slide-4716 ms-image \" aria-roledescription=\"slide\" data-date=\"2025-03-12 07:20:56\" data-filename=\"Modelo-2.png\" data-slide-type=\"image\"><img loading=\"lazy\" decoding=\"async\" src=\"https:\/\/tienda-maestria.online\/tienda\/wp-content\/uploads\/2025\/03\/Modelo-2.png\" height=\"387\" width=\"406\" alt=\"\" class=\"slider-4714 slide-4716 msDefaultImage\" title=\"Modelo 2\" \/><\/li>\n                <li style=\"display: none; width: 100%;\" class=\"slide-4717 ms-image \" aria-roledescription=\"slide\" data-date=\"2025-03-12 07:20:56\" data-filename=\"Modelo-3.png\" data-slide-type=\"image\"><img loading=\"lazy\" decoding=\"async\" src=\"https:\/\/tienda-maestria.online\/tienda\/wp-content\/uploads\/2025\/03\/Modelo-3.png\" height=\"387\" width=\"406\" alt=\"\" class=\"slider-4714 slide-4717 msDefaultImage\" title=\"Modelo 3\" \/><\/li>\n                <li style=\"display: none; width: 100%;\" class=\"slide-4718 ms-image \" aria-roledescription=\"slide\" data-date=\"2025-03-12 07:20:56\" data-filename=\"Modelo-4.png\" data-slide-type=\"image\"><img loading=\"lazy\" decoding=\"async\" src=\"https:\/\/tienda-maestria.online\/tienda\/wp-content\/uploads\/2025\/03\/Modelo-4.png\" height=\"387\" width=\"406\" alt=\"\" class=\"slider-4714 slide-4718 msDefaultImage\" title=\"Modelo 4\" \/><\/li>\n                <li style=\"display: none; width: 100%;\" class=\"slide-4719 ms-image \" aria-roledescription=\"slide\" data-date=\"2025-03-12 07:20:57\" data-filename=\"Modelo-5.png\" data-slide-type=\"image\"><img loading=\"lazy\" decoding=\"async\" src=\"https:\/\/tienda-maestria.online\/tienda\/wp-content\/uploads\/2025\/03\/Modelo-5.png\" height=\"387\" width=\"406\" alt=\"\" class=\"slider-4714 slide-4719 msDefaultImage\" title=\"Modelo 5\" \/><\/li>\n            <\/ul>\n        <\/div>\n        \n    <\/div>\n<\/div><\/p>\n<h2>FUNDAS LUIGIMAX<\/h2>\n<p>Obt\u00e9n nuevas sensaciones, mayor comfort y mayor versatilidad con 5 tipos de fundas para el LUIGIMAX<\/p>\n<\/p>\n<p><a aria-label=\"Image Link\" class=\"op3-element__link op3-element-image__link op3-link op3-element__tcp--non-a\" href=\"https:\/\/productosdemaestria.com\/producto\/fundas-para-el-luigimax\/\" target=\"_blank\"  data-op-action=\"link\" data-op-select-funnel-step=\"\" data-op3-smooth-scroll=\"0\"><img decoding=\"async\" class=\"op3-element__image op3-element-image__image\" src=\"https:\/\/tienda-maestria.online\/tienda\/wp-content\/uploads\/2022\/11\/screenshot-2022-10-04-at-155944__opdb-op62aaca5380ff13-64725592-1-300x79.png\" alt=\"\" title=\"\" width=\"255.233\" data-op3-attachment-id=\"4101\" \/><\/a><\/p>\n<h2>S\u00f3lo $39<\/h2>\n<p><a aria-label=\"Button link\" href=\"#op3-element-F0SmVTks\" class=\"op3-element__tcp--non-a op3-link op3-background-ancestor\" target=\"_self\"  data-op-action=\"jumpToElement\" data-op-select-funnel-step=\"\" data-op3-smooth-scroll=\"\" data-op-effect-style=\"\" data-op-effect-style-hover=\"\" data-op-courseaction=\"\">SABER M\u00c1S <\/a><\/p>\n<p>DESCRIPCI\u00d3N<\/p>\n<p>Mira el siguiente video el video para saber m\u00e1s acerca de los distintos tipos de funda del LUIGIMAX<\/p>\n<h2>FUNDAS PARA EL LUIGI MAX<\/h2>\n<p><img loading=\"lazy\" decoding=\"async\" class=\"op3-element__image op3-element-image__image\" src=\"https:\/\/tienda-maestria.online\/tienda\/wp-content\/uploads\/2025\/03\/Modelo-1.png\" alt=\"\" title=\"Modelo 1\" width=\"406\" height=\"387\" data-op3-attachment-id=\"4708\" \/><\/p>\n<h2>Modelo 1<\/h2>\n<p style=\"text-align: center;\">La funda m\u00e1gica original, cubierta el\u00e1stica.&nbsp;<\/p>\n<p style=\"text-align: center;\">Tu LuigiMax ya vino con esta funda.<\/p>\n<p><img loading=\"lazy\" decoding=\"async\" class=\"op3-element__image op3-element-image__image\" src=\"https:\/\/tienda-maestria.online\/tienda\/wp-content\/uploads\/2025\/03\/Modelo-2.png\" alt=\"\" title=\"Modelo 2\" width=\"406\" height=\"387\" data-op3-attachment-id=\"4707\" \/><\/p>\n<h2>Modelo 2<\/h2>\n<p style=\"text-align: center;\">Alternativa a la funda m\u00e1gica. Texturizada en su interior, hecho con silicona super suave, orificio grande (para miembros dotados)<\/p>\n<p><img loading=\"lazy\" decoding=\"async\" class=\"op3-element__image op3-element-image__image\" src=\"https:\/\/tienda-maestria.online\/tienda\/wp-content\/uploads\/2025\/03\/Modelo-3.png\" alt=\"\" title=\"Modelo 3\" width=\"406\" height=\"387\" data-op3-attachment-id=\"4706\" \/><\/p>\n<h2>Modelo 3<\/h2>\n<p style=\"text-align: center;\">TPE premium con tecnolog\u00eda de film invertido para sensaciones intensas. Texturizado en su interior. Orificio grande. Sensaciones placenteras y m\u00e1xima comodidad para sesiones largas.<\/p>\n<p><img loading=\"lazy\" decoding=\"async\" class=\"op3-element__image op3-element-image__image\" src=\"https:\/\/tienda-maestria.online\/tienda\/wp-content\/uploads\/2025\/03\/Modelo-4.png\" alt=\"\" title=\"Modelo 4\" width=\"406\" height=\"387\" data-op3-attachment-id=\"4705\" \/><\/p>\n<h2>Modelo 4<\/h2>\n<p>TPE premium con tecnolog\u00eda de film invertido, con un un canal m\u00e1s estrecho y m\u00e1s texturizado que el Modelo 3 para sensaciones A\u00daN M\u00c1S INTENSAS. Te ayudar\u00e1 a permancer erecto dentro de tu LM.<\/p>\n<p style=\"text-align: center;\">\n<p><img loading=\"lazy\" decoding=\"async\" class=\"op3-element__image op3-element-image__image\" src=\"https:\/\/tienda-maestria.online\/tienda\/wp-content\/uploads\/2025\/03\/Modelo-5.png\" alt=\"\" title=\"Modelo 5\" width=\"406\" height=\"387\" data-op3-attachment-id=\"4704\" \/><\/p>\n<h2>Modelo 5<\/h2>\n<p style=\"text-align: center;\">Alternativa a la funda m\u00e1gica original. M\u00e1s corta en longitud para tener m\u00e1s marg\u00e9n dentro de la bomba y obtener presiones m\u00e1s altas. Texturizada en su interior. Canal ligeramente m\u00e1s amplio que la funda m\u00e1gica original.<\/p>\n<h2>MIRA COMO USO CADA UNA DE ESTAS FUNDAS SIN CENSURA +18<\/h2>\n<h2>S\u00f3lo $39<\/h2>\n<p><a aria-label=\"Button link\" href=\"https:\/\/productosdemaestria.com\/producto\/fundas-para-el-luigimax\/\" class=\"op3-element__tcp--non-a op3-link op3-background-ancestor\" target=\"_self\"  data-op-action=\"link\" data-op-select-funnel-step=\"\" data-op3-smooth-scroll=\"0\" data-op-effect-style=\"\" data-op-effect-style-hover=\"\" data-op-courseaction=\"\">A\u00d1ADIR AL CARRO<\/a><img loading=\"lazy\" decoding=\"async\" class=\"op3-element__image op3-element-image__image\" src=\"https:\/\/tienda-maestria.online\/tienda\/wp-content\/uploads\/2025\/01\/Untitled-design15.png\" alt=\"\" title=\"LuigiMAX\" width=\"500\" height=\"520\" data-op3-attachment-id=\"4688\" \/><\/p>\n<h2>\u00bfA\u00daN&nbsp;NO TIENES EL LUIGIMAX?<\/h2>\n<p>El LuigiMax resuelve todos los&nbsp;inconvenientes del Bathmate. Con: mejor succi\u00f3n, ayudando al miembro a lograr una expansi\u00f3n m\u00e1s uniforme, un programa de presi\u00f3n intermitente, fundamental para el crecimiento y, lo mejor de todo, la libertad de usarlo donde y cuando quieras<\/p>\n<p><a aria-label=\"Image Link\" class=\"op3-element__link op3-element-image__link op3-link op3-element__tcp--non-a\" href=\"https:\/\/productosdemaestria.com\/carrito\/?add-to-cart=206\" target=\"_blank\"  data-op-action=\"link\" data-op-select-funnel-step=\"\" data-op3-smooth-scroll=\"0\"><img decoding=\"async\" class=\"op3-element__image op3-element-image__image\" src=\"https:\/\/tienda-maestria.online\/tienda\/wp-content\/uploads\/2022\/11\/screenshot-2022-10-04-at-155944__opdb-op62aaca5380ff13-64725592-1-300x79.png\" alt=\"\" title=\"\" width=\"255.233\" height=\"79\" data-op3-attachment-id=\"4101\" \/><\/a><\/p>\n<h2>S\u00f3lo $167<\/h2>\n<p><a aria-label=\"Button link\" href=\"https:\/\/luigimax.com\/\" class=\"op3-element__tcp--non-a op3-link op3-background-ancestor\" target=\"_blank\"  data-op-action=\"link\" data-op-select-funnel-step=\"\" data-op3-smooth-scroll=\"0\" data-op-effect-style=\"\" data-op-effect-style-hover=\"\" data-op-courseaction=\"\">SABER M\u00c1S <\/a><\/p>\n<p>maestria sexual<\/p>\n<p>AYUDA<\/p>\n<p><a  href=\"https:\/\/maestriasexual.com\/blog\" class=\"op3-list-menu-link\">BLOG<\/a><a  href=\"https:\/\/tienda-maestria.online\/tienda\/#op3-element-7etnB4Qp\" class=\"op3-list-menu-link\">FAQ<\/a><a  href=\"https:\/\/productosdemaestria.com\/\" class=\"op3-list-menu-link\">ACCEDER A CUENTA<\/a><a  href=\"https:\/\/maestriasexual.es\/tienda\/afiliados\/\" class=\"op3-list-menu-link\">AFILIADOS<\/a><a  href=\"https:\/\/tienda-maestria.online\/tienda\/politica-de-devolucion\/\" class=\"op3-list-menu-link\">POL\u00cdTICA DE REEMBOLSO<\/a><a  href=\"https:\/\/tienda-maestria.online\/tienda\/politica-de-privacidad\/\" class=\"op3-list-menu-link\">POL\u00cdTICA DE PRIVACIDAD<\/a><\/p>\n<p>SUSCR\u00cdBETE PARA ACCEDER A OFERTAS ESPECIALES<\/p>\n<p><a aria-label=\"Button link\" href=\"#\" class=\"op3-element__tcp--non-a op3-link op3-background-ancestor\" target=\"_self\"  data-op-action=\"link\" data-op-select-funnel-step=\"\" data-op3-smooth-scroll=\"\" data-op-effect-style=\"\" data-op-effect-style-hover=\"\" data-op-courseaction=\"\">SUSCR\u00cdBETE<\/a><\/p>\n<p>\u00a9 2014-2025&nbsp; Maestria Sexual. Todos los derechos reservados.<\/p>\n<\/p>\n<p><a aria-label=\"Link\" class=\"op3-element__link op3-element-icon__link op3-element__tcp--non-a op3-link\" href=\"https:\/\/www.facebook.com\/luigidomenico11\/\" target=\"_blank\"  data-op-action=\"\" data-op-select-funnel-step=\"\" data-op3-smooth-scroll=\"\"><\/a><a aria-label=\"Link\" class=\"op3-element__link op3-element-icon__link op3-element__tcp--non-a op3-link\" href=\"https:\/\/www.tiktok.com\/@luigidomenico2\" target=\"_blank\"  data-op-action=\"\" data-op-select-funnel-step=\"\" data-op3-smooth-scroll=\"\"><\/a><a aria-label=\"Link\" class=\"op3-element__link op3-element-icon__link op3-element__tcp--non-a op3-link\" href=\"https:\/\/www.youtube.com\/user\/conquistaraunachica1\" target=\"_blank\"  data-op-action=\"\" data-op-select-funnel-step=\"\" data-op3-smooth-scroll=\"\"><\/a><\/p>\n","protected":false},"excerpt":{"rendered":"<p>Todos nuestros precios estan en USD. Enviamos a todo el mundo &lt; Volver a la tienda FUNDAS LUIGIMAX Obt\u00e9n nuevas sensaciones, mayor comfort y mayor versatilidad con 5 tipos de fundas para el LUIGIMAX S\u00f3lo $39 SABER M\u00c1S DESCRIPCI\u00d3N Mira el siguiente video el video para saber m\u00e1s acerca de los distintos tipos de funda [&hellip;]<\/p>\n","protected":false},"author":1,"featured_media":0,"parent":0,"menu_order":0,"comment_status":"open","ping_status":"closed","template":"op_builder_blank","meta":{"footnotes":""},"class_list":["post-4702","page","type-page","status-publish","hentry"],"_links":{"self":[{"href":"https:\/\/tienda-maestria.online\/tienda\/wp-json\/wp\/v2\/pages\/4702","targetHints":{"allow":["GET"]}}],"collection":[{"href":"https:\/\/tienda-maestria.online\/tienda\/wp-json\/wp\/v2\/pages"}],"about":[{"href":"https:\/\/tienda-maestria.online\/tienda\/wp-json\/wp\/v2\/types\/page"}],"author":[{"embeddable":true,"href":"https:\/\/tienda-maestria.online\/tienda\/wp-json\/wp\/v2\/users\/1"}],"replies":[{"embeddable":true,"href":"https:\/\/tienda-maestria.online\/tienda\/wp-json\/wp\/v2\/comments?post=4702"}],"version-history":[{"count":11,"href":"https:\/\/tienda-maestria.online\/tienda\/wp-json\/wp\/v2\/pages\/4702\/revisions"}],"predecessor-version":[{"id":4733,"href":"https:\/\/tienda-maestria.online\/tienda\/wp-json\/wp\/v2\/pages\/4702\/revisions\/4733"}],"wp:attachment":[{"href":"https:\/\/tienda-maestria.online\/tienda\/wp-json\/wp\/v2\/media?parent=4702"}],"curies":[{"name":"wp","href":"https:\/\/api.w.org\/{rel}","templated":true}]}}