{"id":4556,"date":"2024-01-13T19:33:41","date_gmt":"2024-01-13T19:33:41","guid":{"rendered":"https:\/\/tienda-maestria.online\/tienda\/?page_id=4556"},"modified":"2024-12-30T20:16:47","modified_gmt":"2024-12-30T20:16:47","slug":"shivajit-anti-ep","status":"publish","type":"page","link":"https:\/\/tienda-maestria.online\/tienda\/shivajit-anti-ep\/","title":{"rendered":"Shivajit ANTI EP"},"content":{"rendered":"<h2>Shivajit : El Mejor Suplemento Para La EP<\/h2>\n<h2>Descubre en este video porque hemos decidido ofrecer el Shivajit en lugar del Climinax<\/h2>\n<p><a href=\"https:\/\/productosdemaestria.com\/carrito\/?add-to-cart=146\" class=\"op3-link op3-background-ancestor\" target=\"_self\"  data-op-action=\"link\" data-op-select-funnel-step=\"\" data-op3-smooth-scroll=\"\" data-op-effect-style=\"\" data-op-effect-style-hover=\"\" data-op-courseaction=\"\">COMPRAR EL SHIVAVIT<\/a><\/p>\n<h2>Suplemento Shivajit<\/h2>\n<h2>Nuestro pack esta compuesto por nuestro suplemento Shivajit que tiene una triple acci\u00f3n : 1. Elimina la ansiedad\/estr\u00e9s gracias a sus propiedades adapt\u00f3genas ayudando al sistema nervioso a estar en modo parasimp\u00e1tico, ayudandote asi a recuperar el equilibrio interno del cuerpo para que puedas dominar tu orgasmo.2. Optimiza las hormonas : Los desequilibrios hormonales suele ser la causa f\u00edsica n\u00famero uno que ocasiona problemas de aguante (testosterona baja o prolactina alta). Nuestro suplemento Shivajit aumenta los niveles de testosterona naturalmente (los niveles de prolactina y testosterona tienden a tener una correlaci\u00f3n negativa, donde un nivel m\u00e1s alto de prolactina se correlaciona con un nivel m\u00e1s bajo de testosterona)3. Equilibrio interno :&nbsp;Nuestro suplemento Shivajit abraza la sabidur\u00eda del ayurveda. Seg\u00fan esta,&nbsp;los cinco elementos de la naturaleza (el \u00e9ter, el aire, el fuego, el agua y la tierra) se combinan en el organismo en forma de tres componentes (doshas) conocidos como vata, pitta y kapha. Seg\u00fan esta, los cinco elementos de la naturaleza (el \u00e9ter, el aire, el fuego, el agua y la tierra) se combinan en el organismo en forma de tres componentes (doshas) conocidos como vata, pitta y kapha. \u200bLa eyaculaci\u00f3n precoz se debe a un desequilibrio en uno o m\u00e1s de los tres doshas. El Shivajit reequilibra los doshas restaurando la armon\u00eda natural del cuerpo.<\/h2>\n<h2>Porque Shivajit es la Soluci\u00f3n N\u00famero 1<\/h2>\n<p><img loading=\"lazy\" decoding=\"async\" class=\"op3-element__image op3-element-image__image\" src=\"https:\/\/tienda-maestria.online\/tienda\/wp-content\/uploads\/2024\/01\/untitled-912-x-513-px-2__opdb-op5ccad843024dd8-37709811.png\" alt=\"\" title=\"Pack ANTI EP\" width=\"912\" height=\"513\" data-op3-attachment-id=\"4850\" \/><\/p>\n<h4>Funciona<\/h4>\n<p>Shivajit Funciona. Aumenta los niveles de serotonina y ayuda a tu sistema nervioso a permanecer en modo parasimp\u00e1tico toda la noche. Estar\u00e1s en control de tu orgasmo.<\/p>\n<h4>100% Natural<\/h4>\n<p>Formulado a base de ingredientes naturales. El Shivajit no tiene absolutamente ning\u00fan efecto secundario. Este suplemento natural no s\u00f3lo te ayudar\u00e1 a mejorar tu aguante, tambien potenciar\u00e1 tu salud<\/p>\n<h4>Efectivo<\/h4>\n<p>Toma Shivajit a diario y tu EP ser\u00e1 historia. No necesitas seguir ninguna dieta, ni plan ni preparaci\u00f3n. Te sentir\u00e1s normal, s\u00f3lo tendr\u00e1s un mayor aguante sexual<\/p>\n<h2>La F\u00f3rmula Del \u00c9XITO<\/h2>\n<h2>Todos estos ingredientes trabajan sin\u00e9rgicamente y potencian los efectos de cada uno de estos compuestos<\/h2>\n<p><img loading=\"lazy\" decoding=\"async\" class=\"op3-element__image op3-element-image__image\" src=\"https:\/\/tienda-maestria.online\/tienda\/wp-content\/uploads\/2024\/01\/screenshot-2024-01-06-at-191923-removebg-preview__opdb-op5ccad843024dd8-37709811.png\" alt=\"\" title=\"Shilajit\" width=\"467\" height=\"396\" data-op3-attachment-id=\"4836\" \/><\/p>\n<p>Shilajit &#8211;&nbsp;Shilajit es un compuesto natural que se forma en las rocas de las monta\u00f1as, especialmente en el Himalaya. Es una mezcla \u00fanica de minerales, \u00e1cidos f\u00falvicos, y otros nutrientes esenciales. A lo largo de los siglos, ha sido apreciado por sus propiedades beneficiosas para la salud.<\/p>\n<p>En su forma pura, Shilajit es una resina oscura y pegajosa que se extrae de las grietas de las rocas de monta\u00f1a. Este elixir natural es conocido por mejorar la energ\u00eda, aumentar la resistencia y proporcionar nutrientes esenciales al cuerpo. En resumen, Shilajit es un regalo de la naturaleza, una fuente concentrada de vitalidad que hemos capturado en cada porci\u00f3n de Shivajit, nuestra marca exclusiva.<\/p>\n<p><img loading=\"lazy\" decoding=\"async\" class=\"op3-element__image op3-element-image__image\" src=\"https:\/\/tienda-maestria.online\/tienda\/wp-content\/uploads\/2024\/01\/untitled-design-14-removebg-preview__opdb-op5ccad843024dd8-37709811.png\" alt=\"\" title=\"Ashwaghanda\" width=\"467\" height=\"396\" data-op3-attachment-id=\"4837\" \/><\/p>\n<p>Ashwaghanda &#8211;&nbsp;La ashwagandha, tambi\u00e9n conocida como Withania somnifera, es una hierba adapt\u00f3gena que se ha utilizado tradicionalmente en la medicina ayurv\u00e9dica para abordar una variedad de problemas de salud, incluidos los relacionados con la funci\u00f3n sexual. El ashwagandha posee propiedades que ayudan a equilibrar el sistema hormonal, reducir el estr\u00e9s y mejorar la resistencia f\u00edsica y mental. En el contexto de la eyaculaci\u00f3n precoz, la ashwagandha contribuye a aliviar el estr\u00e9s y la ansiedad, factores comunes asociados con esta condici\u00f3n. Adem\u00e1s aumenta los niveles de serotonina lo que ayuda a mejorar el aguante (los medicamentos actuales para la EP, los SSRI, mejor\u00e1n el aguante exactamente de la misma manera, aumentando la serotonina)<\/p>\n<p><img loading=\"lazy\" decoding=\"async\" class=\"op3-element__image op3-element-image__image\" src=\"https:\/\/tienda-maestria.online\/tienda\/wp-content\/uploads\/2024\/01\/untitled-design-15-removebg-preview__opdb-op5ccad843024dd8-37709811.png\" alt=\"\" title=\"Untitled_design__15_-removebg-preview\" width=\"467\" height=\"396\" data-op3-attachment-id=\"4838\" \/><\/p>\n<p>C\u00farcuma &#8211;&nbsp;La c\u00farcuma es una especia que se ha utilizado durante siglos en la medicina ayurv\u00e9dica por sus propiedades medicinales. Se ha demostrado que la curcumina, el compuesto activo de la c\u00farcuma, mejora el flujo sangu\u00edneo al aumentar la producci\u00f3n de \u00f3xido n\u00edtrico en el cuerpo. El \u00f3xido n\u00edtrico es una mol\u00e9cula que ayuda a dilatar los vasos sangu\u00edneos, permitiendo un mejor flujo sangu\u00edneo al pene.<\/p>\n<p>Adema ayuda en la eyaculaci\u00f3n precoz debido a sus propiedades antiinflamatorias y antioxidantes. Estas propiedades pueden ayudar a mejorar el flujo sangu\u00edneo y reducir la inflamaci\u00f3n en el cuerpo, que son factores importantes en la salud sexual.<\/p>\n<p><img loading=\"lazy\" decoding=\"async\" class=\"op3-element__image op3-element-image__image\" src=\"https:\/\/tienda-maestria.online\/tienda\/wp-content\/uploads\/2024\/01\/untitled-design-16-removebg-preview__opdb-op5ccad843024dd8-37709811.png\" alt=\"\" title=\"Untitled_design__16_-removebg-preview\" width=\"467\" height=\"396\" data-op3-attachment-id=\"4839\" \/><\/p>\n<p>Kali Musli (Curculigo Orchioides) &#8211;&nbsp;Seg\u00fan el ayurveda,&nbsp;los cinco elementos de la naturaleza (el \u00e9ter, el aire, el fuego, el agua y la tierra) se combinan en el organismo en forma de tres componentes (doshas) conocidos como vata, pitta y kapha.&nbsp;\u200bLa eyaculaci\u00f3n precoz se debe a un desequilibrio en uno o m\u00e1s de los tres doshas.&nbsp;En el Ayurveda, Kali Musli tiene propiedades Vrishya (afrodis\u00edaco) y Balya (proveedor de fuerza) que ayudan a corregir la disfunci\u00f3n sexual masculina, mejorar la resistencia y reequilibrar los doshas restaurando la armon\u00eda natural del cuerpo.<\/p>\n<p><img loading=\"lazy\" decoding=\"async\" class=\"op3-element__image op3-element-image__image\" src=\"https:\/\/tienda-maestria.online\/tienda\/wp-content\/uploads\/2024\/01\/untitled-design-17-removebg-preview__opdb-op5ccad843024dd8-37709811.png\" alt=\"\" title=\"Untitled_design__17_-removebg-preview\" width=\"467\" height=\"396\" data-op3-attachment-id=\"4840\" \/><\/p>\n<p>Tribulus Terrestris&nbsp;&#8211; El&nbsp;Tribulus Terrestris es una planta conocida por su capacidad para aumentar la producci\u00f3n de testosterona de forma natural en el cuerpo. Un nivel m\u00e1s alto de testosterona significa una mayor resistencia, \u00a1esencial si quieres durar m\u00e1s entre las s\u00e1banas! Adem\u00e1s tenemos <a href=\"https:\/\/pubmed.ncbi.nlm.nih.gov\/27711088\/\" target=\"_blank\" rel=\"nofollow\">estudios cient\u00edficos<\/a> que muestran la eficacia del tribulus en mejorar el aguante.<\/p>\n<p><a href=\"https:\/\/productosdemaestria.com\/carrito\/?add-to-cart=146\" class=\"op3-link op3-background-ancestor\" target=\"_self\"  data-op-action=\"link\" data-op-select-funnel-step=\"\" data-op3-smooth-scroll=\"0\" data-op-effect-style=\"\" data-op-effect-style-hover=\"\" data-op-courseaction=\"\">COMPRAR EL SHIVAJIT<\/a><\/p>\n<h2>Preguntas Frecuentes<\/h2>\n<h2>Sobre el Shivajit<\/h2>\n<p>Porqu\u00e9 no puedo comprarlo en vuestro establecimiento<\/p>\n<p>El Shivajit, es otra empresa que hemos creado, y por lo tanto debe de ser adquirido en la p\u00e1gina oficial : Shivajit.com<\/p>\n<p>\u00bfTiene algun efecto secundario?<\/p>\n<p>No, Shivajit no tiene absolutamente ning\u00fan efecto secundario.<\/p>\n<\/p>\n<p>\u00bfDurante Cuanto Tiempo Debo De Tomar Shivajit?<\/p>\n<p>Para la m\u00e1xima eficacia del tratamiento, recomendamos un m\u00ednimo de 3 meses. Algunos hombres ver\u00e1n increibles resultados en pocos d\u00edas. A otros les toma un poco m\u00e1s. El tiempo depender\u00e1 de una serie de factores como: tipo de cuerpo, h\u00e1bitos alimenticios, salud general, gen\u00e9tica&#8230;etc.<\/p>\n<p>Independientemente de tu condici\u00f3n actual, garantizamos los resultados, o si no, te devolvemos el 100% de tu dinero<\/p>\n<p>Quiero comprar otra unidad del Shivajit \u00bfD\u00f3nde lo compro?<\/p>\n<p>Si quieres otra unidad del Shivajit, puedes adquirirlo desde la p\u00e1gina oficial <a href=\"https:\/\/shivajit.com\/\" target=\"_blank\">haciendo clic aqui<\/a><\/p>\n<p>\u00bfQu\u00e9 Resultados Puedo Esperar?<\/p>\n<p>Los resultados varian seg\u00fan el individuo. Pero despu\u00e9s de 3 meses, la mayor\u00eda de hombres sienten que pueden durar de 3 a 6 veces m\u00e1s tiempo que antes.<\/p>\n<p>\u00bfCuanto deber\u00eda de tomar al d\u00eda?<\/p>\n<p>Con un cucharada coge de la resina Shivajit lo que vendria siendo el tama\u00f1o de un garbanzo (1 vez al d\u00eda, por la ma\u00f1ana, en ayunas)<\/p>\n<p>Sobre El Envoltorio y El Cargo En Tu Tarjeta<\/p>\n<p>El envoltorio es 100% discreto. El cargo en tu tarjeta aparecer\u00e1 como \u00abBLUE STYLE ACADEMY\u00bb<\/p>\n<p>El libro digital, \u00abM\u00e1ximo Aguante\u00bb se enviar\u00e1 por correo electr\u00f3nico a trav\u00e9s de un enlace de descarga.<\/p>\n<p>maestria sexual<\/p>\n<p>AYUDA<\/p>\n<p><a href=\"https:\/\/maestriasexual.com\/blog\" class=\"op3-list-menu-link\">BLOG<\/a><a href=\"https:\/\/tienda-maestria.online\/tienda\/#op3-element-7etnB4Qp\" class=\"op3-list-menu-link\">FAQ<\/a><a href=\"https:\/\/maestriasexual.es\/tienda\/afiliados\/\" class=\"op3-list-menu-link\">AFILIADOS<\/a><a href=\"https:\/\/tienda-maestria.online\/tienda\/politica-de-devolucion\/\" class=\"op3-list-menu-link\">POL\u00cdTICA DE REEMBOLSO<\/a><a href=\"https:\/\/tienda-maestria.online\/tienda\/politica-de-privacidad\/\" class=\"op3-list-menu-link\">POL\u00cdTICA DE PRIVACIDAD<\/a><\/p>\n<p>SUSCR\u00cdBETE PARA ACCEDER A OFERTAS ESPECIALES<\/p>\n<p><a href=\"#\" class=\"op3-link op3-background-ancestor\" target=\"_self\"  data-op-action=\"link\" data-op-select-funnel-step=\"\" data-op3-smooth-scroll=\"\" data-op-effect-style=\"\" data-op-effect-style-hover=\"\" data-op-courseaction=\"\">SUSCR\u00cdBETE<\/a><\/p>\n<p>\u00a9 2014-2025&nbsp; Maestria Sexual. Todos los derechos reservados.<\/p>\n<\/p>\n<p><a class=\"op3-element__link op3-element-icon__link op3-link\" href=\"https:\/\/www.facebook.com\/luigidomenico11\/\" target=\"_blank\"  data-op-action=\"\" data-op-select-funnel-step=\"\" data-op3-smooth-scroll=\"\"><\/a><a class=\"op3-element__link op3-element-icon__link op3-link\" href=\"https:\/\/www.tiktok.com\/@luigidomenico2\" target=\"_blank\"  data-op-action=\"\" data-op-select-funnel-step=\"\" data-op3-smooth-scroll=\"\"><\/a><a class=\"op3-element__link op3-element-icon__link op3-link\" href=\"https:\/\/www.youtube.com\/user\/conquistaraunachica1\" target=\"_blank\"  data-op-action=\"\" data-op-select-funnel-step=\"\" data-op3-smooth-scroll=\"\"><\/a><\/p>\n","protected":false},"excerpt":{"rendered":"<p>Shivajit : El Mejor Suplemento Para La EP Descubre en este video porque hemos decidido ofrecer el Shivajit en lugar del Climinax COMPRAR EL SHIVAVIT Suplemento Shivajit Nuestro pack esta compuesto por nuestro suplemento Shivajit que tiene una triple acci\u00f3n : 1. Elimina la ansiedad\/estr\u00e9s gracias a sus propiedades adapt\u00f3genas ayudando al sistema nervioso a [&hellip;]<\/p>\n","protected":false},"author":1,"featured_media":0,"parent":0,"menu_order":0,"comment_status":"closed","ping_status":"closed","template":"op_builder_blank","meta":{"footnotes":""},"class_list":["post-4556","page","type-page","status-publish","hentry"],"_links":{"self":[{"href":"https:\/\/tienda-maestria.online\/tienda\/wp-json\/wp\/v2\/pages\/4556","targetHints":{"allow":["GET"]}}],"collection":[{"href":"https:\/\/tienda-maestria.online\/tienda\/wp-json\/wp\/v2\/pages"}],"about":[{"href":"https:\/\/tienda-maestria.online\/tienda\/wp-json\/wp\/v2\/types\/page"}],"author":[{"embeddable":true,"href":"https:\/\/tienda-maestria.online\/tienda\/wp-json\/wp\/v2\/users\/1"}],"replies":[{"embeddable":true,"href":"https:\/\/tienda-maestria.online\/tienda\/wp-json\/wp\/v2\/comments?post=4556"}],"version-history":[{"count":7,"href":"https:\/\/tienda-maestria.online\/tienda\/wp-json\/wp\/v2\/pages\/4556\/revisions"}],"predecessor-version":[{"id":4670,"href":"https:\/\/tienda-maestria.online\/tienda\/wp-json\/wp\/v2\/pages\/4556\/revisions\/4670"}],"wp:attachment":[{"href":"https:\/\/tienda-maestria.online\/tienda\/wp-json\/wp\/v2\/media?parent=4556"}],"curies":[{"name":"wp","href":"https:\/\/api.w.org\/{rel}","templated":true}]}}