{"id":3539,"date":"2022-10-03T15:53:27","date_gmt":"2022-10-03T15:53:27","guid":{"rendered":"https:\/\/tienda-maestria.online\/tienda\/?page_id=3539"},"modified":"2024-12-30T20:24:19","modified_gmt":"2024-12-30T20:24:19","slug":"politica-de-privacidad","status":"publish","type":"page","link":"https:\/\/tienda-maestria.online\/tienda\/politica-de-privacidad\/","title":{"rendered":"POL\u00cdTICA DE PRIVACIDAD"},"content":{"rendered":"<p>Todos nuestros precios estan en USD. Enviamos a todo el mundo<\/p>\n<h2><a href=\"https:\/\/tienda-maestria.online\/tienda\/tienda\/\">&lt; Volver a la tienda<\/a><\/h2>\n<p><a class=\"op3-element__link op3-element-image__link op3-link\" href=\"https:\/\/productosdemaestria.com\/carrito\/\" target=\"_blank\"  data-op-action=\"link\" data-op-select-funnel-step=\"\" data-op3-smooth-scroll=\"0\"><img decoding=\"async\" class=\"op3-element__image op3-element-image__image\" src=\"https:\/\/tienda-maestria.online\/tienda\/wp-content\/uploads\/2022\/10\/Screenshot-2022-10-04-at-16.02.22-300x48.png\" alt=\"\" title=\"\" width=\"387.433\" data-op3-attachment-id=\"3570\" \/><\/a><img loading=\"lazy\" decoding=\"async\" class=\"op3-element__image op3-element-image__image\" src=\"http:\/\/tienda-maestria.online\/tienda\/wp-content\/uploads\/2022\/09\/Screenshot-2020-04-05-at-16.55.13-1-1024x343-1-300x100.png\" alt=\"\" title=\"Screenshot-2020-04-05-at-16.55.13-1-1024x343\" width=\"300\" height=\"100\" data-op3-attachment-id=\"11\" \/><div id=\"op3-element-uJWHh9yy\" class=\"op3-element \" data-op3-uuid=\"uJWHh9yy\" data-op3-gid=\"\" data-op3-element-type=\"treemenu\" data-op3-element-spec=\"\" data-op3-element-caption=\"WP Menu #uJWHh9yy\" data-op-visibility-hidden=\"0\" data-op-element-hidden=\"0\" data-op3-style-id=\"\" data-op3-has-children=\"1\"><div class=\"op3-treemenu-content op3-background-parent\" data-op3-stack-columns-desktop=\"0\" data-op3-stack-columns-tablet=\"1\" data-op3-stack-columns-mobile=\"1\" data-op3-autosize-columns=\"0\" data-op3-menu-name=\"38\" data-op-animation=\"0\"><a aria-label=\"Menu Open\" class=\"op3-hamburger op3-element__tcp--non-a\" href=\"#\" data-op3-treemenu-styling=\"right\"><i class=\"op3-icon op3-icon-menu-34-2\" data-op3-icon=\"op3-icon-menu-34-2\"><svg class=\"op3-icon-svg\" width=\"1em\" height=\"1em\"><use href=\"https:\/\/tienda-maestria.online\/tienda\/wp-content\/plugins\/op-builder\/public\/assets\/cache\/page__3539.icons.svg?ver=1735590259#op3-icons-menu-34-2\" \/><\/svg><\/i><span class=\"op3-text\">Menu<\/span><\/a><a aria-label=\"Menu Close\" class=\"op3-hamburger-close op3-element__tcp--non-a\" href=\"#\"><i class=\"op3-icon op3-icon-simple-remove-2\" data-op3-icon=\"\" aria-label=\"Menu\"><svg class=\"op3-icon-svg\" width=\"1em\" height=\"1em\"><use href=\"https:\/\/tienda-maestria.online\/tienda\/wp-content\/plugins\/op-builder\/public\/assets\/cache\/page__3539.icons.svg?ver=1735590259#op3-icons-simple-remove-2\" \/><\/svg><\/i><span class=\"op3-text\">Close<\/span><\/a><div data-op3-children=\"5\"><div id=\"op3-element-PL0szZRM\" class=\"op3-element \" data-op3-uuid=\"PL0szZRM\" data-op3-gid=\"\" data-op3-element-type=\"treemenuitem\" data-op3-element-spec=\"treemenuitemlvl1\" data-op3-element-caption=\"Menu Item #PL0szZRM\" data-op-visibility-hidden=\"0\" data-op-element-hidden=\"0\" data-op3-style-id=\"\" data-op3-has-children=\"0\" data-op3-width-auto-toggle=\"1\"><div class=\"op3-treemenuitem-content op3-background-parent\" data-op3-menu-item-id=\"3562\"><a aria-label=\"Link\" class=\"op3-treemenuitem-link op3-element__tcp--non-a\" href=\"https:\/\/tienda-maestria.online\/tienda\/\" target=\"_self\"><i class=\"op3-icon op3-icon-link-71-1\" data-op3-icon=\"op3-icon-link-71-1\"><svg class=\"op3-icon-svg\" width=\"1em\" height=\"1em\"><use href=\"https:\/\/tienda-maestria.online\/tienda\/wp-content\/plugins\/op-builder\/public\/assets\/cache\/page__3539.icons.svg?ver=1735590259#op3-icons-link-71-1\" \/><\/svg><\/i><span class=\"op3-text\">INICIO<\/span><i class=\"op3-dropdown-icon op3-icon-small-down\"><svg class=\"op3-icon-svg\" width=\"1em\" height=\"1em\"><use href=\"https:\/\/tienda-maestria.online\/tienda\/wp-content\/plugins\/op-builder\/public\/assets\/cache\/page__3539.icons.svg?ver=1735590259#op3-icons-small-down\" \/><\/svg><\/i><\/a><div class=\"op3-treemenuitem-children-content op3-background-parent\"><div data-op3-children=\"0\"><\/div><div class=\"op3-triangle\"><div class=\"op3-triangle-ratio\"><div class=\"op3-triangle-wrapper\"><\/div><\/div><\/div><div data-op3-background=\"childwrap\"><\/div><\/div><div data-op3-background=\"base\"><\/div><\/div><\/div><div id=\"op3-element-vf53ftds\" class=\"op3-element \" data-op3-uuid=\"vf53ftds\" data-op3-gid=\"\" data-op3-element-type=\"treemenuitem\" data-op3-element-spec=\"treemenuitemlvl1\" data-op3-element-caption=\"Menu Item #vf53ftds\" data-op-visibility-hidden=\"0\" data-op-element-hidden=\"0\" data-op3-style-id=\"\" data-op3-has-children=\"0\" data-op3-width-auto-toggle=\"1\"><div class=\"op3-treemenuitem-content op3-background-parent\" data-op3-menu-item-id=\"3563\"><a aria-label=\"Link\" class=\"op3-treemenuitem-link op3-element__tcp--non-a\" href=\"https:\/\/tienda-maestria.online\/tienda\/tienda\" target=\"_self\"><i class=\"op3-icon op3-icon-link-71-1\" data-op3-icon=\"op3-icon-link-71-1\"><svg class=\"op3-icon-svg\" width=\"1em\" height=\"1em\"><use href=\"https:\/\/tienda-maestria.online\/tienda\/wp-content\/plugins\/op-builder\/public\/assets\/cache\/page__3539.icons.svg?ver=1735590259#op3-icons-link-71-1\" \/><\/svg><\/i><span class=\"op3-text\">TIENDA<\/span><i class=\"op3-dropdown-icon op3-icon-small-down\"><svg class=\"op3-icon-svg\" width=\"1em\" height=\"1em\"><use href=\"https:\/\/tienda-maestria.online\/tienda\/wp-content\/plugins\/op-builder\/public\/assets\/cache\/page__3539.icons.svg?ver=1735590259#op3-icons-small-down\" \/><\/svg><\/i><\/a><div class=\"op3-treemenuitem-children-content op3-background-parent\"><div data-op3-children=\"0\"><\/div><div class=\"op3-triangle\"><div class=\"op3-triangle-ratio\"><div class=\"op3-triangle-wrapper\"><\/div><\/div><\/div><div data-op3-background=\"childwrap\"><\/div><\/div><div data-op3-background=\"base\"><\/div><\/div><\/div><div id=\"op3-element-hDwyxz7Q\" class=\"op3-element \" data-op3-uuid=\"hDwyxz7Q\" data-op3-gid=\"\" data-op3-element-type=\"treemenuitem\" data-op3-element-spec=\"treemenuitemlvl1\" data-op3-element-caption=\"Menu Item #hDwyxz7Q\" data-op-visibility-hidden=\"0\" data-op-element-hidden=\"0\" data-op3-style-id=\"\" data-op3-has-children=\"0\" data-op3-width-auto-toggle=\"1\"><div class=\"op3-treemenuitem-content op3-background-parent\" data-op3-menu-item-id=\"3564\"><a aria-label=\"Link\" class=\"op3-treemenuitem-link op3-element__tcp--non-a\" href=\"https:\/\/tienda-maestria.online\/tienda\/cursos\/\" target=\"_self\"><i class=\"op3-icon op3-icon-link-71-1\" data-op3-icon=\"op3-icon-link-71-1\"><svg class=\"op3-icon-svg\" width=\"1em\" height=\"1em\"><use href=\"https:\/\/tienda-maestria.online\/tienda\/wp-content\/plugins\/op-builder\/public\/assets\/cache\/page__3539.icons.svg?ver=1735590259#op3-icons-link-71-1\" \/><\/svg><\/i><span class=\"op3-text\">CURSOS<\/span><i class=\"op3-dropdown-icon op3-icon-small-down\"><svg class=\"op3-icon-svg\" width=\"1em\" height=\"1em\"><use href=\"https:\/\/tienda-maestria.online\/tienda\/wp-content\/plugins\/op-builder\/public\/assets\/cache\/page__3539.icons.svg?ver=1735590259#op3-icons-small-down\" \/><\/svg><\/i><\/a><div class=\"op3-treemenuitem-children-content op3-background-parent\"><div data-op3-children=\"0\"><\/div><div class=\"op3-triangle\"><div class=\"op3-triangle-ratio\"><div class=\"op3-triangle-wrapper\"><\/div><\/div><\/div><div data-op3-background=\"childwrap\"><\/div><\/div><div data-op3-background=\"base\"><\/div><\/div><\/div><div id=\"op3-element-Z1EkJBM2\" class=\"op3-element \" data-op3-uuid=\"Z1EkJBM2\" data-op3-gid=\"\" data-op3-element-type=\"treemenuitem\" data-op3-element-spec=\"treemenuitemlvl1\" data-op3-element-caption=\"Menu Item #Z1EkJBM2\" data-op-visibility-hidden=\"0\" data-op-element-hidden=\"0\" data-op3-style-id=\"\" data-op3-has-children=\"0\" data-op3-width-auto-toggle=\"1\"><div class=\"op3-treemenuitem-content op3-background-parent\" data-op3-menu-item-id=\"3565\"><a aria-label=\"Link\" class=\"op3-treemenuitem-link op3-element__tcp--non-a\" href=\"https:\/\/tienda-maestria.online\/tienda\/indispensables\/\" target=\"_self\"><i class=\"op3-icon op3-icon-link-71-1\" data-op3-icon=\"op3-icon-link-71-1\"><svg class=\"op3-icon-svg\" width=\"1em\" height=\"1em\"><use href=\"https:\/\/tienda-maestria.online\/tienda\/wp-content\/plugins\/op-builder\/public\/assets\/cache\/page__3539.icons.svg?ver=1735590259#op3-icons-link-71-1\" \/><\/svg><\/i><span class=\"op3-text\">INDISPENSABLES<\/span><i class=\"op3-dropdown-icon op3-icon-small-down\"><svg class=\"op3-icon-svg\" width=\"1em\" height=\"1em\"><use href=\"https:\/\/tienda-maestria.online\/tienda\/wp-content\/plugins\/op-builder\/public\/assets\/cache\/page__3539.icons.svg?ver=1735590259#op3-icons-small-down\" \/><\/svg><\/i><\/a><div class=\"op3-treemenuitem-children-content op3-background-parent\"><div data-op3-children=\"0\"><\/div><div class=\"op3-triangle\"><div class=\"op3-triangle-ratio\"><div class=\"op3-triangle-wrapper\"><\/div><\/div><\/div><div data-op3-background=\"childwrap\"><\/div><\/div><div data-op3-background=\"base\"><\/div><\/div><\/div><div id=\"op3-element-zfEem3fR\" class=\"op3-element \" data-op3-uuid=\"zfEem3fR\" data-op3-gid=\"\" data-op3-element-type=\"treemenuitem\" data-op3-element-spec=\"treemenuitemlvl1\" data-op3-element-caption=\"Menu Item #zfEem3fR\" data-op-visibility-hidden=\"0\" data-op-element-hidden=\"0\" data-op3-style-id=\"\" data-op3-has-children=\"0\" data-op3-width-auto-toggle=\"1\"><div class=\"op3-treemenuitem-content op3-background-parent\" data-op3-menu-item-id=\"3566\"><a aria-label=\"Link\" class=\"op3-treemenuitem-link op3-element__tcp--non-a\" href=\"https:\/\/tienda-maestria.online\/tienda\/contacto\/\" target=\"_self\"><i class=\"op3-icon op3-icon-link-71-1\" data-op3-icon=\"op3-icon-link-71-1\"><svg class=\"op3-icon-svg\" width=\"1em\" height=\"1em\"><use href=\"https:\/\/tienda-maestria.online\/tienda\/wp-content\/plugins\/op-builder\/public\/assets\/cache\/page__3539.icons.svg?ver=1735590259#op3-icons-link-71-1\" \/><\/svg><\/i><span class=\"op3-text\">CONTACTO<\/span><i class=\"op3-dropdown-icon op3-icon-small-down\"><svg class=\"op3-icon-svg\" width=\"1em\" height=\"1em\"><use href=\"https:\/\/tienda-maestria.online\/tienda\/wp-content\/plugins\/op-builder\/public\/assets\/cache\/page__3539.icons.svg?ver=1735590259#op3-icons-small-down\" \/><\/svg><\/i><\/a><div class=\"op3-treemenuitem-children-content op3-background-parent\"><div data-op3-children=\"0\"><\/div><div class=\"op3-triangle\"><div class=\"op3-triangle-ratio\"><div class=\"op3-triangle-wrapper\"><\/div><\/div><\/div><div data-op3-background=\"childwrap\"><\/div><\/div><div data-op3-background=\"base\"><\/div><\/div><\/div><\/div><div class=\"op3-triangle\"><div class=\"op3-triangle-ratio\"><div class=\"op3-triangle-wrapper\"><\/div><\/div><\/div><\/div><\/div><\/p>\n<h1 style=\"text-align: center;\">POL\u00cdTICA DE PRIVACIDAD<\/h1>\n<\/p>\n<p>El presente Pol\u00edtica de Privacidad establece los t\u00e9rminos en que<br \/>\nTiendaMaestria.com usa y protege la informaci\u00f3n que es proporcionada por<br \/>\n sus usuarios al momento de utilizar su sitio web. Esta compa\u00f1\u00eda est\u00e1<br \/>\ncomprometida con la seguridad de los datos de sus usuarios. Cuando le<br \/>\npedimos llenar los campos de informaci\u00f3n personal con la cual usted<br \/>\npueda ser identificado, lo hacemos asegurando que s\u00f3lo se emplear\u00e1 de<br \/>\nacuerdo con los t\u00e9rminos de este documento. Sin embargo esta Pol\u00edtica de<br \/>\n Privacidad puede cambiar con el tiempo o ser actualizada por lo que le<br \/>\nrecomendamos y enfatizamos revisar continuamente esta p\u00e1gina para<br \/>\nasegurarse que est\u00e1 de acuerdo con dichos cambios.<\/p>\n<\/p>\n<p>Informaci\u00f3n que es recogida<\/p>\n<\/p>\n<p>Nuestro sitio web podr\u00e1 recoger informaci\u00f3n personal por ejemplo:<br \/>\nNombre,&nbsp; informaci\u00f3n de contacto como&nbsp; su direcci\u00f3n de correo<br \/>\nelectr\u00f3nica e informaci\u00f3n demogr\u00e1fica. As\u00ed mismo cuando sea necesario<br \/>\npodr\u00e1 ser requerida informaci\u00f3n espec\u00edfica para procesar alg\u00fan pedido o<br \/>\nrealizar una entrega o facturaci\u00f3n.<\/p>\n<\/p>\n<p>Uso de la informaci\u00f3n recogida<\/p>\n<\/p>\n<p>Nuestro sitio web emplea la informaci\u00f3n con el fin de proporcionar el<br \/>\n mejor servicio posible, particularmente para mantener un registro de<br \/>\nusuarios, de pedidos en caso que aplique, y mejorar nuestros productos y<br \/>\n servicios. &nbsp;Es posible que sean enviados correos electr\u00f3nicos<br \/>\nperi\u00f3dicamente a trav\u00e9s de nuestro sitio con ofertas especiales, nuevos<br \/>\nproductos y otra informaci\u00f3n publicitaria que consideremos relevante<br \/>\npara usted o que pueda brindarle alg\u00fan beneficio, estos correos<br \/>\nelectr\u00f3nicos ser\u00e1n enviados a la direcci\u00f3n que usted proporcione y<br \/>\npodr\u00e1n ser cancelados en cualquier momento.<\/p>\n<\/p>\n<p>TiendaMaestria.com est\u00e1 altamente comprometido para cumplir con el<br \/>\ncompromiso de mantener su informaci\u00f3n segura. Usamos los sistemas m\u00e1s<br \/>\navanzados y los actualizamos constantemente para asegurarnos que no<br \/>\nexista ning\u00fan acceso no autorizado.<\/p>\n<\/p>\n<p>Cookies<\/p>\n<\/p>\n<p>Una cookie se refiere a un fichero que es enviado con la finalidad de<br \/>\n solicitar permiso para almacenarse en su ordenador, al aceptar dicho<br \/>\nfichero se crea y la cookie sirve entonces para tener informaci\u00f3n<br \/>\nrespecto al tr\u00e1fico web, y tambi\u00e9n facilita las futuras visitas a una<br \/>\nweb recurrente. Otra funci\u00f3n que tienen las cookies es que con ellas las<br \/>\n web pueden reconocerte individualmente y por tanto brindarte el mejor<br \/>\nservicio personalizado de su web.<\/p>\n<\/p>\n<p>Nuestro sitio web emplea las cookies para poder identificar las<br \/>\np\u00e1ginas que son visitadas y su frecuencia. Esta informaci\u00f3n es empleada<br \/>\n\u00fanicamente para an\u00e1lisis estad\u00edstico y despu\u00e9s la informaci\u00f3n se elimina<br \/>\n de forma permanente. Usted puede eliminar las cookies en cualquier<br \/>\nmomento desde su ordenador. Sin embargo las cookies ayudan a<br \/>\nproporcionar un mejor servicio de los sitios web, est\u00e1s no dan acceso a<br \/>\ninformaci\u00f3n de su ordenador ni de usted, a menos de que usted as\u00ed lo<br \/>\nquiera y la proporcione directamente,&nbsp;visitas a una web&nbsp;. Usted puede<br \/>\naceptar o negar el uso de cookies, sin embargo la mayor\u00eda de navegadores<br \/>\n aceptan cookies autom\u00e1ticamente pues sirve para tener un mejor servicio<br \/>\n web. Tambi\u00e9n usted puede cambiar la configuraci\u00f3n de su ordenador para<br \/>\ndeclinar las cookies. Si se declinan es posible que no pueda utilizar<br \/>\nalgunos de nuestros servicios.<\/p>\n<\/p>\n<p>Enlaces a Terceros<\/p>\n<\/p>\n<p>Este sitio web pudiera contener en laces a otros sitios que pudieran<br \/>\nser de su inter\u00e9s. Una vez que usted de clic en estos enlaces y abandone<br \/>\n nuestra p\u00e1gina, ya no tenemos control sobre al sitio al que es<br \/>\nredirigido y por lo tanto no somos responsables de los t\u00e9rminos o<br \/>\nprivacidad ni de la protecci\u00f3n de sus datos en esos otros sitios<br \/>\nterceros. Dichos sitios est\u00e1n sujetos a sus propias pol\u00edticas de<br \/>\nprivacidad por lo cual es recomendable que los consulte para confirmar<br \/>\nque usted est\u00e1 de acuerdo con estas.<\/p>\n<\/p>\n<p>Control de su informaci\u00f3n personal<\/p>\n<\/p>\n<p>En cualquier momento usted puede restringir la recopilaci\u00f3n o el uso<br \/>\nde la informaci\u00f3n personal que es proporcionada a nuestro sitio web.&nbsp;<br \/>\nCada vez que se le solicite rellenar un formulario, como el de alta de<br \/>\nusuario, puede marcar o desmarcar la opci\u00f3n de recibir informaci\u00f3n por<br \/>\ncorreo electr\u00f3nico. &nbsp;En caso de que haya marcado la opci\u00f3n de recibir<br \/>\nnuestro bolet\u00edn o publicidad usted puede cancelarla en cualquier<br \/>\nmomento.<\/p>\n<\/p>\n<p>Esta compa\u00f1\u00eda no vender\u00e1, ceder\u00e1 ni distribuir\u00e1 la informaci\u00f3n<br \/>\npersonal que es recopilada sin su consentimiento, salvo que sea<br \/>\nrequerido por un juez con un orden judicial.<\/p>\n<\/p>\n<p>TiendaMaestria.com Se reserva el derecho de cambiar los t\u00e9rminos de la presente Pol\u00edtica de Privacidad en cualquier momento.<\/p>\n<\/p>\n<p>maestria sexual<\/p>\n<p>AYUDA<\/p>\n<p><a href=\"https:\/\/maestriasexual.com\/blog\" class=\"op3-list-menu-link\">BLOG<\/a><a href=\"https:\/\/tienda-maestria.online\/tienda\/#op3-element-7etnB4Qp\" class=\"op3-list-menu-link\">FAQ<\/a><a href=\"https:\/\/maestriasexual.es\/tienda\/afiliados\/\" class=\"op3-list-menu-link\">AFILIADOS<\/a><a href=\"https:\/\/tienda-maestria.online\/tienda\/politica-de-devolucion\/\" class=\"op3-list-menu-link\">POL\u00cdTICA DE REEMBOLSO<\/a><a href=\"https:\/\/tienda-maestria.online\/tienda\/politica-de-privacidad\/\" class=\"op3-list-menu-link\">POL\u00cdTICA DE PRIVACIDAD<\/a><\/p>\n<p>SUSCR\u00cdBETE PARA ACCEDER A OFERTAS ESPECIALES<\/p>\n<p><a href=\"#\" class=\"op3-link op3-background-ancestor\" target=\"_self\"  data-op-action=\"link\" data-op-select-funnel-step=\"\" data-op3-smooth-scroll=\"\" data-op-effect-style=\"\" data-op-effect-style-hover=\"\" data-op-courseaction=\"\">SUSCR\u00cdBETE<\/a><\/p>\n<p>\u00a9 2014-2025&nbsp; Maestria Sexual. Todos los derechos reservados.<\/p>\n<\/p>\n<p><a class=\"op3-element__link op3-element-icon__link op3-link\" href=\"https:\/\/www.facebook.com\/luigidomenico11\/\" target=\"_blank\"  data-op-action=\"\" data-op-select-funnel-step=\"\" data-op3-smooth-scroll=\"\"><\/a><a class=\"op3-element__link op3-element-icon__link op3-link\" href=\"https:\/\/www.tiktok.com\/@luigidomenico2\" target=\"_blank\"  data-op-action=\"\" data-op-select-funnel-step=\"\" data-op3-smooth-scroll=\"\"><\/a><a class=\"op3-element__link op3-element-icon__link op3-link\" href=\"https:\/\/www.youtube.com\/user\/conquistaraunachica1\" target=\"_blank\"  data-op-action=\"\" data-op-select-funnel-step=\"\" data-op3-smooth-scroll=\"\"><\/a><\/p>\n","protected":false},"excerpt":{"rendered":"<p>Todos nuestros precios estan en USD. Enviamos a todo el mundo &lt; Volver a la tienda POL\u00cdTICA DE PRIVACIDAD El presente Pol\u00edtica de Privacidad establece los t\u00e9rminos en que TiendaMaestria.com usa y protege la informaci\u00f3n que es proporcionada por sus usuarios al momento de utilizar su sitio web. Esta compa\u00f1\u00eda est\u00e1 comprometida con la seguridad [&hellip;]<\/p>\n","protected":false},"author":1,"featured_media":0,"parent":0,"menu_order":0,"comment_status":"open","ping_status":"closed","template":"op_builder_blank","meta":{"footnotes":""},"class_list":["post-3539","page","type-page","status-publish","hentry"],"_links":{"self":[{"href":"https:\/\/tienda-maestria.online\/tienda\/wp-json\/wp\/v2\/pages\/3539","targetHints":{"allow":["GET"]}}],"collection":[{"href":"https:\/\/tienda-maestria.online\/tienda\/wp-json\/wp\/v2\/pages"}],"about":[{"href":"https:\/\/tienda-maestria.online\/tienda\/wp-json\/wp\/v2\/types\/page"}],"author":[{"embeddable":true,"href":"https:\/\/tienda-maestria.online\/tienda\/wp-json\/wp\/v2\/users\/1"}],"replies":[{"embeddable":true,"href":"https:\/\/tienda-maestria.online\/tienda\/wp-json\/wp\/v2\/comments?post=3539"}],"version-history":[{"count":12,"href":"https:\/\/tienda-maestria.online\/tienda\/wp-json\/wp\/v2\/pages\/3539\/revisions"}],"predecessor-version":[{"id":4679,"href":"https:\/\/tienda-maestria.online\/tienda\/wp-json\/wp\/v2\/pages\/3539\/revisions\/4679"}],"wp:attachment":[{"href":"https:\/\/tienda-maestria.online\/tienda\/wp-json\/wp\/v2\/media?parent=3539"}],"curies":[{"name":"wp","href":"https:\/\/api.w.org\/{rel}","templated":true}]}}