{"id":3536,"date":"2022-10-03T15:51:56","date_gmt":"2022-10-03T15:51:56","guid":{"rendered":"https:\/\/tienda-maestria.online\/tienda\/?page_id=3536"},"modified":"2024-12-30T20:23:46","modified_gmt":"2024-12-30T20:23:46","slug":"politica-de-devolucion","status":"publish","type":"page","link":"https:\/\/tienda-maestria.online\/tienda\/politica-de-devolucion\/","title":{"rendered":"POL\u00cdTICA DE DEVOLUCION"},"content":{"rendered":"<p>Todos nuestros precios estan en USD. Enviamos a todo el mundo<\/p>\n<h2><a href=\"https:\/\/tienda-maestria.online\/tienda\/tienda\/\">&lt; Volver a la tienda<\/a><\/h2>\n<p><a class=\"op3-element__link op3-element-image__link op3-link\" href=\"https:\/\/productosdemaestria.com\/carrito\/\" target=\"_self\"  data-op-action=\"link\" data-op-select-funnel-step=\"\" data-op3-smooth-scroll=\"0\"><img decoding=\"async\" class=\"op3-element__image op3-element-image__image\" src=\"https:\/\/tienda-maestria.online\/tienda\/wp-content\/uploads\/2022\/10\/Screenshot-2022-10-04-at-16.02.22-300x48.png\" alt=\"\" title=\"Screenshot 2022-10-04 at 16.02.22\" width=\"387.433\" data-op3-attachment-id=\"3570\" \/><\/a><img loading=\"lazy\" decoding=\"async\" class=\"op3-element__image op3-element-image__image\" src=\"http:\/\/tienda-maestria.online\/tienda\/wp-content\/uploads\/2022\/09\/Screenshot-2020-04-05-at-16.55.13-1-1024x343-1-300x100.png\" alt=\"\" title=\"Screenshot-2020-04-05-at-16.55.13-1-1024x343\" width=\"300\" height=\"100\" data-op3-attachment-id=\"11\" \/><div id=\"op3-element-uJWHh9yy\" class=\"op3-element \" data-op3-uuid=\"uJWHh9yy\" data-op3-gid=\"\" data-op3-element-type=\"treemenu\" data-op3-element-spec=\"\" data-op3-element-caption=\"WP Menu #uJWHh9yy\" data-op-visibility-hidden=\"0\" data-op-element-hidden=\"0\" data-op3-style-id=\"\" data-op3-has-children=\"1\"><div class=\"op3-treemenu-content op3-background-parent\" data-op3-stack-columns-desktop=\"0\" data-op3-stack-columns-tablet=\"1\" data-op3-stack-columns-mobile=\"1\" data-op3-autosize-columns=\"0\" data-op3-menu-name=\"38\" data-op-animation=\"0\"><a aria-label=\"Menu Open\" class=\"op3-hamburger op3-element__tcp--non-a\" href=\"#\" data-op3-treemenu-styling=\"right\"><i class=\"op3-icon op3-icon-menu-34-2\" data-op3-icon=\"op3-icon-menu-34-2\"><svg class=\"op3-icon-svg\" width=\"1em\" height=\"1em\"><use href=\"https:\/\/tienda-maestria.online\/tienda\/wp-content\/plugins\/op-builder\/public\/assets\/cache\/page__3536.icons.svg?ver=1735590226#op3-icons-menu-34-2\" \/><\/svg><\/i><span class=\"op3-text\">Menu<\/span><\/a><a aria-label=\"Menu Close\" class=\"op3-hamburger-close op3-element__tcp--non-a\" href=\"#\"><i class=\"op3-icon op3-icon-simple-remove-2\" data-op3-icon=\"\" aria-label=\"Menu\"><svg class=\"op3-icon-svg\" width=\"1em\" height=\"1em\"><use href=\"https:\/\/tienda-maestria.online\/tienda\/wp-content\/plugins\/op-builder\/public\/assets\/cache\/page__3536.icons.svg?ver=1735590226#op3-icons-simple-remove-2\" \/><\/svg><\/i><span class=\"op3-text\">Close<\/span><\/a><div data-op3-children=\"5\"><div id=\"op3-element-tExhJMpE\" class=\"op3-element \" data-op3-uuid=\"tExhJMpE\" data-op3-gid=\"\" data-op3-element-type=\"treemenuitem\" data-op3-element-spec=\"treemenuitemlvl1\" data-op3-element-caption=\"Menu Item #tExhJMpE\" data-op-visibility-hidden=\"0\" data-op-element-hidden=\"0\" data-op3-style-id=\"\" data-op3-has-children=\"0\" data-op3-width-auto-toggle=\"1\"><div class=\"op3-treemenuitem-content op3-background-parent\" data-op3-menu-item-id=\"3562\"><a aria-label=\"Link\" class=\"op3-treemenuitem-link op3-element__tcp--non-a\" href=\"https:\/\/tienda-maestria.online\/tienda\/\" target=\"_self\"><i class=\"op3-icon op3-icon-link-71-1\" data-op3-icon=\"op3-icon-link-71-1\"><svg class=\"op3-icon-svg\" width=\"1em\" height=\"1em\"><use href=\"https:\/\/tienda-maestria.online\/tienda\/wp-content\/plugins\/op-builder\/public\/assets\/cache\/page__3536.icons.svg?ver=1735590226#op3-icons-link-71-1\" \/><\/svg><\/i><span class=\"op3-text\">INICIO<\/span><i class=\"op3-dropdown-icon op3-icon-small-down\"><svg class=\"op3-icon-svg\" width=\"1em\" height=\"1em\"><use href=\"https:\/\/tienda-maestria.online\/tienda\/wp-content\/plugins\/op-builder\/public\/assets\/cache\/page__3536.icons.svg?ver=1735590226#op3-icons-small-down\" \/><\/svg><\/i><\/a><div class=\"op3-treemenuitem-children-content op3-background-parent\"><div data-op3-children=\"0\"><\/div><div class=\"op3-triangle\"><div class=\"op3-triangle-ratio\"><div class=\"op3-triangle-wrapper\"><\/div><\/div><\/div><div data-op3-background=\"childwrap\"><\/div><\/div><div data-op3-background=\"base\"><\/div><\/div><\/div><div id=\"op3-element-guwDBRKC\" class=\"op3-element \" data-op3-uuid=\"guwDBRKC\" data-op3-gid=\"\" data-op3-element-type=\"treemenuitem\" data-op3-element-spec=\"treemenuitemlvl1\" data-op3-element-caption=\"Menu Item #guwDBRKC\" data-op-visibility-hidden=\"0\" data-op-element-hidden=\"0\" data-op3-style-id=\"\" data-op3-has-children=\"0\" data-op3-width-auto-toggle=\"1\"><div class=\"op3-treemenuitem-content op3-background-parent\" data-op3-menu-item-id=\"3563\"><a aria-label=\"Link\" class=\"op3-treemenuitem-link op3-element__tcp--non-a\" href=\"https:\/\/tienda-maestria.online\/tienda\/tienda\" target=\"_self\"><i class=\"op3-icon op3-icon-link-71-1\" data-op3-icon=\"op3-icon-link-71-1\"><svg class=\"op3-icon-svg\" width=\"1em\" height=\"1em\"><use href=\"https:\/\/tienda-maestria.online\/tienda\/wp-content\/plugins\/op-builder\/public\/assets\/cache\/page__3536.icons.svg?ver=1735590226#op3-icons-link-71-1\" \/><\/svg><\/i><span class=\"op3-text\">TIENDA<\/span><i class=\"op3-dropdown-icon op3-icon-small-down\"><svg class=\"op3-icon-svg\" width=\"1em\" height=\"1em\"><use href=\"https:\/\/tienda-maestria.online\/tienda\/wp-content\/plugins\/op-builder\/public\/assets\/cache\/page__3536.icons.svg?ver=1735590226#op3-icons-small-down\" \/><\/svg><\/i><\/a><div class=\"op3-treemenuitem-children-content op3-background-parent\"><div data-op3-children=\"0\"><\/div><div class=\"op3-triangle\"><div class=\"op3-triangle-ratio\"><div class=\"op3-triangle-wrapper\"><\/div><\/div><\/div><div data-op3-background=\"childwrap\"><\/div><\/div><div data-op3-background=\"base\"><\/div><\/div><\/div><div id=\"op3-element-tG0jIgBo\" class=\"op3-element \" data-op3-uuid=\"tG0jIgBo\" data-op3-gid=\"\" data-op3-element-type=\"treemenuitem\" data-op3-element-spec=\"treemenuitemlvl1\" data-op3-element-caption=\"Menu Item #tG0jIgBo\" data-op-visibility-hidden=\"0\" data-op-element-hidden=\"0\" data-op3-style-id=\"\" data-op3-has-children=\"0\" data-op3-width-auto-toggle=\"1\"><div class=\"op3-treemenuitem-content op3-background-parent\" data-op3-menu-item-id=\"3564\"><a aria-label=\"Link\" class=\"op3-treemenuitem-link op3-element__tcp--non-a\" href=\"https:\/\/tienda-maestria.online\/tienda\/cursos\/\" target=\"_self\"><i class=\"op3-icon op3-icon-link-71-1\" data-op3-icon=\"op3-icon-link-71-1\"><svg class=\"op3-icon-svg\" width=\"1em\" height=\"1em\"><use href=\"https:\/\/tienda-maestria.online\/tienda\/wp-content\/plugins\/op-builder\/public\/assets\/cache\/page__3536.icons.svg?ver=1735590226#op3-icons-link-71-1\" \/><\/svg><\/i><span class=\"op3-text\">CURSOS<\/span><i class=\"op3-dropdown-icon op3-icon-small-down\"><svg class=\"op3-icon-svg\" width=\"1em\" height=\"1em\"><use href=\"https:\/\/tienda-maestria.online\/tienda\/wp-content\/plugins\/op-builder\/public\/assets\/cache\/page__3536.icons.svg?ver=1735590226#op3-icons-small-down\" \/><\/svg><\/i><\/a><div class=\"op3-treemenuitem-children-content op3-background-parent\"><div data-op3-children=\"0\"><\/div><div class=\"op3-triangle\"><div class=\"op3-triangle-ratio\"><div class=\"op3-triangle-wrapper\"><\/div><\/div><\/div><div data-op3-background=\"childwrap\"><\/div><\/div><div data-op3-background=\"base\"><\/div><\/div><\/div><div id=\"op3-element-NOed40vg\" class=\"op3-element \" data-op3-uuid=\"NOed40vg\" data-op3-gid=\"\" data-op3-element-type=\"treemenuitem\" data-op3-element-spec=\"treemenuitemlvl1\" data-op3-element-caption=\"Menu Item #NOed40vg\" data-op-visibility-hidden=\"0\" data-op-element-hidden=\"0\" data-op3-style-id=\"\" data-op3-has-children=\"0\" data-op3-width-auto-toggle=\"1\"><div class=\"op3-treemenuitem-content op3-background-parent\" data-op3-menu-item-id=\"3565\"><a aria-label=\"Link\" class=\"op3-treemenuitem-link op3-element__tcp--non-a\" href=\"https:\/\/tienda-maestria.online\/tienda\/indispensables\/\" target=\"_self\"><i class=\"op3-icon op3-icon-link-71-1\" data-op3-icon=\"op3-icon-link-71-1\"><svg class=\"op3-icon-svg\" width=\"1em\" height=\"1em\"><use href=\"https:\/\/tienda-maestria.online\/tienda\/wp-content\/plugins\/op-builder\/public\/assets\/cache\/page__3536.icons.svg?ver=1735590226#op3-icons-link-71-1\" \/><\/svg><\/i><span class=\"op3-text\">INDISPENSABLES<\/span><i class=\"op3-dropdown-icon op3-icon-small-down\"><svg class=\"op3-icon-svg\" width=\"1em\" height=\"1em\"><use href=\"https:\/\/tienda-maestria.online\/tienda\/wp-content\/plugins\/op-builder\/public\/assets\/cache\/page__3536.icons.svg?ver=1735590226#op3-icons-small-down\" \/><\/svg><\/i><\/a><div class=\"op3-treemenuitem-children-content op3-background-parent\"><div data-op3-children=\"0\"><\/div><div class=\"op3-triangle\"><div class=\"op3-triangle-ratio\"><div class=\"op3-triangle-wrapper\"><\/div><\/div><\/div><div data-op3-background=\"childwrap\"><\/div><\/div><div data-op3-background=\"base\"><\/div><\/div><\/div><div id=\"op3-element-6TOhxiTg\" class=\"op3-element \" data-op3-uuid=\"6TOhxiTg\" data-op3-gid=\"\" data-op3-element-type=\"treemenuitem\" data-op3-element-spec=\"treemenuitemlvl1\" data-op3-element-caption=\"Menu Item #6TOhxiTg\" data-op-visibility-hidden=\"0\" data-op-element-hidden=\"0\" data-op3-style-id=\"\" data-op3-has-children=\"0\" data-op3-width-auto-toggle=\"1\"><div class=\"op3-treemenuitem-content op3-background-parent\" data-op3-menu-item-id=\"3566\"><a aria-label=\"Link\" class=\"op3-treemenuitem-link op3-element__tcp--non-a\" href=\"https:\/\/tienda-maestria.online\/tienda\/contacto\/\" target=\"_self\"><i class=\"op3-icon op3-icon-link-71-1\" data-op3-icon=\"op3-icon-link-71-1\"><svg class=\"op3-icon-svg\" width=\"1em\" height=\"1em\"><use href=\"https:\/\/tienda-maestria.online\/tienda\/wp-content\/plugins\/op-builder\/public\/assets\/cache\/page__3536.icons.svg?ver=1735590226#op3-icons-link-71-1\" \/><\/svg><\/i><span class=\"op3-text\">CONTACTO<\/span><i class=\"op3-dropdown-icon op3-icon-small-down\"><svg class=\"op3-icon-svg\" width=\"1em\" height=\"1em\"><use href=\"https:\/\/tienda-maestria.online\/tienda\/wp-content\/plugins\/op-builder\/public\/assets\/cache\/page__3536.icons.svg?ver=1735590226#op3-icons-small-down\" \/><\/svg><\/i><\/a><div class=\"op3-treemenuitem-children-content op3-background-parent\"><div data-op3-children=\"0\"><\/div><div class=\"op3-triangle\"><div class=\"op3-triangle-ratio\"><div class=\"op3-triangle-wrapper\"><\/div><\/div><\/div><div data-op3-background=\"childwrap\"><\/div><\/div><div data-op3-background=\"base\"><\/div><\/div><\/div><\/div><div class=\"op3-triangle\"><div class=\"op3-triangle-ratio\"><div class=\"op3-triangle-wrapper\"><\/div><\/div><\/div><\/div><\/div><\/p>\n<h1 style=\"text-align: center;\">POL\u00cdTICA DE DEVOLUCI\u00d3N<\/h1>\n<\/p>\n<h3><\/h3>\n<\/p>\n<h3>Extrav\u00edos<\/h3>\n<\/p>\n<p>En caso de cualquier extrav\u00edo, nos esperaremos un total de 65 d\u00edas<br \/>\nantes de hacerte la devoluci\u00f3n o enviarte nuevamente el producto<br \/>\n(elecci\u00f3n del cliente).<\/p>\n<\/p>\n<p>Se te realizar\u00e1 la devoluci\u00f3n a trav\u00e9s del mismo medio desde el cual pagastes<\/p>\n<\/p>\n<p>No realizaremos la devoluci\u00f3n si el rastreo muestra que el paquete ha<br \/>\n sido recibido con \u00e9xito o si el cliente abre una disputa en Paypal (ya<br \/>\nque entonces se nos congelan los fondos y hay que esperar mucho tiempo<br \/>\nantes de que Paypal tome alguna decisi\u00f3n)<\/p>\n<\/p>\n<h3>Cambios<\/h3>\n<\/p>\n<p>Nos reservamos el derecho de realizar cambios si el cliente se ha<br \/>\nequivocado a la hora de pedir el producto o la talla. En caso de que<br \/>\naceptemos el cambio, el cliente tendr\u00e1 que pagar todos los gastos de<br \/>\nenv\u00edo (la devoluci\u00f3n del producto que quiere cambiar, y el env\u00edo del<br \/>\nnuevo producto)<\/p>\n<\/p>\n<h3>Garant\u00eda<\/h3>\n<\/p>\n<p>Todos los productos tienen una garant\u00eda de 2 a\u00f1os siempre que se trate de un&nbsp;defecto de f\u00e1brica.<\/p>\n<\/p>\n<p>La garant\u00eda no cubre roturas o defectos ocasionados por el uso.<\/p>\n<\/p>\n<h3>Devoluci\u00f3n<\/h3>\n<\/p>\n<p>Por la \u00edndole de la mayor\u00eda de nuestros productos, no aceptamos<br \/>\ndevoluciones (no podemos volver a revender productos que han estado en<br \/>\ncontacto con partes genitales)<\/p>\n<\/p>\n<p>Esto NO se aplica al : Bathmate, Anillo de Dios \u00f3 el Pack Anti EP. Estos productos tienen opci\u00f3n de devoluci\u00f3n el caso de que no estes satisfecho.<\/p>\n<p>maestria sexual<\/p>\n<p>AYUDA<\/p>\n<p><a href=\"https:\/\/maestriasexual.com\/blog\" class=\"op3-list-menu-link\">BLOG<\/a><a href=\"https:\/\/tienda-maestria.online\/tienda\/#op3-element-7etnB4Qp\" class=\"op3-list-menu-link\">FAQ<\/a><a href=\"https:\/\/maestriasexual.es\/tienda\/afiliados\/\" class=\"op3-list-menu-link\">AFILIADOS<\/a><a href=\"https:\/\/tienda-maestria.online\/tienda\/politica-de-devolucion\/\" class=\"op3-list-menu-link\">POL\u00cdTICA DE REEMBOLSO<\/a><a href=\"https:\/\/tienda-maestria.online\/tienda\/politica-de-privacidad\/\" class=\"op3-list-menu-link\">POL\u00cdTICA DE PRIVACIDAD<\/a><\/p>\n<p>SUSCR\u00cdBETE PARA ACCEDER A OFERTAS ESPECIALES<\/p>\n<p><a href=\"#\" class=\"op3-link op3-background-ancestor\" target=\"_self\"  data-op-action=\"link\" data-op-select-funnel-step=\"\" data-op3-smooth-scroll=\"\" data-op-effect-style=\"\" data-op-effect-style-hover=\"\" data-op-courseaction=\"\">SUSCR\u00cdBETE<\/a><\/p>\n<p>\u00a9 2014-2025&nbsp; Maestria Sexual. Todos los derechos reservados.<\/p>\n<\/p>\n<p><a class=\"op3-element__link op3-element-icon__link op3-link\" href=\"https:\/\/www.facebook.com\/luigidomenico11\/\" target=\"_blank\"  data-op-action=\"\" data-op-select-funnel-step=\"\" data-op3-smooth-scroll=\"\"><\/a><a class=\"op3-element__link op3-element-icon__link op3-link\" href=\"https:\/\/www.tiktok.com\/@luigidomenico2\" target=\"_blank\"  data-op-action=\"\" data-op-select-funnel-step=\"\" data-op3-smooth-scroll=\"\"><\/a><a class=\"op3-element__link op3-element-icon__link op3-link\" href=\"https:\/\/www.youtube.com\/user\/conquistaraunachica1\" target=\"_blank\"  data-op-action=\"\" data-op-select-funnel-step=\"\" data-op3-smooth-scroll=\"\"><\/a><\/p>\n","protected":false},"excerpt":{"rendered":"<p>Todos nuestros precios estan en USD. Enviamos a todo el mundo &lt; Volver a la tienda POL\u00cdTICA DE DEVOLUCI\u00d3N Extrav\u00edos En caso de cualquier extrav\u00edo, nos esperaremos un total de 65 d\u00edas antes de hacerte la devoluci\u00f3n o enviarte nuevamente el producto (elecci\u00f3n del cliente). Se te realizar\u00e1 la devoluci\u00f3n a trav\u00e9s del mismo medio [&hellip;]<\/p>\n","protected":false},"author":1,"featured_media":0,"parent":0,"menu_order":0,"comment_status":"open","ping_status":"closed","template":"op_builder_blank","meta":{"footnotes":""},"class_list":["post-3536","page","type-page","status-publish","hentry"],"_links":{"self":[{"href":"https:\/\/tienda-maestria.online\/tienda\/wp-json\/wp\/v2\/pages\/3536","targetHints":{"allow":["GET"]}}],"collection":[{"href":"https:\/\/tienda-maestria.online\/tienda\/wp-json\/wp\/v2\/pages"}],"about":[{"href":"https:\/\/tienda-maestria.online\/tienda\/wp-json\/wp\/v2\/types\/page"}],"author":[{"embeddable":true,"href":"https:\/\/tienda-maestria.online\/tienda\/wp-json\/wp\/v2\/users\/1"}],"replies":[{"embeddable":true,"href":"https:\/\/tienda-maestria.online\/tienda\/wp-json\/wp\/v2\/comments?post=3536"}],"version-history":[{"count":9,"href":"https:\/\/tienda-maestria.online\/tienda\/wp-json\/wp\/v2\/pages\/3536\/revisions"}],"predecessor-version":[{"id":4678,"href":"https:\/\/tienda-maestria.online\/tienda\/wp-json\/wp\/v2\/pages\/3536\/revisions\/4678"}],"wp:attachment":[{"href":"https:\/\/tienda-maestria.online\/tienda\/wp-json\/wp\/v2\/media?parent=3536"}],"curies":[{"name":"wp","href":"https:\/\/api.w.org\/{rel}","templated":true}]}}