{"id":3418,"date":"2022-10-02T14:16:58","date_gmt":"2022-10-02T14:16:58","guid":{"rendered":"https:\/\/tienda-maestria.online\/tienda\/?page_id=3418"},"modified":"2025-11-17T16:31:42","modified_gmt":"2025-11-17T16:31:42","slug":"indispensables","status":"publish","type":"page","link":"https:\/\/tienda-maestria.online\/tienda\/indispensables\/","title":{"rendered":"INDISPENSABLES"},"content":{"rendered":"<p>Todos nuestros precios estan en USD. Enviamos a todo el mundo<\/p>\n<h2><a href=\"https:\/\/tienda-maestria.online\/tienda\/tienda\">&lt; Volver a la tienda<\/a><\/h2>\n<p><a aria-label=\"Image Link\" class=\"op3-element__link op3-element-image__link op3-link op3-element__tcp--non-a\" href=\"https:\/\/productosdemaestria.com\/carrito\/\" target=\"_blank\"  data-op-action=\"link\" data-op-select-funnel-step=\"\" data-op3-smooth-scroll=\"0\"><img decoding=\"async\" class=\"op3-element__image op3-element-image__image\" src=\"https:\/\/tienda-maestria.online\/tienda\/wp-content\/uploads\/2022\/10\/Screenshot-2022-10-04-at-16.02.22-300x48.png\" alt=\"\" title=\"Screenshot 2022-10-04 at 16.02.22\" width=\"387.433\" data-op3-attachment-id=\"3570\" \/><\/a><img loading=\"lazy\" decoding=\"async\" class=\"op3-element__image op3-element-image__image\" src=\"https:\/\/tienda-maestria.online\/tienda\/wp-content\/uploads\/2022\/10\/screenshot-2020-04-05-at-165513-1-1024x343-1-300x100__opdb-op5e706f44f302a8-00454443.png\" alt=\"\" title=\"Screenshot-2020-04-05-at-16.55.13-1-1024x343\" width=\"300\" height=\"100\" data-op3-attachment-id=\"11\" \/><img loading=\"lazy\" decoding=\"async\" class=\"op3-element__image op3-element-image__image\" src=\"https:\/\/tienda-maestria.online\/tienda\/wp-content\/uploads\/2025\/01\/Untitled-design15-288x300.png\" alt=\"\" title=\"LuigiMAX\" width=\"288\" height=\"300\" data-op3-attachment-id=\"4688\" \/><\/p>\n<h3>Agrandamiento de Pene<\/h3>\n<h2>LUIGIMAX<\/h2>\n<p>Agranda y alarga el miembro\u00dasalo donde quieras y cuando quierasSuperior al BathmateMejora la calidad de tus erecciones<a aria-label=\"Button link\" href=\"https:\/\/luigimax.com\/la-verdad\/\" class=\"op3-element__tcp--non-a op3-link op3-background-ancestor\" target=\"_blank\"  data-op-action=\"link\" data-op-select-funnel-step=\"\" data-op3-smooth-scroll=\"0\" data-op-effect-style=\"\" data-op-effect-style-hover=\"\" data-op-courseaction=\"\">SABER M\u00c1S<\/a><\/p>\n<p>\u00abSi que he aumentado el grosor. Primero porque me lo han dicho y despu\u00e9s porque antes usaba los MySizePro de 64mm y ahora ya necesito los de 69mm\u00bb<\/p>\n<p><img loading=\"lazy\" decoding=\"async\" class=\"op3-element__image op3-element-image__image\" src=\"https:\/\/tienda-maestria.online\/tienda\/wp-content\/uploads\/2025\/01\/Screenshot-2025-01-04-at-21.44.19-269x300.png\" alt=\"\" title=\"\" width=\"269\" height=\"300\" data-op3-attachment-id=\"4689\" \/><\/p>\n<p>Ximo<\/p>\n<p>Espa\u00f1a<\/p>\n<p><img loading=\"lazy\" decoding=\"async\" class=\"op3-element__image op3-element-image__image\" src=\"https:\/\/tienda-maestria.online\/tienda\/wp-content\/uploads\/2024\/01\/s-l1600-transformed.jpeg\" alt=\"\" title=\"Anillo de Dios\" width=\"1378\" height=\"944\" data-op3-attachment-id=\"4517\" \/><\/p>\n<h3>Testosterona, Erecciones<\/h3>\n<h2>Anillo de Dios 4 Generaci\u00f3n<\/h2>\n<p>Consigue Erecciones de AceroM\u00e1s Potencia Sexual M\u00e1s Aguante SexualFortalecimiento de los m\u00fasculos del suelo p\u00e9lvico<a aria-label=\"Button link\" href=\"https:\/\/anillodedios.net\/\" class=\"op3-element__tcp--non-a op3-link op3-background-ancestor\" target=\"_blank\"  data-op-action=\"link\" data-op-select-funnel-step=\"\" data-op3-smooth-scroll=\"0\" data-op-effect-style=\"\" data-op-effect-style-hover=\"\" data-op-courseaction=\"\">SABER M\u00c1S<\/a><\/p>\n<p>\u00abEste anillo es comod\u00edsimo y lo mejor es que FUNCIONA. Mi esposa ha<br \/>\nestado a\u00fan m\u00e1s impresionada de los resultados. Siento un control sobre<br \/>\nmi orgasmo que me permite durar todo el tiempo que quiera\u00bb<\/p>\n<p><img loading=\"lazy\" decoding=\"async\" class=\"op3-element__image op3-element-image__image\" src=\"https:\/\/tienda-maestria.online\/tienda\/wp-content\/uploads\/2022\/10\/ad_217014428-e1472127266143.jpg\" alt=\"\" title=\"ad_217014428-e1472127266143\" width=\"644\" height=\"640\" data-op3-attachment-id=\"3423\" \/><\/p>\n<p>Fran Gonzalez<\/p>\n<p>Barcelona, Espa\u00f1a<\/p>\n<p><img loading=\"lazy\" decoding=\"async\" class=\"op3-element__image op3-element-image__image\" src=\"https:\/\/tienda-maestria.online\/tienda\/wp-content\/uploads\/2025\/01\/Untitled-design16-288x300.png\" alt=\"\" title=\"Ultradomenico\" width=\"288\" height=\"300\" data-op3-attachment-id=\"4690\" \/><\/p>\n<h3>Disfunci\u00f3n Erectil<\/h3>\n<h2>Ultradomenico<\/h2>\n<p>Dispositivo de terapia de ondas ac\u00fasticas para hombres probado cl\u00ednicamenteResultados r\u00e1pidos y duraderosSoluci\u00f3n a la disfunci\u00f3n erectil<a aria-label=\"Button link\" href=\"https:\/\/ultradomenico.com\/\" class=\"op3-element__tcp--non-a op3-link op3-background-ancestor\" target=\"_blank\"  data-op-action=\"link\" data-op-select-funnel-step=\"\" data-op3-smooth-scroll=\"\" data-op-effect-style=\"\" data-op-effect-style-hover=\"\" data-op-courseaction=\"\">SABER M\u00c1S<\/a><\/p>\n<p>\u00abMe costaba mantener erecciones con el Viagra, ahora por primera vez en mi vida puedo tener relaciones sin la necesidad de tomar nada\u201d<\/p>\n<p><img loading=\"lazy\" decoding=\"async\" class=\"op3-element__image op3-element-image__image\" src=\"https:\/\/tienda-maestria.online\/tienda\/wp-content\/uploads\/2025\/01\/Screenshot-2025-01-04-at-21.52.32-248x300.png\" alt=\"\" title=\"Julio\" width=\"248\" height=\"300\" data-op3-attachment-id=\"4691\" \/><\/p>\n<p>Julio<\/p>\n<p>M\u00e9xico<\/p>\n<p><img loading=\"lazy\" decoding=\"async\" class=\"op3-element__image op3-element-image__image\" src=\"https:\/\/tienda-maestria.online\/tienda\/wp-content\/uploads\/2024\/01\/Untitled-344-x-234-px-800-x-450-px.png\" alt=\"\" title=\"Pack ANTI EP\" width=\"800\" height=\"450\" data-op3-attachment-id=\"4554\" \/><\/p>\n<h3>Eyaculaci\u00f3n Precoz<\/h3>\n<h2>Pack Anti EP<\/h2>\n<p>Suplemento de triple acci\u00f3n para ayudarte a combatir la EPAnillo de Dios para fortalecer los m\u00fasculos del suelo p\u00e9lvicoGu\u00eda M\u00e1ximo Aguante: Secretos y T\u00e9cnicas para durar m\u00e1sControl total sobre tu Eyaculaci\u00f3n Precoz en 30 d\u00edas<a aria-label=\"Button link\" href=\"https:\/\/maestriasexual.com\/climinax\/\" class=\"op3-element__tcp--non-a op3-link op3-background-ancestor\" target=\"_blank\"  data-op-action=\"link\" data-op-select-funnel-step=\"\" data-op3-smooth-scroll=\"0\" data-op-effect-style=\"\" data-op-effect-style-hover=\"\" data-op-courseaction=\"\">SABER M\u00c1S<\/a><\/p>\n<p>\u00abLuigiiii te escrib\u00eda para darte las gracias por tu suplemento. Lo he<br \/>\nestado tomando y puedo durar ahora mucho tiempo en la cama, no he<br \/>\nsentido ning\u00fan efecto negativo, es m\u00e1s me siento mucho mejor y con m\u00e1s<br \/>\nenerg\u00eda. Gracias por lo que haces\u00bb<\/p>\n<p><img loading=\"lazy\" decoding=\"async\" class=\"op3-element__image op3-element-image__image\" src=\"https:\/\/tienda-maestria.online\/tienda\/wp-content\/uploads\/2022\/10\/XXUk6Pe1.jpg\" alt=\"\" title=\"XXUk6Pe1\" width=\"512\" height=\"512\" data-op3-attachment-id=\"3425\" \/><\/p>\n<p>Mauricio Diaz<\/p>\n<p>Bogot\u00e1, Col.<\/p>\n<p><img loading=\"lazy\" decoding=\"async\" class=\"op3-element__image op3-element-image__image\" src=\"https:\/\/tienda-maestria.online\/tienda\/wp-content\/uploads\/2022\/10\/HydroMax-7-group-1-500x500-1.png\" alt=\"\" title=\"HydroMax-7-group-1-500x500-1\" width=\"500\" height=\"520\" data-op3-attachment-id=\"3420\" \/><\/p>\n<h3>Agrandamiento de Pene<\/h3>\n<h2>Bathmate<\/h2>\n<p>Hasta 3 cm de ganancias en longitudHasta 3 cm de ganancias en grosor (circunferencia)Resultados Instant\u00e1neosMejora la calidad de tus erecciones<a aria-label=\"Button link\" href=\"https:\/\/modelobathmate.com\/\" class=\"op3-element__tcp--non-a op3-link op3-background-ancestor\" target=\"_blank\"  data-op-action=\"link\" data-op-select-funnel-step=\"\" data-op3-smooth-scroll=\"0\" data-op-effect-style=\"\" data-op-effect-style-hover=\"\" data-op-courseaction=\"\">SABER M\u00c1S<\/a><\/p>\n<p>\u00abHe ganado m\u00e1s de 1 pulgada (2.54cm) , solo usandolo 15 minutos por sesi\u00f3n\u201d<\/p>\n<p><img loading=\"lazy\" decoding=\"async\" class=\"op3-element__image op3-element-image__image\" src=\"https:\/\/tienda-maestria.online\/tienda\/wp-content\/uploads\/2022\/10\/Screenshot-2020-04-07-at-19.46.23-1024x739-1.png\" alt=\"\" title=\"Screenshot-2020-04-07-at-19.46.23-1024x739\" width=\"1024\" height=\"739\" data-op3-attachment-id=\"3421\" \/><\/p>\n<p>Dan<\/p>\n<p>Estados Unidos<\/p>\n<p>maestria sexual<\/p>\n<p>AYUDA<\/p>\n<p><a  href=\"https:\/\/maestriasexual.com\/blog\" class=\"op3-list-menu-link\">BLOG<\/a><a  href=\"https:\/\/tienda-maestria.online\/tienda\/#op3-element-7etnB4Qp\" class=\"op3-list-menu-link\">FAQ<\/a><a  href=\"https:\/\/productosdemaestria.com\/\" class=\"op3-list-menu-link\">ACCEDER A CUENTA<\/a><a  href=\"https:\/\/maestriasexual.es\/tienda\/afiliados\/\" class=\"op3-list-menu-link\">AFILIADOS<\/a><a  href=\"https:\/\/tienda-maestria.online\/tienda\/politica-de-devolucion\/\" class=\"op3-list-menu-link\">POL\u00cdTICA DE REEMBOLSO<\/a><a  href=\"https:\/\/tienda-maestria.online\/tienda\/politica-de-privacidad\/\" class=\"op3-list-menu-link\">POL\u00cdTICA DE PRIVACIDAD<\/a><\/p>\n<p>SUSCR\u00cdBETE PARA ACCEDER A OFERTAS ESPECIALES<\/p>\n<p><a aria-label=\"Button link\" href=\"#\" class=\"op3-element__tcp--non-a op3-link op3-background-ancestor\" target=\"_self\"  data-op-action=\"link\" data-op-select-funnel-step=\"\" data-op3-smooth-scroll=\"\" data-op-effect-style=\"\" data-op-effect-style-hover=\"\" data-op-courseaction=\"\">SUSCR\u00cdBETE<\/a><\/p>\n<p>\u00a9 2014-2025&nbsp; Maestria Sexual. Todos los derechos reservados.<\/p>\n<\/p>\n<p><a aria-label=\"Link\" class=\"op3-element__link op3-element-icon__link op3-element__tcp--non-a op3-link\" href=\"https:\/\/www.facebook.com\/luigidomenico11\/\" target=\"_blank\"  data-op-action=\"\" data-op-select-funnel-step=\"\" data-op3-smooth-scroll=\"\"><\/a><a aria-label=\"Link\" class=\"op3-element__link op3-element-icon__link op3-element__tcp--non-a op3-link\" href=\"https:\/\/www.tiktok.com\/@luigidomenico2\" target=\"_blank\"  data-op-action=\"\" data-op-select-funnel-step=\"\" data-op3-smooth-scroll=\"\"><\/a><a aria-label=\"Link\" class=\"op3-element__link op3-element-icon__link op3-element__tcp--non-a op3-link\" href=\"https:\/\/www.youtube.com\/user\/conquistaraunachica1\" target=\"_blank\"  data-op-action=\"\" data-op-select-funnel-step=\"\" data-op3-smooth-scroll=\"\"><\/a><\/p>\n","protected":false},"excerpt":{"rendered":"<p>Todos nuestros precios estan en USD. Enviamos a todo el mundo &lt; Volver a la tienda Agrandamiento de Pene LUIGIMAX Agranda y alarga el miembro\u00dasalo donde quieras y cuando quierasSuperior al BathmateMejora la calidad de tus ereccionesSABER M\u00c1S \u00abSi que he aumentado el grosor. Primero porque me lo han dicho y despu\u00e9s porque antes usaba [&hellip;]<\/p>\n","protected":false},"author":1,"featured_media":0,"parent":0,"menu_order":0,"comment_status":"closed","ping_status":"closed","template":"op_builder_blank","meta":{"footnotes":""},"class_list":["post-3418","page","type-page","status-publish","hentry"],"_links":{"self":[{"href":"https:\/\/tienda-maestria.online\/tienda\/wp-json\/wp\/v2\/pages\/3418","targetHints":{"allow":["GET"]}}],"collection":[{"href":"https:\/\/tienda-maestria.online\/tienda\/wp-json\/wp\/v2\/pages"}],"about":[{"href":"https:\/\/tienda-maestria.online\/tienda\/wp-json\/wp\/v2\/types\/page"}],"author":[{"embeddable":true,"href":"https:\/\/tienda-maestria.online\/tienda\/wp-json\/wp\/v2\/users\/1"}],"replies":[{"embeddable":true,"href":"https:\/\/tienda-maestria.online\/tienda\/wp-json\/wp\/v2\/comments?post=3418"}],"version-history":[{"count":23,"href":"https:\/\/tienda-maestria.online\/tienda\/wp-json\/wp\/v2\/pages\/3418\/revisions"}],"predecessor-version":[{"id":4744,"href":"https:\/\/tienda-maestria.online\/tienda\/wp-json\/wp\/v2\/pages\/3418\/revisions\/4744"}],"wp:attachment":[{"href":"https:\/\/tienda-maestria.online\/tienda\/wp-json\/wp\/v2\/media?parent=3418"}],"curies":[{"name":"wp","href":"https:\/\/api.w.org\/{rel}","templated":true}]}}