{"id":3392,"date":"2022-10-02T14:15:47","date_gmt":"2022-10-02T14:15:47","guid":{"rendered":"https:\/\/tienda-maestria.online\/tienda\/?page_id=3392"},"modified":"2025-01-04T15:53:04","modified_gmt":"2025-01-04T15:53:04","slug":"cursos","status":"publish","type":"page","link":"https:\/\/tienda-maestria.online\/tienda\/cursos\/","title":{"rendered":"CURSOS"},"content":{"rendered":"<p>Todos nuestros precios estan en USD. Enviamos a todo el mundo<\/p>\n<h2><a href=\"https:\/\/tienda-maestria.online\/tienda\/tienda\">&lt; Volver a la tienda<\/a><\/h2>\n<p><a class=\"op3-element__link op3-element-image__link op3-link\" href=\"https:\/\/productosdemaestria.com\/carrito\/\" target=\"_blank\"  data-op-action=\"link\" data-op-select-funnel-step=\"\" data-op3-smooth-scroll=\"0\"><img decoding=\"async\" class=\"op3-element__image op3-element-image__image\" src=\"https:\/\/tienda-maestria.online\/tienda\/wp-content\/uploads\/2022\/10\/Screenshot-2022-10-04-at-16.02.22-300x48.png\" alt=\"\" title=\"\" width=\"387.433\" data-op3-attachment-id=\"3570\" \/><\/a><img loading=\"lazy\" decoding=\"async\" class=\"op3-element__image op3-element-image__image\" src=\"https:\/\/tienda-maestria.online\/tienda\/wp-content\/uploads\/2022\/10\/screenshot-2020-04-05-at-165513-1-1024x343-1-300x100__opdb-op5e706f44f302a8-00454443.png\" alt=\"\" title=\"Screenshot-2020-04-05-at-16.55.13-1-1024x343\" width=\"300\" height=\"100\" data-op3-attachment-id=\"11\" \/><div id=\"op3-element-GrDokmCi\" class=\"op3-element \" data-op3-uuid=\"GrDokmCi\" data-op3-gid=\"\" data-op3-element-type=\"treemenu\" data-op3-element-spec=\"\" data-op3-element-caption=\"WP Menu #uJWHh9yy\" data-op-visibility-hidden=\"0\" data-op-element-hidden=\"0\" data-op3-style-id=\"\" data-op3-has-children=\"1\"><div class=\"op3-treemenu-content op3-background-parent\" data-op3-stack-columns-desktop=\"0\" data-op3-stack-columns-tablet=\"1\" data-op3-stack-columns-mobile=\"1\" data-op3-autosize-columns=\"0\" data-op3-menu-name=\"38\" data-op-animation=\"0\"><a aria-label=\"Menu Open\" class=\"op3-hamburger op3-element__tcp--non-a\" href=\"#\" data-op3-treemenu-styling=\"right\"><i class=\"op3-icon op3-icon-menu-34-2\" data-op3-icon=\"op3-icon-menu-34-2\"><svg class=\"op3-icon-svg\" width=\"1em\" height=\"1em\"><use href=\"https:\/\/tienda-maestria.online\/tienda\/wp-content\/plugins\/op-builder\/public\/assets\/cache\/page__3392.icons.svg?ver=1736005984#op3-icons-menu-34-2\" \/><\/svg><\/i><span class=\"op3-text\">Menu<\/span><\/a><a aria-label=\"Menu Close\" class=\"op3-hamburger-close op3-element__tcp--non-a\" href=\"#\"><i class=\"op3-icon op3-icon-simple-remove-2\" data-op3-icon=\"\" aria-label=\"Menu\"><svg class=\"op3-icon-svg\" width=\"1em\" height=\"1em\"><use href=\"https:\/\/tienda-maestria.online\/tienda\/wp-content\/plugins\/op-builder\/public\/assets\/cache\/page__3392.icons.svg?ver=1736005984#op3-icons-simple-remove-2\" \/><\/svg><\/i><span class=\"op3-text\">Close<\/span><\/a><div data-op3-children=\"5\"><div id=\"op3-element-D5fQvkZZ\" class=\"op3-element \" data-op3-uuid=\"D5fQvkZZ\" data-op3-gid=\"\" data-op3-element-type=\"treemenuitem\" data-op3-element-spec=\"treemenuitemlvl1\" data-op3-element-caption=\"Menu Item #D5fQvkZZ\" data-op-visibility-hidden=\"0\" data-op-element-hidden=\"0\" data-op3-style-id=\"\" data-op3-has-children=\"0\" data-op3-width-auto-toggle=\"1\"><div class=\"op3-treemenuitem-content op3-background-parent\" data-op3-menu-item-id=\"3562\"><a aria-label=\"Link\" class=\"op3-treemenuitem-link op3-element__tcp--non-a\" href=\"https:\/\/tienda-maestria.online\/tienda\/\" target=\"_self\"><i class=\"op3-icon op3-icon-link-71-1\" data-op3-icon=\"op3-icon-link-71-1\"><svg class=\"op3-icon-svg\" width=\"1em\" height=\"1em\"><use href=\"https:\/\/tienda-maestria.online\/tienda\/wp-content\/plugins\/op-builder\/public\/assets\/cache\/page__3392.icons.svg?ver=1736005984#op3-icons-link-71-1\" \/><\/svg><\/i><span class=\"op3-text\">INICIO<\/span><i class=\"op3-dropdown-icon op3-icon-small-down\"><svg class=\"op3-icon-svg\" width=\"1em\" height=\"1em\"><use href=\"https:\/\/tienda-maestria.online\/tienda\/wp-content\/plugins\/op-builder\/public\/assets\/cache\/page__3392.icons.svg?ver=1736005984#op3-icons-small-down\" \/><\/svg><\/i><\/a><div class=\"op3-treemenuitem-children-content op3-background-parent\"><div data-op3-children=\"0\"><\/div><div class=\"op3-triangle\"><div class=\"op3-triangle-ratio\"><div class=\"op3-triangle-wrapper\"><\/div><\/div><\/div><div data-op3-background=\"childwrap\"><\/div><\/div><div data-op3-background=\"base\"><\/div><\/div><\/div><div id=\"op3-element-0mxjapRJ\" class=\"op3-element \" data-op3-uuid=\"0mxjapRJ\" data-op3-gid=\"\" data-op3-element-type=\"treemenuitem\" data-op3-element-spec=\"treemenuitemlvl1\" data-op3-element-caption=\"Menu Item #0mxjapRJ\" data-op-visibility-hidden=\"0\" data-op-element-hidden=\"0\" data-op3-style-id=\"\" data-op3-has-children=\"0\" data-op3-width-auto-toggle=\"1\"><div class=\"op3-treemenuitem-content op3-background-parent\" data-op3-menu-item-id=\"3563\"><a aria-label=\"Link\" class=\"op3-treemenuitem-link op3-element__tcp--non-a\" href=\"https:\/\/tienda-maestria.online\/tienda\/tienda\" target=\"_self\"><i class=\"op3-icon op3-icon-link-71-1\" data-op3-icon=\"op3-icon-link-71-1\"><svg class=\"op3-icon-svg\" width=\"1em\" height=\"1em\"><use href=\"https:\/\/tienda-maestria.online\/tienda\/wp-content\/plugins\/op-builder\/public\/assets\/cache\/page__3392.icons.svg?ver=1736005984#op3-icons-link-71-1\" \/><\/svg><\/i><span class=\"op3-text\">TIENDA<\/span><i class=\"op3-dropdown-icon op3-icon-small-down\"><svg class=\"op3-icon-svg\" width=\"1em\" height=\"1em\"><use href=\"https:\/\/tienda-maestria.online\/tienda\/wp-content\/plugins\/op-builder\/public\/assets\/cache\/page__3392.icons.svg?ver=1736005984#op3-icons-small-down\" \/><\/svg><\/i><\/a><div class=\"op3-treemenuitem-children-content op3-background-parent\"><div data-op3-children=\"0\"><\/div><div class=\"op3-triangle\"><div class=\"op3-triangle-ratio\"><div class=\"op3-triangle-wrapper\"><\/div><\/div><\/div><div data-op3-background=\"childwrap\"><\/div><\/div><div data-op3-background=\"base\"><\/div><\/div><\/div><div id=\"op3-element-K5KXzPBn\" class=\"op3-element \" data-op3-uuid=\"K5KXzPBn\" data-op3-gid=\"\" data-op3-element-type=\"treemenuitem\" data-op3-element-spec=\"treemenuitemlvl1\" data-op3-element-caption=\"Menu Item #K5KXzPBn\" data-op-visibility-hidden=\"0\" data-op-element-hidden=\"0\" data-op3-style-id=\"\" data-op3-has-children=\"0\" data-op3-width-auto-toggle=\"1\"><div class=\"op3-treemenuitem-content op3-background-parent\" data-op3-menu-item-id=\"3564\"><a aria-label=\"Link\" class=\"op3-treemenuitem-link op3-element__tcp--non-a\" href=\"https:\/\/tienda-maestria.online\/tienda\/cursos\/\" target=\"_self\"><i class=\"op3-icon op3-icon-link-71-1\" data-op3-icon=\"op3-icon-link-71-1\"><svg class=\"op3-icon-svg\" width=\"1em\" height=\"1em\"><use href=\"https:\/\/tienda-maestria.online\/tienda\/wp-content\/plugins\/op-builder\/public\/assets\/cache\/page__3392.icons.svg?ver=1736005984#op3-icons-link-71-1\" \/><\/svg><\/i><span class=\"op3-text\">CURSOS<\/span><i class=\"op3-dropdown-icon op3-icon-small-down\"><svg class=\"op3-icon-svg\" width=\"1em\" height=\"1em\"><use href=\"https:\/\/tienda-maestria.online\/tienda\/wp-content\/plugins\/op-builder\/public\/assets\/cache\/page__3392.icons.svg?ver=1736005984#op3-icons-small-down\" \/><\/svg><\/i><\/a><div class=\"op3-treemenuitem-children-content op3-background-parent\"><div data-op3-children=\"0\"><\/div><div class=\"op3-triangle\"><div class=\"op3-triangle-ratio\"><div class=\"op3-triangle-wrapper\"><\/div><\/div><\/div><div data-op3-background=\"childwrap\"><\/div><\/div><div data-op3-background=\"base\"><\/div><\/div><\/div><div id=\"op3-element-PMavhBM8\" class=\"op3-element \" data-op3-uuid=\"PMavhBM8\" data-op3-gid=\"\" data-op3-element-type=\"treemenuitem\" data-op3-element-spec=\"treemenuitemlvl1\" data-op3-element-caption=\"Menu Item #PMavhBM8\" data-op-visibility-hidden=\"0\" data-op-element-hidden=\"0\" data-op3-style-id=\"\" data-op3-has-children=\"0\" data-op3-width-auto-toggle=\"1\"><div class=\"op3-treemenuitem-content op3-background-parent\" data-op3-menu-item-id=\"3565\"><a aria-label=\"Link\" class=\"op3-treemenuitem-link op3-element__tcp--non-a\" href=\"https:\/\/tienda-maestria.online\/tienda\/indispensables\/\" target=\"_self\"><i class=\"op3-icon op3-icon-link-71-1\" data-op3-icon=\"op3-icon-link-71-1\"><svg class=\"op3-icon-svg\" width=\"1em\" height=\"1em\"><use href=\"https:\/\/tienda-maestria.online\/tienda\/wp-content\/plugins\/op-builder\/public\/assets\/cache\/page__3392.icons.svg?ver=1736005984#op3-icons-link-71-1\" \/><\/svg><\/i><span class=\"op3-text\">INDISPENSABLES<\/span><i class=\"op3-dropdown-icon op3-icon-small-down\"><svg class=\"op3-icon-svg\" width=\"1em\" height=\"1em\"><use href=\"https:\/\/tienda-maestria.online\/tienda\/wp-content\/plugins\/op-builder\/public\/assets\/cache\/page__3392.icons.svg?ver=1736005984#op3-icons-small-down\" \/><\/svg><\/i><\/a><div class=\"op3-treemenuitem-children-content op3-background-parent\"><div data-op3-children=\"0\"><\/div><div class=\"op3-triangle\"><div class=\"op3-triangle-ratio\"><div class=\"op3-triangle-wrapper\"><\/div><\/div><\/div><div data-op3-background=\"childwrap\"><\/div><\/div><div data-op3-background=\"base\"><\/div><\/div><\/div><div id=\"op3-element-2Xfe1ymW\" class=\"op3-element \" data-op3-uuid=\"2Xfe1ymW\" data-op3-gid=\"\" data-op3-element-type=\"treemenuitem\" data-op3-element-spec=\"treemenuitemlvl1\" data-op3-element-caption=\"Menu Item #2Xfe1ymW\" data-op-visibility-hidden=\"0\" data-op-element-hidden=\"0\" data-op3-style-id=\"\" data-op3-has-children=\"0\" data-op3-width-auto-toggle=\"1\"><div class=\"op3-treemenuitem-content op3-background-parent\" data-op3-menu-item-id=\"3566\"><a aria-label=\"Link\" class=\"op3-treemenuitem-link op3-element__tcp--non-a\" href=\"https:\/\/tienda-maestria.online\/tienda\/contacto\/\" target=\"_self\"><i class=\"op3-icon op3-icon-link-71-1\" data-op3-icon=\"op3-icon-link-71-1\"><svg class=\"op3-icon-svg\" width=\"1em\" height=\"1em\"><use href=\"https:\/\/tienda-maestria.online\/tienda\/wp-content\/plugins\/op-builder\/public\/assets\/cache\/page__3392.icons.svg?ver=1736005984#op3-icons-link-71-1\" \/><\/svg><\/i><span class=\"op3-text\">CONTACTO<\/span><i class=\"op3-dropdown-icon op3-icon-small-down\"><svg class=\"op3-icon-svg\" width=\"1em\" height=\"1em\"><use href=\"https:\/\/tienda-maestria.online\/tienda\/wp-content\/plugins\/op-builder\/public\/assets\/cache\/page__3392.icons.svg?ver=1736005984#op3-icons-small-down\" \/><\/svg><\/i><\/a><div class=\"op3-treemenuitem-children-content op3-background-parent\"><div data-op3-children=\"0\"><\/div><div class=\"op3-triangle\"><div class=\"op3-triangle-ratio\"><div class=\"op3-triangle-wrapper\"><\/div><\/div><\/div><div data-op3-background=\"childwrap\"><\/div><\/div><div data-op3-background=\"base\"><\/div><\/div><\/div><\/div><div class=\"op3-triangle\"><div class=\"op3-triangle-ratio\"><div class=\"op3-triangle-wrapper\"><\/div><\/div><\/div><\/div><\/div><img loading=\"lazy\" decoding=\"async\" class=\"op3-element__image op3-element-image__image\" src=\"https:\/\/tienda-maestria.online\/tienda\/wp-content\/uploads\/2022\/10\/xxlcoverfinal-1.png\" alt=\"\" title=\"xxlcoverfinal-1\" width=\"377\" height=\"477\" data-op3-attachment-id=\"3406\" \/><\/p>\n<h3>El Curso De Faloculturismo M\u00e1s Vendido<\/h3>\n<h2>Curso XXL<\/h2>\n<p>Todos los ejercicios manuales en video R\u00e9gimen de suplementos para potenciar las ganancias M\u00e1s de 60 minutos de ejercicios en videoRegalo Gu\u00eda Digital : C\u00f3mo Ser Mejor Amante<a href=\"https:\/\/productosdemaestria.com\/carrito\/?add-to-cart=222\" class=\"op3-link op3-background-ancestor\" target=\"_blank\"  data-op-action=\"link\" data-op-select-funnel-step=\"\" data-op3-smooth-scroll=\"0\" data-op-effect-style=\"\" data-op-effect-style-hover=\"\" data-op-courseaction=\"\">A\u00d1ADIR AL CARRO<\/a><\/p>\n<h2>$47<\/h2>\n<p>\u00ab2 cm en grosor y 0.8 cm en longitud gracias al Curso XXL. Eres el mejor Luigi\u00bb<\/p>\n<p><img loading=\"lazy\" decoding=\"async\" class=\"op3-element__image op3-element-image__image\" src=\"https:\/\/tienda-maestria.online\/tienda\/wp-content\/uploads\/2022\/10\/ynfYAvv.jpg\" alt=\"\" title=\"Julio\" width=\"640\" height=\"640\" data-op3-attachment-id=\"3407\" \/><\/p>\n<p>Julio Gonzales<\/p>\n<p>Madrid, Espa\u00f1a<\/p>\n<p><img loading=\"lazy\" decoding=\"async\" class=\"op3-element__image op3-element-image__image\" src=\"https:\/\/tienda-maestria.online\/tienda\/wp-content\/uploads\/2022\/10\/1570710678-1024x933-1.jpg\" alt=\"\" title=\"1570710678-1024x933\" width=\"1024\" height=\"933\" data-op3-attachment-id=\"3408\" \/><\/p>\n<h3>Nuevo Libro Digital 2022<\/h3>\n<h2>COLOSAL<\/h2>\n<p>Los<br \/>\n ejercicios m\u00e1s efectivos para desatar m\u00e1ximas ganancias (muchos de<br \/>\nellos no se han compartido NUNCA online, ni siquiera est\u00e1n en el Curso<br \/>\nXXL)Rutinas avanzadas que te ayudar\u00e1n a seguir creciendo (ideal si te has estancado en tus ganancias)Las rutinas m\u00e1s efectivas si usas extensores o practicas el hangingLos entrenamientos de faloculturismo m\u00e1s efectivos para : principiantes, intermediarios y avanzados<a href=\"https:\/\/productosdemaestria.com\/carrito\/?add-to-cart=223\" class=\"op3-link op3-background-ancestor\" target=\"_blank\"  data-op-action=\"link\" data-op-select-funnel-step=\"\" data-op3-smooth-scroll=\"0\" data-op-effect-style=\"\" data-op-effect-style-hover=\"\" data-op-courseaction=\"\">A\u00d1ADIR AL CARRO<\/a><\/p>\n<h2>$67<\/h2>\n<p>\u00abTus \u00faltimos descubrimientos y estudios, as\u00ed como su efectividad<br \/>\ndemostrada con los clientes con los que has trabajado me han sorprendido<br \/>\n mucho.<\/p>\n<p><img loading=\"lazy\" decoding=\"async\" class=\"op3-element__image op3-element-image__image\" src=\"https:\/\/tienda-maestria.online\/tienda\/wp-content\/uploads\/2022\/10\/oie_WPqIohjFHqqC-300x300-1-1.png\" alt=\"\" title=\"Federico Diaz\" width=\"300\" height=\"300\" data-op3-attachment-id=\"3409\" \/><\/p>\n<p>Federico Diaz<\/p>\n<p>Madrid, Espa\u00f1a<\/p>\n<p><img loading=\"lazy\" decoding=\"async\" class=\"op3-element__image op3-element-image__image\" src=\"https:\/\/tienda-maestria.online\/tienda\/wp-content\/uploads\/2025\/01\/1736005678.jpg\" alt=\"\" title=\"Falo Hanger\" width=\"1500\" height=\"1500\" data-op3-attachment-id=\"4696\" \/><\/p>\n<h3>Nuevo VIDEO CURSO 2023<\/h3>\n<h2>FALOHANGER<\/h2>\n<p>Aprende acerca de la disciplina m\u00e1s efectiva en el FaloculturismoC\u00f3mo iniciarte de manera segura ya seas principiante o avanzadoEjercicios avanzados que puedes realizar durate el hangingSesiones de entrenamiento en vivo<a href=\"https:\/\/productosdemaestria.com\/carrito\/?add-to-cart=225\" class=\"op3-link op3-background-ancestor\" target=\"_blank\"  data-op-action=\"link\" data-op-select-funnel-step=\"\" data-op3-smooth-scroll=\"0\" data-op-effect-style=\"\" data-op-effect-style-hover=\"\" data-op-courseaction=\"\">A\u00d1ADIR AL CARRO<\/a><\/p>\n<h2>$67<\/h2>\n<p>\u00abDurante mucho tiempo hice el bathmate y jelqing y no consegui muchos resultados, fue cuando implemente el hanging con todo lo que comentas en tu curso que empec\u00e9 a obtener mis primeras buenas ganancias\u00bb<\/p>\n<p><img loading=\"lazy\" decoding=\"async\" class=\"op3-element__image op3-element-image__image\" src=\"https:\/\/tienda-maestria.online\/tienda\/wp-content\/uploads\/2025\/01\/6-opdb-op5f1d6f16b4b4f3-63454758-1-opdb-op5ccad843024dd8-37709811-300x300.jpg\" alt=\"\" title=\"JOSE LEE\" width=\"300\" height=\"300\" data-op3-attachment-id=\"4694\" \/><\/p>\n<p>Jos\u00e9 Lee<\/p>\n<p>Madrid, Espa\u00f1a<\/p>\n<p><img loading=\"lazy\" decoding=\"async\" class=\"op3-element__image op3-element-image__image\" src=\"https:\/\/tienda-maestria.online\/tienda\/wp-content\/uploads\/2022\/10\/CURSOTODO-1.png\" alt=\"\" title=\"CURSOTODO-1\" width=\"695\" height=\"457\" data-op3-attachment-id=\"3410\" \/><\/p>\n<h3>Curso NOFAP<\/h3>\n<h2>7 Estrategias<\/h2>\n<p>C\u00f3mo decodificar tus interruptores para eliminar el h\u00e1bito desde la ra\u00edzUn ejercicio de visualizaci\u00f3n muy poderoso que har\u00e1 que te provoque repugnancia cada vez que veas una escena pornoEjercicios para transmutar la dopamina, sustancia neuroqu\u00edmica altamente<br \/>\n adictiva que segrega tu cerebro cada vez que ves pornograf\u00edaHipnosis que te ayudar\u00e1n a superar tu adicci\u00f3n f\u00e1cilmente y que<br \/>\nplantar\u00e1n la semilla de la excelencia en tu subconsciente para que<br \/>\nlogres todo lo que te hayas propuesto.<a href=\"https:\/\/www.youtube.com\/watch?v=--u_P10x_SU&#038;list=PL33HieSMLO69h4ry2kxqJOhd25g-KwvNM\" class=\"op3-link op3-background-ancestor\" target=\"_blank\"  data-op-action=\"link\" data-op-select-funnel-step=\"\" data-op3-smooth-scroll=\"0\" data-op-effect-style=\"\" data-op-effect-style-hover=\"\" data-op-courseaction=\"\">GRATIS<\/a><\/p>\n<h2>Valorado en $97<\/h2>\n<p>\u00abCurso muy completo. La hipnosis, los videos, todo me ha servido de<br \/>\nayuda. Sin las 7 estrategias no podr\u00eda haber completado los 3 meses de<br \/>\nNOFAP\u00bb<\/p>\n<p><img loading=\"lazy\" decoding=\"async\" class=\"op3-element__image op3-element-image__image\" src=\"https:\/\/tienda-maestria.online\/tienda\/wp-content\/uploads\/2022\/10\/400-4000020_some-random-guy-photograph.jpg\" alt=\"\" title=\"Javier Villar\" width=\"820\" height=\"580\" data-op3-attachment-id=\"3411\" \/><\/p>\n<p>Javier Villar<\/p>\n<p>Bilbao, Espa\u00f1a<\/p>\n<p>maestria sexual<\/p>\n<p>AYUDA<\/p>\n<p><a href=\"https:\/\/maestriasexual.com\/blog\" class=\"op3-list-menu-link\">BLOG<\/a><a href=\"https:\/\/tienda-maestria.online\/tienda\/#op3-element-7etnB4Qp\" class=\"op3-list-menu-link\">FAQ<\/a><a href=\"https:\/\/productosdemaestria.com\/\" class=\"op3-list-menu-link\">ACCEDER A CUENTA<\/a><a href=\"https:\/\/maestriasexual.es\/tienda\/afiliados\/\" class=\"op3-list-menu-link\">AFILIADOS<\/a><a href=\"https:\/\/tienda-maestria.online\/tienda\/politica-de-devolucion\/\" class=\"op3-list-menu-link\">POL\u00cdTICA DE REEMBOLSO<\/a><a href=\"https:\/\/tienda-maestria.online\/tienda\/politica-de-privacidad\/\" class=\"op3-list-menu-link\">POL\u00cdTICA DE PRIVACIDAD<\/a><\/p>\n<p>SUSCR\u00cdBETE PARA ACCEDER A OFERTAS ESPECIALES<\/p>\n<p><a href=\"#\" class=\"op3-link op3-background-ancestor\" target=\"_self\"  data-op-action=\"link\" data-op-select-funnel-step=\"\" data-op3-smooth-scroll=\"\" data-op-effect-style=\"\" data-op-effect-style-hover=\"\" data-op-courseaction=\"\">SUSCR\u00cdBETE<\/a><\/p>\n<p>\u00a9 2014-2025&nbsp; Maestria Sexual. Todos los derechos reservados.<\/p>\n<\/p>\n<p><a class=\"op3-element__link op3-element-icon__link op3-link\" href=\"https:\/\/www.facebook.com\/luigidomenico11\/\" target=\"_blank\"  data-op-action=\"\" data-op-select-funnel-step=\"\" data-op3-smooth-scroll=\"\"><\/a><a class=\"op3-element__link op3-element-icon__link op3-link\" href=\"https:\/\/www.tiktok.com\/@luigidomenico2\" target=\"_blank\"  data-op-action=\"\" data-op-select-funnel-step=\"\" data-op3-smooth-scroll=\"\"><\/a><a class=\"op3-element__link op3-element-icon__link op3-link\" href=\"https:\/\/www.youtube.com\/user\/conquistaraunachica1\" target=\"_blank\"  data-op-action=\"\" data-op-select-funnel-step=\"\" data-op3-smooth-scroll=\"\"><\/a><\/p>\n","protected":false},"excerpt":{"rendered":"<p>Todos nuestros precios estan en USD. Enviamos a todo el mundo &lt; Volver a la tienda El Curso De Faloculturismo M\u00e1s Vendido Curso XXL Todos los ejercicios manuales en video R\u00e9gimen de suplementos para potenciar las ganancias M\u00e1s de 60 minutos de ejercicios en videoRegalo Gu\u00eda Digital : C\u00f3mo Ser Mejor AmanteA\u00d1ADIR AL CARRO $47 [&hellip;]<\/p>\n","protected":false},"author":1,"featured_media":0,"parent":0,"menu_order":0,"comment_status":"closed","ping_status":"closed","template":"op_builder_blank","meta":{"footnotes":""},"class_list":["post-3392","page","type-page","status-publish","hentry"],"_links":{"self":[{"href":"https:\/\/tienda-maestria.online\/tienda\/wp-json\/wp\/v2\/pages\/3392","targetHints":{"allow":["GET"]}}],"collection":[{"href":"https:\/\/tienda-maestria.online\/tienda\/wp-json\/wp\/v2\/pages"}],"about":[{"href":"https:\/\/tienda-maestria.online\/tienda\/wp-json\/wp\/v2\/types\/page"}],"author":[{"embeddable":true,"href":"https:\/\/tienda-maestria.online\/tienda\/wp-json\/wp\/v2\/users\/1"}],"replies":[{"embeddable":true,"href":"https:\/\/tienda-maestria.online\/tienda\/wp-json\/wp\/v2\/comments?post=3392"}],"version-history":[{"count":24,"href":"https:\/\/tienda-maestria.online\/tienda\/wp-json\/wp\/v2\/pages\/3392\/revisions"}],"predecessor-version":[{"id":4697,"href":"https:\/\/tienda-maestria.online\/tienda\/wp-json\/wp\/v2\/pages\/3392\/revisions\/4697"}],"wp:attachment":[{"href":"https:\/\/tienda-maestria.online\/tienda\/wp-json\/wp\/v2\/media?parent=3392"}],"curies":[{"name":"wp","href":"https:\/\/api.w.org\/{rel}","templated":true}]}}