{"id":3325,"date":"2022-10-02T10:56:35","date_gmt":"2022-10-02T10:56:35","guid":{"rendered":"https:\/\/tienda-maestria.online\/tienda\/?page_id=3325"},"modified":"2024-12-30T20:01:47","modified_gmt":"2024-12-30T20:01:47","slug":"varicocele","status":"publish","type":"page","link":"https:\/\/tienda-maestria.online\/tienda\/varicocele\/","title":{"rendered":"Varicocele"},"content":{"rendered":"<p>Todos nuestros precios estan en USD. Enviamos a todo el mundo<\/p>\n<h2><a href=\"https:\/\/tienda-maestria.online\/tienda\/tienda\/\" style=\"\">&lt; Volver a la tienda<\/a><\/h2>\n<p><a class=\"op3-element__link op3-element-image__link op3-link\" href=\"https:\/\/productosdemaestria.com\/carrito\/\" target=\"_blank\"  data-op-action=\"link\" data-op-select-funnel-step=\"\" data-op3-smooth-scroll=\"0\"><img decoding=\"async\" class=\"op3-element__image op3-element-image__image\" src=\"https:\/\/tienda-maestria.online\/tienda\/wp-content\/uploads\/2022\/10\/Screenshot-2022-10-04-at-16.02.22-300x48.png\" alt=\"\" title=\"\" width=\"387.433\" data-op3-attachment-id=\"3570\" \/><\/a><img loading=\"lazy\" decoding=\"async\" class=\"op3-element__image op3-element-image__image\" src=\"http:\/\/tienda-maestria.online\/tienda\/wp-content\/uploads\/2022\/09\/Screenshot-2020-04-05-at-16.55.13-1-1024x343-1-300x100.png\" alt=\"\" title=\"Screenshot-2020-04-05-at-16.55.13-1-1024x343\" width=\"300\" height=\"100\" data-op3-attachment-id=\"11\" \/><div id=\"op3-element-uJWHh9yy\" class=\"op3-element \" data-op3-uuid=\"uJWHh9yy\" data-op3-gid=\"\" data-op3-element-type=\"treemenu\" data-op3-element-spec=\"\" data-op3-element-caption=\"WP Menu #uJWHh9yy\" data-op-visibility-hidden=\"0\" data-op-element-hidden=\"0\" data-op3-style-id=\"\" data-op3-has-children=\"1\"><div class=\"op3-treemenu-content op3-background-parent\" data-op3-stack-columns-desktop=\"0\" data-op3-stack-columns-tablet=\"1\" data-op3-stack-columns-mobile=\"1\" data-op3-autosize-columns=\"0\" data-op3-menu-name=\"38\" data-op-animation=\"0\"><a aria-label=\"Menu Open\" class=\"op3-hamburger op3-element__tcp--non-a\" href=\"#\" data-op3-treemenu-styling=\"right\"><i class=\"op3-icon op3-icon-menu-34-2\" data-op3-icon=\"op3-icon-menu-34-2\"><svg class=\"op3-icon-svg\" width=\"1em\" height=\"1em\"><use href=\"https:\/\/tienda-maestria.online\/tienda\/wp-content\/plugins\/op-builder\/public\/assets\/cache\/page__3325.icons.svg?ver=1735588907#op3-icons-menu-34-2\" \/><\/svg><\/i><span class=\"op3-text\">Menu<\/span><\/a><a aria-label=\"Menu Close\" class=\"op3-hamburger-close op3-element__tcp--non-a\" href=\"#\"><i class=\"op3-icon op3-icon-simple-remove-2\" data-op3-icon=\"\" aria-label=\"Menu\"><svg class=\"op3-icon-svg\" width=\"1em\" height=\"1em\"><use href=\"https:\/\/tienda-maestria.online\/tienda\/wp-content\/plugins\/op-builder\/public\/assets\/cache\/page__3325.icons.svg?ver=1735588907#op3-icons-simple-remove-2\" \/><\/svg><\/i><span class=\"op3-text\">Close<\/span><\/a><div data-op3-children=\"5\"><div id=\"op3-element-j08IRXB9\" class=\"op3-element \" data-op3-uuid=\"j08IRXB9\" data-op3-gid=\"\" data-op3-element-type=\"treemenuitem\" data-op3-element-spec=\"treemenuitemlvl1\" data-op3-element-caption=\"Menu Item #j08IRXB9\" data-op-visibility-hidden=\"0\" data-op-element-hidden=\"0\" data-op3-style-id=\"\" data-op3-has-children=\"0\" data-op3-width-auto-toggle=\"1\"><div class=\"op3-treemenuitem-content op3-background-parent\" data-op3-menu-item-id=\"3562\"><a aria-label=\"Link\" class=\"op3-treemenuitem-link op3-element__tcp--non-a\" href=\"https:\/\/tienda-maestria.online\/tienda\/\" target=\"_self\"><i class=\"op3-icon op3-icon-link-71-1\" data-op3-icon=\"op3-icon-link-71-1\"><svg class=\"op3-icon-svg\" width=\"1em\" height=\"1em\"><use href=\"https:\/\/tienda-maestria.online\/tienda\/wp-content\/plugins\/op-builder\/public\/assets\/cache\/page__3325.icons.svg?ver=1735588907#op3-icons-link-71-1\" \/><\/svg><\/i><span class=\"op3-text\">INICIO<\/span><i class=\"op3-dropdown-icon op3-icon-small-down\"><svg class=\"op3-icon-svg\" width=\"1em\" height=\"1em\"><use href=\"https:\/\/tienda-maestria.online\/tienda\/wp-content\/plugins\/op-builder\/public\/assets\/cache\/page__3325.icons.svg?ver=1735588907#op3-icons-small-down\" \/><\/svg><\/i><\/a><div class=\"op3-treemenuitem-children-content op3-background-parent\"><div data-op3-children=\"0\"><\/div><div class=\"op3-triangle\"><div class=\"op3-triangle-ratio\"><div class=\"op3-triangle-wrapper\"><\/div><\/div><\/div><div data-op3-background=\"childwrap\"><\/div><\/div><div data-op3-background=\"base\"><\/div><\/div><\/div><div id=\"op3-element-TH7orRgy\" class=\"op3-element \" data-op3-uuid=\"TH7orRgy\" data-op3-gid=\"\" data-op3-element-type=\"treemenuitem\" data-op3-element-spec=\"treemenuitemlvl1\" data-op3-element-caption=\"Menu Item #TH7orRgy\" data-op-visibility-hidden=\"0\" data-op-element-hidden=\"0\" data-op3-style-id=\"\" data-op3-has-children=\"0\" data-op3-width-auto-toggle=\"1\"><div class=\"op3-treemenuitem-content op3-background-parent\" data-op3-menu-item-id=\"3563\"><a aria-label=\"Link\" class=\"op3-treemenuitem-link op3-element__tcp--non-a\" href=\"https:\/\/tienda-maestria.online\/tienda\/tienda\" target=\"_self\"><i class=\"op3-icon op3-icon-link-71-1\" data-op3-icon=\"op3-icon-link-71-1\"><svg class=\"op3-icon-svg\" width=\"1em\" height=\"1em\"><use href=\"https:\/\/tienda-maestria.online\/tienda\/wp-content\/plugins\/op-builder\/public\/assets\/cache\/page__3325.icons.svg?ver=1735588907#op3-icons-link-71-1\" \/><\/svg><\/i><span class=\"op3-text\">TIENDA<\/span><i class=\"op3-dropdown-icon op3-icon-small-down\"><svg class=\"op3-icon-svg\" width=\"1em\" height=\"1em\"><use href=\"https:\/\/tienda-maestria.online\/tienda\/wp-content\/plugins\/op-builder\/public\/assets\/cache\/page__3325.icons.svg?ver=1735588907#op3-icons-small-down\" \/><\/svg><\/i><\/a><div class=\"op3-treemenuitem-children-content op3-background-parent\"><div data-op3-children=\"0\"><\/div><div class=\"op3-triangle\"><div class=\"op3-triangle-ratio\"><div class=\"op3-triangle-wrapper\"><\/div><\/div><\/div><div data-op3-background=\"childwrap\"><\/div><\/div><div data-op3-background=\"base\"><\/div><\/div><\/div><div id=\"op3-element-ZRYZVdFk\" class=\"op3-element \" data-op3-uuid=\"ZRYZVdFk\" data-op3-gid=\"\" data-op3-element-type=\"treemenuitem\" data-op3-element-spec=\"treemenuitemlvl1\" data-op3-element-caption=\"Menu Item #ZRYZVdFk\" data-op-visibility-hidden=\"0\" data-op-element-hidden=\"0\" data-op3-style-id=\"\" data-op3-has-children=\"0\" data-op3-width-auto-toggle=\"1\"><div class=\"op3-treemenuitem-content op3-background-parent\" data-op3-menu-item-id=\"3564\"><a aria-label=\"Link\" class=\"op3-treemenuitem-link op3-element__tcp--non-a\" href=\"https:\/\/tienda-maestria.online\/tienda\/cursos\/\" target=\"_self\"><i class=\"op3-icon op3-icon-link-71-1\" data-op3-icon=\"op3-icon-link-71-1\"><svg class=\"op3-icon-svg\" width=\"1em\" height=\"1em\"><use href=\"https:\/\/tienda-maestria.online\/tienda\/wp-content\/plugins\/op-builder\/public\/assets\/cache\/page__3325.icons.svg?ver=1735588907#op3-icons-link-71-1\" \/><\/svg><\/i><span class=\"op3-text\">CURSOS<\/span><i class=\"op3-dropdown-icon op3-icon-small-down\"><svg class=\"op3-icon-svg\" width=\"1em\" height=\"1em\"><use href=\"https:\/\/tienda-maestria.online\/tienda\/wp-content\/plugins\/op-builder\/public\/assets\/cache\/page__3325.icons.svg?ver=1735588907#op3-icons-small-down\" \/><\/svg><\/i><\/a><div class=\"op3-treemenuitem-children-content op3-background-parent\"><div data-op3-children=\"0\"><\/div><div class=\"op3-triangle\"><div class=\"op3-triangle-ratio\"><div class=\"op3-triangle-wrapper\"><\/div><\/div><\/div><div data-op3-background=\"childwrap\"><\/div><\/div><div data-op3-background=\"base\"><\/div><\/div><\/div><div id=\"op3-element-dRihPq0d\" class=\"op3-element \" data-op3-uuid=\"dRihPq0d\" data-op3-gid=\"\" data-op3-element-type=\"treemenuitem\" data-op3-element-spec=\"treemenuitemlvl1\" data-op3-element-caption=\"Menu Item #dRihPq0d\" data-op-visibility-hidden=\"0\" data-op-element-hidden=\"0\" data-op3-style-id=\"\" data-op3-has-children=\"0\" data-op3-width-auto-toggle=\"1\"><div class=\"op3-treemenuitem-content op3-background-parent\" data-op3-menu-item-id=\"3565\"><a aria-label=\"Link\" class=\"op3-treemenuitem-link op3-element__tcp--non-a\" href=\"https:\/\/tienda-maestria.online\/tienda\/indispensables\/\" target=\"_self\"><i class=\"op3-icon op3-icon-link-71-1\" data-op3-icon=\"op3-icon-link-71-1\"><svg class=\"op3-icon-svg\" width=\"1em\" height=\"1em\"><use href=\"https:\/\/tienda-maestria.online\/tienda\/wp-content\/plugins\/op-builder\/public\/assets\/cache\/page__3325.icons.svg?ver=1735588907#op3-icons-link-71-1\" \/><\/svg><\/i><span class=\"op3-text\">INDISPENSABLES<\/span><i class=\"op3-dropdown-icon op3-icon-small-down\"><svg class=\"op3-icon-svg\" width=\"1em\" height=\"1em\"><use href=\"https:\/\/tienda-maestria.online\/tienda\/wp-content\/plugins\/op-builder\/public\/assets\/cache\/page__3325.icons.svg?ver=1735588907#op3-icons-small-down\" \/><\/svg><\/i><\/a><div class=\"op3-treemenuitem-children-content op3-background-parent\"><div data-op3-children=\"0\"><\/div><div class=\"op3-triangle\"><div class=\"op3-triangle-ratio\"><div class=\"op3-triangle-wrapper\"><\/div><\/div><\/div><div data-op3-background=\"childwrap\"><\/div><\/div><div data-op3-background=\"base\"><\/div><\/div><\/div><div id=\"op3-element-b8SvHjlH\" class=\"op3-element \" data-op3-uuid=\"b8SvHjlH\" data-op3-gid=\"\" data-op3-element-type=\"treemenuitem\" data-op3-element-spec=\"treemenuitemlvl1\" data-op3-element-caption=\"Menu Item #b8SvHjlH\" data-op-visibility-hidden=\"0\" data-op-element-hidden=\"0\" data-op3-style-id=\"\" data-op3-has-children=\"0\" data-op3-width-auto-toggle=\"1\"><div class=\"op3-treemenuitem-content op3-background-parent\" data-op3-menu-item-id=\"3566\"><a aria-label=\"Link\" class=\"op3-treemenuitem-link op3-element__tcp--non-a\" href=\"https:\/\/tienda-maestria.online\/tienda\/contacto\/\" target=\"_self\"><i class=\"op3-icon op3-icon-link-71-1\" data-op3-icon=\"op3-icon-link-71-1\"><svg class=\"op3-icon-svg\" width=\"1em\" height=\"1em\"><use href=\"https:\/\/tienda-maestria.online\/tienda\/wp-content\/plugins\/op-builder\/public\/assets\/cache\/page__3325.icons.svg?ver=1735588907#op3-icons-link-71-1\" \/><\/svg><\/i><span class=\"op3-text\">CONTACTO<\/span><i class=\"op3-dropdown-icon op3-icon-small-down\"><svg class=\"op3-icon-svg\" width=\"1em\" height=\"1em\"><use href=\"https:\/\/tienda-maestria.online\/tienda\/wp-content\/plugins\/op-builder\/public\/assets\/cache\/page__3325.icons.svg?ver=1735588907#op3-icons-small-down\" \/><\/svg><\/i><\/a><div class=\"op3-treemenuitem-children-content op3-background-parent\"><div data-op3-children=\"0\"><\/div><div class=\"op3-triangle\"><div class=\"op3-triangle-ratio\"><div class=\"op3-triangle-wrapper\"><\/div><\/div><\/div><div data-op3-background=\"childwrap\"><\/div><\/div><div data-op3-background=\"base\"><\/div><\/div><\/div><\/div><div class=\"op3-triangle\"><div class=\"op3-triangle-ratio\"><div class=\"op3-triangle-wrapper\"><\/div><\/div><\/div><\/div><\/div><img loading=\"lazy\" decoding=\"async\" class=\"op3-element__image op3-element-image__image\" src=\"https:\/\/tienda-maestria.online\/tienda\/wp-content\/uploads\/2022\/09\/Untitled-521-\u00d7-479-px18-300x276.png\" alt=\"\" title=\"Untitled (521 \u00d7 479 px)(18)\" width=\"300\" height=\"276\" data-op3-attachment-id=\"166\" \/><\/p>\n<h2>Varicocele Testicular<\/h2>\n<p>El Casta\u00f1o de Indias combinado con los Rut\u00f3sidos es el mejor tratamiento natural para la Varicocele Testicular.<\/p>\n<\/p>\n<p><a class=\"op3-element__link op3-element-image__link op3-link\" href=\"https:\/\/productosdemaestria.com\/carrito\/?add-to-cart=133\" target=\"_blank\"  data-op-action=\"link\" data-op-select-funnel-step=\"\" data-op3-smooth-scroll=\"0\"><img decoding=\"async\" class=\"op3-element__image op3-element-image__image\" src=\"https:\/\/tienda-maestria.online\/tienda\/wp-content\/uploads\/2022\/11\/screenshot-2022-10-04-at-155944__opdb-op62aaca5380ff13-64725592-1-300x79.png\" alt=\"\" title=\"\" width=\"255.233\" data-op3-attachment-id=\"4101\" \/><\/a><\/p>\n<h2>S\u00f3lo $69<\/h2>\n<p><a href=\"#op3-element-eKa0ulDu\" class=\"op3-link op3-background-ancestor\" target=\"_self\"  data-op-action=\"jumpToElement\" data-op-select-funnel-step=\"\" data-op3-smooth-scroll=\"\" data-op-effect-style=\"\" data-op-effect-style-hover=\"\" data-op-courseaction=\"\">SABER M\u00c1S <\/a><\/p>\n<p>DESCRIPCI\u00d3N<\/p>\n<p>Mira el siguiente video para saber m\u00e1s sobre&nbsp; c\u00f3mo el Casta\u00f1o de Indias combinado con los Rut\u00f3sidos es el mejor tratamiento natural para la Varicocele Testicular.<\/p>\n<p>Estudios mencionados en el video<\/p>\n<p>Estudios que comprobar\u00f3n como el extracto de casta\u00f1o de indias mejoraba la condici\u00f3n (est\u00e1n en ingles): <\/p>\n<p><a href=\"http:\/\/www.ncbi.nlm.nih.gov\/pubmed\/23152216 \" target=\"_blank\" rel=\"nofollow\">http:\/\/www.ncbi.nlm.nih.gov\/pubmed\/23152216 <\/a><\/p>\n<p><a href=\"http:\/\/www.ncbi.nlm.nih.gov\/pubmed\/9828868 \" target=\"_blank\" rel=\"nofollow\">http:\/\/www.ncbi.nlm.nih.gov\/pubmed\/9828868 <\/a><\/p>\n<p><a href=\"http:\/\/www.ncbi.nlm.nih.gov\/pubmed\/11292962\" target=\"_blank\" rel=\"nofollow\">http:\/\/www.ncbi.nlm.nih.gov\/pubmed\/11292962<\/a><\/p>\n<p><img loading=\"lazy\" decoding=\"async\" class=\"op3-element__image op3-element-image__image\" src=\"https:\/\/tienda-maestria.online\/tienda\/wp-content\/uploads\/2022\/09\/Untitled-521-\u00d7-479-px18-300x276.png\" alt=\"\" title=\"Untitled (521 \u00d7 479 px)(18)\" width=\"300\" height=\"276\" data-op3-attachment-id=\"166\" \/><\/p>\n<h2>Varicocele Testicular<\/h2>\n<p>El Casta\u00f1o de Indias combinado con los Rut\u00f3sidos es el mejor tratamiento natural para la Varicocele Testicular.<\/p>\n<\/p>\n<p><a class=\"op3-element__link op3-element-image__link op3-link\" href=\"https:\/\/productosdemaestria.com\/carrito\/?add-to-cart=133\" target=\"_blank\"  data-op-action=\"link\" data-op-select-funnel-step=\"\" data-op3-smooth-scroll=\"0\"><img loading=\"lazy\" decoding=\"async\" class=\"op3-element__image op3-element-image__image\" src=\"https:\/\/tienda-maestria.online\/tienda\/wp-content\/uploads\/2022\/11\/screenshot-2022-10-04-at-155944__opdb-op62aaca5380ff13-64725592-1-300x79.png\" alt=\"\" title=\"\" width=\"300\" height=\"79\" data-op3-attachment-id=\"4101\" \/><\/a><\/p>\n<h2>S\u00f3lo $69<\/h2>\n<p><a href=\"https:\/\/tienda-maestria.online\/tienda\/tienda\" class=\"op3-link op3-background-ancestor\" target=\"_self\"  data-op-action=\"link\" data-op-select-funnel-step=\"\" data-op3-smooth-scroll=\"0\" data-op-effect-style=\"\" data-op-effect-style-hover=\"\" data-op-courseaction=\"\">VOLVER A LA TIENDA<\/a><\/p>\n<p>maestria sexual<\/p>\n<p>AYUDA<\/p>\n<p><a href=\"https:\/\/maestriasexual.com\/blog\" class=\"op3-list-menu-link\">BLOG<\/a><a href=\"https:\/\/tienda-maestria.online\/tienda\/#op3-element-7etnB4Qp\" class=\"op3-list-menu-link\">FAQ<\/a><a href=\"https:\/\/maestriasexual.es\/tienda\/afiliados\/\" class=\"op3-list-menu-link\">AFILIADOS<\/a><a href=\"https:\/\/tienda-maestria.online\/tienda\/politica-de-devolucion\/\" class=\"op3-list-menu-link\">POL\u00cdTICA DE REEMBOLSO<\/a><a href=\"https:\/\/tienda-maestria.online\/tienda\/politica-de-privacidad\/\" class=\"op3-list-menu-link\">POL\u00cdTICA DE PRIVACIDAD<\/a><\/p>\n<p>SUSCR\u00cdBETE PARA ACCEDER A OFERTAS ESPECIALES<\/p>\n<p><a href=\"#\" class=\"op3-link op3-background-ancestor\" target=\"_self\"  data-op-action=\"link\" data-op-select-funnel-step=\"\" data-op3-smooth-scroll=\"\" data-op-effect-style=\"\" data-op-effect-style-hover=\"\" data-op-courseaction=\"\">SUSCR\u00cdBETE<\/a><\/p>\n<p>\u00a9 2014-2025&nbsp; Maestria Sexual. Todos los derechos reservados.<\/p>\n<\/p>\n<p><a class=\"op3-element__link op3-element-icon__link op3-link\" href=\"https:\/\/www.facebook.com\/luigidomenico11\/\" target=\"_blank\"  data-op-action=\"\" data-op-select-funnel-step=\"\" data-op3-smooth-scroll=\"\"><\/a><a class=\"op3-element__link op3-element-icon__link op3-link\" href=\"https:\/\/www.tiktok.com\/@luigidomenico2\" target=\"_blank\"  data-op-action=\"\" data-op-select-funnel-step=\"\" data-op3-smooth-scroll=\"\"><\/a><a class=\"op3-element__link op3-element-icon__link op3-link\" href=\"https:\/\/www.youtube.com\/user\/conquistaraunachica1\" target=\"_blank\"  data-op-action=\"\" data-op-select-funnel-step=\"\" data-op3-smooth-scroll=\"\"><\/a><\/p>\n","protected":false},"excerpt":{"rendered":"<p>Todos nuestros precios estan en USD. Enviamos a todo el mundo &lt; Volver a la tienda Varicocele Testicular El Casta\u00f1o de Indias combinado con los Rut\u00f3sidos es el mejor tratamiento natural para la Varicocele Testicular. S\u00f3lo $69 SABER M\u00c1S DESCRIPCI\u00d3N Mira el siguiente video para saber m\u00e1s sobre&nbsp; c\u00f3mo el Casta\u00f1o de Indias combinado con [&hellip;]<\/p>\n","protected":false},"author":1,"featured_media":0,"parent":0,"menu_order":0,"comment_status":"open","ping_status":"closed","template":"op_builder_blank","meta":{"footnotes":""},"class_list":["post-3325","page","type-page","status-publish","hentry"],"_links":{"self":[{"href":"https:\/\/tienda-maestria.online\/tienda\/wp-json\/wp\/v2\/pages\/3325","targetHints":{"allow":["GET"]}}],"collection":[{"href":"https:\/\/tienda-maestria.online\/tienda\/wp-json\/wp\/v2\/pages"}],"about":[{"href":"https:\/\/tienda-maestria.online\/tienda\/wp-json\/wp\/v2\/types\/page"}],"author":[{"embeddable":true,"href":"https:\/\/tienda-maestria.online\/tienda\/wp-json\/wp\/v2\/users\/1"}],"replies":[{"embeddable":true,"href":"https:\/\/tienda-maestria.online\/tienda\/wp-json\/wp\/v2\/comments?post=3325"}],"version-history":[{"count":19,"href":"https:\/\/tienda-maestria.online\/tienda\/wp-json\/wp\/v2\/pages\/3325\/revisions"}],"predecessor-version":[{"id":4179,"href":"https:\/\/tienda-maestria.online\/tienda\/wp-json\/wp\/v2\/pages\/3325\/revisions\/4179"}],"wp:attachment":[{"href":"https:\/\/tienda-maestria.online\/tienda\/wp-json\/wp\/v2\/media?parent=3325"}],"curies":[{"name":"wp","href":"https:\/\/api.w.org\/{rel}","templated":true}]}}