{"id":3308,"date":"2022-10-01T11:02:12","date_gmt":"2022-10-01T11:02:12","guid":{"rendered":"https:\/\/tienda-maestria.online\/tienda\/?page_id=3308"},"modified":"2024-12-30T20:00:42","modified_gmt":"2024-12-30T20:00:42","slug":"horny-goat-weed","status":"publish","type":"page","link":"https:\/\/tienda-maestria.online\/tienda\/horny-goat-weed\/","title":{"rendered":"Horny Goat Weed"},"content":{"rendered":"<p>Todos nuestros precios estan en USD. Enviamos a todo el mundo<\/p>\n<h2><a href=\"https:\/\/tienda-maestria.online\/tienda\/tienda\/\" style=\"\">&lt; Volver a la tienda<\/a><\/h2>\n<p><a class=\"op3-element__link op3-element-image__link op3-link\" href=\"https:\/\/productosdemaestria.com\/carrito\/\" target=\"_blank\"  data-op-action=\"link\" data-op-select-funnel-step=\"\" data-op3-smooth-scroll=\"0\"><img decoding=\"async\" class=\"op3-element__image op3-element-image__image\" src=\"https:\/\/tienda-maestria.online\/tienda\/wp-content\/uploads\/2022\/10\/Screenshot-2022-10-04-at-16.02.22-300x48.png\" alt=\"\" title=\"\" width=\"387.433\" data-op3-attachment-id=\"3570\" \/><\/a><img loading=\"lazy\" decoding=\"async\" class=\"op3-element__image op3-element-image__image\" src=\"http:\/\/tienda-maestria.online\/tienda\/wp-content\/uploads\/2022\/09\/Screenshot-2020-04-05-at-16.55.13-1-1024x343-1-300x100.png\" alt=\"\" title=\"Screenshot-2020-04-05-at-16.55.13-1-1024x343\" width=\"300\" height=\"100\" data-op3-attachment-id=\"11\" \/><div id=\"op3-element-uJWHh9yy\" class=\"op3-element \" data-op3-uuid=\"uJWHh9yy\" data-op3-gid=\"\" data-op3-element-type=\"treemenu\" data-op3-element-spec=\"\" data-op3-element-caption=\"WP Menu #uJWHh9yy\" data-op-visibility-hidden=\"0\" data-op-element-hidden=\"0\" data-op3-style-id=\"\" data-op3-has-children=\"1\"><div class=\"op3-treemenu-content op3-background-parent\" data-op3-stack-columns-desktop=\"0\" data-op3-stack-columns-tablet=\"1\" data-op3-stack-columns-mobile=\"1\" data-op3-autosize-columns=\"0\" data-op3-menu-name=\"38\" data-op-animation=\"0\"><a aria-label=\"Menu Open\" class=\"op3-hamburger op3-element__tcp--non-a\" href=\"#\" data-op3-treemenu-styling=\"right\"><i class=\"op3-icon op3-icon-menu-34-2\" data-op3-icon=\"op3-icon-menu-34-2\"><svg class=\"op3-icon-svg\" width=\"1em\" height=\"1em\"><use href=\"https:\/\/tienda-maestria.online\/tienda\/wp-content\/plugins\/op-builder\/public\/assets\/cache\/page__3308.icons.svg?ver=1735588842#op3-icons-menu-34-2\" \/><\/svg><\/i><span class=\"op3-text\">Menu<\/span><\/a><a aria-label=\"Menu Close\" class=\"op3-hamburger-close op3-element__tcp--non-a\" href=\"#\"><i class=\"op3-icon op3-icon-simple-remove-2\" data-op3-icon=\"\" aria-label=\"Menu\"><svg class=\"op3-icon-svg\" width=\"1em\" height=\"1em\"><use href=\"https:\/\/tienda-maestria.online\/tienda\/wp-content\/plugins\/op-builder\/public\/assets\/cache\/page__3308.icons.svg?ver=1735588842#op3-icons-simple-remove-2\" \/><\/svg><\/i><span class=\"op3-text\">Close<\/span><\/a><div data-op3-children=\"5\"><div id=\"op3-element-jFiguxfr\" class=\"op3-element \" data-op3-uuid=\"jFiguxfr\" data-op3-gid=\"\" data-op3-element-type=\"treemenuitem\" data-op3-element-spec=\"treemenuitemlvl1\" data-op3-element-caption=\"Menu Item #jFiguxfr\" data-op-visibility-hidden=\"0\" data-op-element-hidden=\"0\" data-op3-style-id=\"\" data-op3-has-children=\"0\" data-op3-width-auto-toggle=\"1\"><div class=\"op3-treemenuitem-content op3-background-parent\" data-op3-menu-item-id=\"3562\"><a aria-label=\"Link\" class=\"op3-treemenuitem-link op3-element__tcp--non-a\" href=\"https:\/\/tienda-maestria.online\/tienda\/\" target=\"_self\"><i class=\"op3-icon op3-icon-link-71-1\" data-op3-icon=\"op3-icon-link-71-1\"><svg class=\"op3-icon-svg\" width=\"1em\" height=\"1em\"><use href=\"https:\/\/tienda-maestria.online\/tienda\/wp-content\/plugins\/op-builder\/public\/assets\/cache\/page__3308.icons.svg?ver=1735588842#op3-icons-link-71-1\" \/><\/svg><\/i><span class=\"op3-text\">INICIO<\/span><i class=\"op3-dropdown-icon op3-icon-small-down\"><svg class=\"op3-icon-svg\" width=\"1em\" height=\"1em\"><use href=\"https:\/\/tienda-maestria.online\/tienda\/wp-content\/plugins\/op-builder\/public\/assets\/cache\/page__3308.icons.svg?ver=1735588842#op3-icons-small-down\" \/><\/svg><\/i><\/a><div class=\"op3-treemenuitem-children-content op3-background-parent\"><div data-op3-children=\"0\"><\/div><div class=\"op3-triangle\"><div class=\"op3-triangle-ratio\"><div class=\"op3-triangle-wrapper\"><\/div><\/div><\/div><div data-op3-background=\"childwrap\"><\/div><\/div><div data-op3-background=\"base\"><\/div><\/div><\/div><div id=\"op3-element-v4bC4KeV\" class=\"op3-element \" data-op3-uuid=\"v4bC4KeV\" data-op3-gid=\"\" data-op3-element-type=\"treemenuitem\" data-op3-element-spec=\"treemenuitemlvl1\" data-op3-element-caption=\"Menu Item #v4bC4KeV\" data-op-visibility-hidden=\"0\" data-op-element-hidden=\"0\" data-op3-style-id=\"\" data-op3-has-children=\"0\" data-op3-width-auto-toggle=\"1\"><div class=\"op3-treemenuitem-content op3-background-parent\" data-op3-menu-item-id=\"3563\"><a aria-label=\"Link\" class=\"op3-treemenuitem-link op3-element__tcp--non-a\" href=\"https:\/\/tienda-maestria.online\/tienda\/tienda\" target=\"_self\"><i class=\"op3-icon op3-icon-link-71-1\" data-op3-icon=\"op3-icon-link-71-1\"><svg class=\"op3-icon-svg\" width=\"1em\" height=\"1em\"><use href=\"https:\/\/tienda-maestria.online\/tienda\/wp-content\/plugins\/op-builder\/public\/assets\/cache\/page__3308.icons.svg?ver=1735588842#op3-icons-link-71-1\" \/><\/svg><\/i><span class=\"op3-text\">TIENDA<\/span><i class=\"op3-dropdown-icon op3-icon-small-down\"><svg class=\"op3-icon-svg\" width=\"1em\" height=\"1em\"><use href=\"https:\/\/tienda-maestria.online\/tienda\/wp-content\/plugins\/op-builder\/public\/assets\/cache\/page__3308.icons.svg?ver=1735588842#op3-icons-small-down\" \/><\/svg><\/i><\/a><div class=\"op3-treemenuitem-children-content op3-background-parent\"><div data-op3-children=\"0\"><\/div><div class=\"op3-triangle\"><div class=\"op3-triangle-ratio\"><div class=\"op3-triangle-wrapper\"><\/div><\/div><\/div><div data-op3-background=\"childwrap\"><\/div><\/div><div data-op3-background=\"base\"><\/div><\/div><\/div><div id=\"op3-element-KryoFXTN\" class=\"op3-element \" data-op3-uuid=\"KryoFXTN\" data-op3-gid=\"\" data-op3-element-type=\"treemenuitem\" data-op3-element-spec=\"treemenuitemlvl1\" data-op3-element-caption=\"Menu Item #KryoFXTN\" data-op-visibility-hidden=\"0\" data-op-element-hidden=\"0\" data-op3-style-id=\"\" data-op3-has-children=\"0\" data-op3-width-auto-toggle=\"1\"><div class=\"op3-treemenuitem-content op3-background-parent\" data-op3-menu-item-id=\"3564\"><a aria-label=\"Link\" class=\"op3-treemenuitem-link op3-element__tcp--non-a\" href=\"https:\/\/tienda-maestria.online\/tienda\/cursos\/\" target=\"_self\"><i class=\"op3-icon op3-icon-link-71-1\" data-op3-icon=\"op3-icon-link-71-1\"><svg class=\"op3-icon-svg\" width=\"1em\" height=\"1em\"><use href=\"https:\/\/tienda-maestria.online\/tienda\/wp-content\/plugins\/op-builder\/public\/assets\/cache\/page__3308.icons.svg?ver=1735588842#op3-icons-link-71-1\" \/><\/svg><\/i><span class=\"op3-text\">CURSOS<\/span><i class=\"op3-dropdown-icon op3-icon-small-down\"><svg class=\"op3-icon-svg\" width=\"1em\" height=\"1em\"><use href=\"https:\/\/tienda-maestria.online\/tienda\/wp-content\/plugins\/op-builder\/public\/assets\/cache\/page__3308.icons.svg?ver=1735588842#op3-icons-small-down\" \/><\/svg><\/i><\/a><div class=\"op3-treemenuitem-children-content op3-background-parent\"><div data-op3-children=\"0\"><\/div><div class=\"op3-triangle\"><div class=\"op3-triangle-ratio\"><div class=\"op3-triangle-wrapper\"><\/div><\/div><\/div><div data-op3-background=\"childwrap\"><\/div><\/div><div data-op3-background=\"base\"><\/div><\/div><\/div><div id=\"op3-element-xiKEFKT1\" class=\"op3-element \" data-op3-uuid=\"xiKEFKT1\" data-op3-gid=\"\" data-op3-element-type=\"treemenuitem\" data-op3-element-spec=\"treemenuitemlvl1\" data-op3-element-caption=\"Menu Item #xiKEFKT1\" data-op-visibility-hidden=\"0\" data-op-element-hidden=\"0\" data-op3-style-id=\"\" data-op3-has-children=\"0\" data-op3-width-auto-toggle=\"1\"><div class=\"op3-treemenuitem-content op3-background-parent\" data-op3-menu-item-id=\"3565\"><a aria-label=\"Link\" class=\"op3-treemenuitem-link op3-element__tcp--non-a\" href=\"https:\/\/tienda-maestria.online\/tienda\/indispensables\/\" target=\"_self\"><i class=\"op3-icon op3-icon-link-71-1\" data-op3-icon=\"op3-icon-link-71-1\"><svg class=\"op3-icon-svg\" width=\"1em\" height=\"1em\"><use href=\"https:\/\/tienda-maestria.online\/tienda\/wp-content\/plugins\/op-builder\/public\/assets\/cache\/page__3308.icons.svg?ver=1735588842#op3-icons-link-71-1\" \/><\/svg><\/i><span class=\"op3-text\">INDISPENSABLES<\/span><i class=\"op3-dropdown-icon op3-icon-small-down\"><svg class=\"op3-icon-svg\" width=\"1em\" height=\"1em\"><use href=\"https:\/\/tienda-maestria.online\/tienda\/wp-content\/plugins\/op-builder\/public\/assets\/cache\/page__3308.icons.svg?ver=1735588842#op3-icons-small-down\" \/><\/svg><\/i><\/a><div class=\"op3-treemenuitem-children-content op3-background-parent\"><div data-op3-children=\"0\"><\/div><div class=\"op3-triangle\"><div class=\"op3-triangle-ratio\"><div class=\"op3-triangle-wrapper\"><\/div><\/div><\/div><div data-op3-background=\"childwrap\"><\/div><\/div><div data-op3-background=\"base\"><\/div><\/div><\/div><div id=\"op3-element-3MzCeda4\" class=\"op3-element \" data-op3-uuid=\"3MzCeda4\" data-op3-gid=\"\" data-op3-element-type=\"treemenuitem\" data-op3-element-spec=\"treemenuitemlvl1\" data-op3-element-caption=\"Menu Item #3MzCeda4\" data-op-visibility-hidden=\"0\" data-op-element-hidden=\"0\" data-op3-style-id=\"\" data-op3-has-children=\"0\" data-op3-width-auto-toggle=\"1\"><div class=\"op3-treemenuitem-content op3-background-parent\" data-op3-menu-item-id=\"3566\"><a aria-label=\"Link\" class=\"op3-treemenuitem-link op3-element__tcp--non-a\" href=\"https:\/\/tienda-maestria.online\/tienda\/contacto\/\" target=\"_self\"><i class=\"op3-icon op3-icon-link-71-1\" data-op3-icon=\"op3-icon-link-71-1\"><svg class=\"op3-icon-svg\" width=\"1em\" height=\"1em\"><use href=\"https:\/\/tienda-maestria.online\/tienda\/wp-content\/plugins\/op-builder\/public\/assets\/cache\/page__3308.icons.svg?ver=1735588842#op3-icons-link-71-1\" \/><\/svg><\/i><span class=\"op3-text\">CONTACTO<\/span><i class=\"op3-dropdown-icon op3-icon-small-down\"><svg class=\"op3-icon-svg\" width=\"1em\" height=\"1em\"><use href=\"https:\/\/tienda-maestria.online\/tienda\/wp-content\/plugins\/op-builder\/public\/assets\/cache\/page__3308.icons.svg?ver=1735588842#op3-icons-small-down\" \/><\/svg><\/i><\/a><div class=\"op3-treemenuitem-children-content op3-background-parent\"><div data-op3-children=\"0\"><\/div><div class=\"op3-triangle\"><div class=\"op3-triangle-ratio\"><div class=\"op3-triangle-wrapper\"><\/div><\/div><\/div><div data-op3-background=\"childwrap\"><\/div><\/div><div data-op3-background=\"base\"><\/div><\/div><\/div><\/div><div class=\"op3-triangle\"><div class=\"op3-triangle-ratio\"><div class=\"op3-triangle-wrapper\"><\/div><\/div><\/div><\/div><\/div><img loading=\"lazy\" decoding=\"async\" class=\"op3-element__image op3-element-image__image\" src=\"https:\/\/tienda-maestria.online\/tienda\/wp-content\/uploads\/2022\/10\/fsdfs-768x666-1.jpg\" alt=\"\" title=\"fsdfs-768x666\" width=\"768\" height=\"666\" data-op3-attachment-id=\"3311\" \/><\/p>\n<h2>Suplemento HGW<\/h2>\n<p>Mejora el riego sanguineo. Mejora la calidad de las erecciones. M\u00e1s potencia y l\u00edbido.<\/p>\n<\/p>\n<p><a class=\"op3-element__link op3-element-image__link op3-link\" href=\"https:\/\/productosdemaestria.com\/carrito\/?add-to-cart=114\" target=\"_blank\"  data-op-action=\"link\" data-op-select-funnel-step=\"\" data-op3-smooth-scroll=\"0\"><img decoding=\"async\" class=\"op3-element__image op3-element-image__image\" src=\"https:\/\/tienda-maestria.online\/tienda\/wp-content\/uploads\/2022\/11\/screenshot-2022-10-04-at-155944__opdb-op62aaca5380ff13-64725592-1-300x79.png\" alt=\"\" title=\"screenshot-2022-10-04-at-155944__opdb-op62aaca5380ff13-64725592-1\" width=\"255.233\" data-op3-attachment-id=\"4101\" \/><\/a><a href=\"#op3-element-vqvUFp3o\" class=\"op3-link op3-background-ancestor\" target=\"_self\"  data-op-action=\"jumpToElement\" data-op-select-funnel-step=\"\" data-op3-smooth-scroll=\"\" data-op-effect-style=\"\" data-op-effect-style-hover=\"\" data-op-courseaction=\"\">SABER M\u00c1S <\/a><\/p>\n<p>DESCRIPCI\u00d3NTESTIMONIOS<\/p>\n<p>Mira el siguiente video para saber m\u00e1s sobre nuestro suplemento Horny Goat Weed<\/p>\n<p>A continuaci\u00f3n te traigo un testimonio de unos de nuestros usuarios en el foro (tamb\u00e9n puedes leerlo directamente en el foro haciendo <a href=\"http:\/\/maestriasexual.org\/forum\/index.php?topic=3191.0\" target=\"_blank\">clic aqui<\/a>)<\/p>\n<p>\u00abHola amigos, debido que tengo muy poco tiempo libre para<br \/>\nleer el foro hy he entrado para contaros un anecdota de anoche, anoche<br \/>\nquede con una chica que nos enrollamos una noche pero por la borrachera<br \/>\ntuve que vomitar y no pudimos follar aunque tenia la polla dura incluso<br \/>\ncon lo mal que iba! Bien pues anoche quedamos y lo hicimos sin condon y<br \/>\nen una cama grande, hacia un par de semanas que deje de tomar el horny<br \/>\ngoad a diario porque compre arginina y zinc para suplemento diario y<br \/>\ntome dos capsulas un par de horas antes de verla, fue increible,<br \/>\nestubimos 1hora y 15 minutos follando sin parar,ella no podia mas y me<br \/>\nsuplico que parara un rato pero que no la sacara afuera,con el pene<br \/>\ndentro de su vagina hacia expansiones del musculo pc y ella gemia fuerte<br \/>\n a cada expansion del musculo,ella es multiorgasmica y se corrio muchas<br \/>\nveces,me dino que le iba el corazon atope y le temblaban las<br \/>\npiernas,cuando ella llego a casa se quedo dormida y yo me mire la<br \/>\nespalda cuando llegue a casa porque me ara\u00f1aba y no paro de gritar en<br \/>\ntodo el rato, me corri cuando yo quise que casi hasta tuve que forzar la<br \/>\n eyaculacion y sin duda fue su mejor polvo! Estoy muy contento porque<br \/>\nnoto los avanzes de los ejercicios de kegel y lo que puede llegar hacer<br \/>\nel horny goad solo para echar un polvo increible\u00bb<\/p>\n<p><img loading=\"lazy\" decoding=\"async\" class=\"op3-element__image op3-element-image__image\" src=\"https:\/\/tienda-maestria.online\/tienda\/wp-content\/uploads\/2022\/10\/IMG_1630-rotated.jpg\" alt=\"\" title=\"IMG_1630\" width=\"1080\" height=\"1920\" data-op3-attachment-id=\"3313\" \/><\/p>\n<p>Para X, Nuestro Suplemento jugo un papel fundamental en sus \u00edncreibles ganancias<\/p>\n<\/p>\n<h3>Rese\u00f1as en Amazon:<\/h3>\n<p>\u00abRealmente me encanta este producto, es lo mejor para aumentar la testosterona y la libido. Es natural y no me causa ninguna molestia en el est\u00f3mago, ni ning\u00fan efecto secundario. El \u00fanico problema ahora es que me novia no puede aguantar mi ritmo, no es una queja\u00bb <\/p>\n<\/p>\n<p><a class=\"op3-element__link op3-element-image__link op3-link\" href=\"https:\/\/tienda-maestria.online\/tienda\/wp-content\/uploads\/2022\/10\/Screen-Shot-2017-01-16-at-09.21.11.png\" target=\"_blank\"  data-op-action=\"linkToMediaFile\" data-op-select-funnel-step=\"\" data-op3-smooth-scroll=\"0\"><img loading=\"lazy\" decoding=\"async\" class=\"op3-element__image op3-element-image__image\" src=\"https:\/\/tienda-maestria.online\/tienda\/wp-content\/uploads\/2022\/10\/Screen-Shot-2017-01-16-at-09.21.11.png\" alt=\"\" title=\"Screen-Shot-2017-01-16-at-09.21.11\" width=\"1850\" height=\"438\" data-op3-attachment-id=\"3315\" \/><\/a><\/p>\n<p>\u00abSufro de bajos niveles de energia debido a la fibromialgia. Gracias a este suplemento he notado un aumento en mis niveles de energ\u00eda\u00bb<\/p>\n<\/p>\n<p><a class=\"op3-element__link op3-element-image__link op3-link\" href=\"https:\/\/tienda-maestria.online\/tienda\/wp-content\/uploads\/2022\/10\/Screen-Shot-2017-01-16-at-09.20.12.png\" target=\"_blank\"  data-op-action=\"linkToMediaFile\" data-op-select-funnel-step=\"\" data-op3-smooth-scroll=\"0\"><img loading=\"lazy\" decoding=\"async\" class=\"op3-element__image op3-element-image__image\" src=\"https:\/\/tienda-maestria.online\/tienda\/wp-content\/uploads\/2022\/10\/Screen-Shot-2017-01-16-at-09.20.12.png\" alt=\"\" title=\"Screen-Shot-2017-01-16-at-09.20.12\" width=\"1890\" height=\"670\" data-op3-attachment-id=\"3316\" \/><\/a><\/p>\n<p>\u00abEste producto realmente funciona, llevo tomandolo una semana. Note los efectos al cabo de algunos dias.&nbsp; Mi deseo sexual, estado de \u00e1nimo y energia han ido aumentando. Estoy muy satisfecho con los resultados.&nbsp; Realmente os recomiendo este producto\u00bb<\/p>\n<\/p>\n<p><a class=\"op3-element__link op3-element-image__link op3-link\" href=\"https:\/\/tienda-maestria.online\/tienda\/wp-content\/uploads\/2022\/10\/Screen-Shot-2017-01-16-at-09.19.59.png\" target=\"_blank\"  data-op-action=\"linkToMediaFile\" data-op-select-funnel-step=\"\" data-op3-smooth-scroll=\"0\"><img loading=\"lazy\" decoding=\"async\" class=\"op3-element__image op3-element-image__image\" src=\"https:\/\/tienda-maestria.online\/tienda\/wp-content\/uploads\/2022\/10\/Screen-Shot-2017-01-16-at-09.19.59.png\" alt=\"\" title=\"Screen-Shot-2017-01-16-at-09.19.59\" width=\"1874\" height=\"614\" data-op3-attachment-id=\"3317\" \/><\/a><\/p>\n<h3 style=\"text-align: left;\">Nuestros Suplemento Lleg\u00e1n Bien En Cualquier Parte Del Mundo<\/h3>\n<\/p>\n<p><a class=\"op3-element__link op3-element-image__link op3-link\" href=\"https:\/\/tienda-maestria.online\/tienda\/wp-content\/uploads\/2022\/10\/Screen-Shot-2017-01-16-at-09.32.51.png\" target=\"_blank\"  data-op-action=\"linkToMediaFile\" data-op-select-funnel-step=\"\" data-op3-smooth-scroll=\"0\"><img loading=\"lazy\" decoding=\"async\" class=\"op3-element__image op3-element-image__image\" src=\"https:\/\/tienda-maestria.online\/tienda\/wp-content\/uploads\/2022\/10\/Screen-Shot-2017-01-16-at-09.32.51.png\" alt=\"\" title=\"Screen-Shot-2017-01-16-at-09.32.51\" width=\"1696\" height=\"620\" data-op3-attachment-id=\"3318\" \/><\/a><\/p>\n<h2><\/h2>\n<p><img loading=\"lazy\" decoding=\"async\" class=\"op3-element__image op3-element-image__image\" src=\"https:\/\/tienda-maestria.online\/tienda\/wp-content\/uploads\/2022\/10\/fsdfs-768x666-1.jpg\" alt=\"\" title=\"fsdfs-768x666\" width=\"768\" height=\"666\" data-op3-attachment-id=\"3311\" \/><\/p>\n<h2>Suplemento HGW<\/h2>\n<p>Mejora el riego sanguineo. Mejora la calidad de las erecciones. M\u00e1s potencia y l\u00edbido.<\/p>\n<\/p>\n<p><a class=\"op3-element__link op3-element-image__link op3-link\" href=\"https:\/\/productosdemaestria.com\/carrito\/?add-to-cart=114\" target=\"_self\"  data-op-action=\"link\" data-op-select-funnel-step=\"\" data-op3-smooth-scroll=\"0\"><img loading=\"lazy\" decoding=\"async\" class=\"op3-element__image op3-element-image__image\" src=\"https:\/\/tienda-maestria.online\/tienda\/wp-content\/uploads\/2022\/11\/screenshot-2022-10-04-at-155944__opdb-op62aaca5380ff13-64725592-1-300x79.png\" alt=\"\" title=\"screenshot-2022-10-04-at-155944__opdb-op62aaca5380ff13-64725592-1\" width=\"512\" height=\"256\" data-op3-attachment-id=\"4101\" \/><\/a><a href=\"https:\/\/tienda-maestria.online\/tienda\/tienda\" class=\"op3-link op3-background-ancestor\" target=\"_self\"  data-op-action=\"link\" data-op-select-funnel-step=\"\" data-op3-smooth-scroll=\"0\" data-op-effect-style=\"\" data-op-effect-style-hover=\"\" data-op-courseaction=\"\">VOLVER A LA TIENDA<\/a><\/p>\n<p>maestria sexual<\/p>\n<p>AYUDA<\/p>\n<p><a href=\"https:\/\/maestriasexual.com\/blog\" class=\"op3-list-menu-link\">BLOG<\/a><a href=\"https:\/\/tienda-maestria.online\/tienda\/#op3-element-7etnB4Qp\" class=\"op3-list-menu-link\">FAQ<\/a><a href=\"https:\/\/maestriasexual.es\/tienda\/afiliados\/\" class=\"op3-list-menu-link\">AFILIADOS<\/a><a href=\"https:\/\/tienda-maestria.online\/tienda\/politica-de-devolucion\/\" class=\"op3-list-menu-link\">POL\u00cdTICA DE REEMBOLSO<\/a><a href=\"https:\/\/tienda-maestria.online\/tienda\/politica-de-privacidad\/\" class=\"op3-list-menu-link\">POL\u00cdTICA DE PRIVACIDAD<\/a><\/p>\n<p>SUSCR\u00cdBETE PARA ACCEDER A OFERTAS ESPECIALES<\/p>\n<p><a href=\"#\" class=\"op3-link op3-background-ancestor\" target=\"_self\"  data-op-action=\"link\" data-op-select-funnel-step=\"\" data-op3-smooth-scroll=\"\" data-op-effect-style=\"\" data-op-effect-style-hover=\"\" data-op-courseaction=\"\">SUSCR\u00cdBETE<\/a><\/p>\n<p>\u00a9 2014-2025 Maestria Sexual. Todos los derechos reservados.<\/p>\n<\/p>\n<p><a class=\"op3-element__link op3-element-icon__link op3-link\" href=\"https:\/\/www.facebook.com\/luigidomenico11\/\" target=\"_blank\"  data-op-action=\"\" data-op-select-funnel-step=\"\" data-op3-smooth-scroll=\"\"><\/a><a class=\"op3-element__link op3-element-icon__link op3-link\" href=\"https:\/\/www.tiktok.com\/@luigidomenico2\" target=\"_blank\"  data-op-action=\"\" data-op-select-funnel-step=\"\" data-op3-smooth-scroll=\"\"><\/a><a class=\"op3-element__link op3-element-icon__link op3-link\" href=\"https:\/\/www.youtube.com\/user\/conquistaraunachica1\" target=\"_blank\"  data-op-action=\"\" data-op-select-funnel-step=\"\" data-op3-smooth-scroll=\"\"><\/a><\/p>\n","protected":false},"excerpt":{"rendered":"<p>Todos nuestros precios estan en USD. Enviamos a todo el mundo &lt; Volver a la tienda Suplemento HGW Mejora el riego sanguineo. Mejora la calidad de las erecciones. M\u00e1s potencia y l\u00edbido. SABER M\u00c1S DESCRIPCI\u00d3NTESTIMONIOS Mira el siguiente video para saber m\u00e1s sobre nuestro suplemento Horny Goat Weed A continuaci\u00f3n te traigo un testimonio de [&hellip;]<\/p>\n","protected":false},"author":1,"featured_media":0,"parent":0,"menu_order":0,"comment_status":"open","ping_status":"closed","template":"op_builder_blank","meta":{"footnotes":""},"class_list":["post-3308","page","type-page","status-publish","hentry"],"_links":{"self":[{"href":"https:\/\/tienda-maestria.online\/tienda\/wp-json\/wp\/v2\/pages\/3308","targetHints":{"allow":["GET"]}}],"collection":[{"href":"https:\/\/tienda-maestria.online\/tienda\/wp-json\/wp\/v2\/pages"}],"about":[{"href":"https:\/\/tienda-maestria.online\/tienda\/wp-json\/wp\/v2\/types\/page"}],"author":[{"embeddable":true,"href":"https:\/\/tienda-maestria.online\/tienda\/wp-json\/wp\/v2\/users\/1"}],"replies":[{"embeddable":true,"href":"https:\/\/tienda-maestria.online\/tienda\/wp-json\/wp\/v2\/comments?post=3308"}],"version-history":[{"count":25,"href":"https:\/\/tienda-maestria.online\/tienda\/wp-json\/wp\/v2\/pages\/3308\/revisions"}],"predecessor-version":[{"id":4662,"href":"https:\/\/tienda-maestria.online\/tienda\/wp-json\/wp\/v2\/pages\/3308\/revisions\/4662"}],"wp:attachment":[{"href":"https:\/\/tienda-maestria.online\/tienda\/wp-json\/wp\/v2\/media?parent=3308"}],"curies":[{"name":"wp","href":"https:\/\/api.w.org\/{rel}","templated":true}]}}