{"id":311,"date":"2022-09-29T06:43:07","date_gmt":"2022-09-29T06:43:07","guid":{"rendered":"https:\/\/tienda-maestria.online\/tienda\/?page_id=311"},"modified":"2026-01-21T10:40:31","modified_gmt":"2026-01-21T10:40:31","slug":"afeitadora","status":"publish","type":"page","link":"https:\/\/tienda-maestria.online\/tienda\/afeitadora\/","title":{"rendered":"Afeitadora"},"content":{"rendered":"<p>Todos nuestros precios estan en USD. Enviamos a todo el mundo<\/p>\n<h2><a href=\"https:\/\/tienda-maestria.online\/tienda\/tienda\/\" style=\"\">&lt; Volver a la tienda<\/a><\/h2>\n<p><a aria-label=\"Image Link\" class=\"op3-element__link op3-element-image__link op3-link op3-element__tcp--non-a\" href=\"https:\/\/productosdemaestria.com\/carrito\/\" target=\"_blank\"  data-op-action=\"link\" data-op-select-funnel-step=\"\" data-op3-smooth-scroll=\"0\"><img decoding=\"async\" class=\"op3-element__image op3-element-image__image\" src=\"https:\/\/tienda-maestria.online\/tienda\/wp-content\/uploads\/2022\/10\/Screenshot-2022-10-04-at-16.02.22-300x48.png\" alt=\"\" title=\"\" width=\"386.917\" data-op3-attachment-id=\"3570\" \/><\/a><img loading=\"lazy\" decoding=\"async\" class=\"op3-element__image op3-element-image__image\" src=\"http:\/\/tienda-maestria.online\/tienda\/wp-content\/uploads\/2022\/09\/Screenshot-2020-04-05-at-16.55.13-1-1024x343-1-300x100.png\" alt=\"\" title=\"Screenshot-2020-04-05-at-16.55.13-1-1024x343\" width=\"300\" height=\"100\" data-op3-attachment-id=\"11\" \/><div id=\"metaslider-id-313\" style=\"width: 100%;\" class=\"ml-slider-3-104-0 metaslider metaslider-flex metaslider-313 ml-slider has-dots-nav ms-theme-default\" role=\"region\" aria-label=\"Nueva presentaci\u00f3n de diapositivas\" data-height=\"450\" data-width=\"450\">\n    <div id=\"metaslider_container_313\">\n        <div id=\"metaslider_313\">\n            <ul class='slides'>\n                <li style=\"display: block; width: 100%;\" class=\"slide-325 ms-image \" aria-roledescription=\"slide\" data-date=\"2022-09-29 06:14:53\" data-filename=\"ezgif.com-gif-maker2-450x450.jpeg\" data-slide-type=\"image\"><img loading=\"lazy\" decoding=\"async\" src=\"https:\/\/tienda-maestria.online\/tienda\/wp-content\/uploads\/2022\/09\/ezgif.com-gif-maker2-450x450.jpeg\" height=\"450\" width=\"450\" alt=\"\" class=\"slider-313 slide-325 msDefaultImage\" title=\"ezgif.com-gif-maker(2)\" \/><\/li>\n                <li style=\"display: none; width: 100%;\" class=\"slide-324 ms-image \" aria-roledescription=\"slide\" data-date=\"2022-09-29 06:14:53\" data-filename=\"ezgif.com-gif-maker3-450x450.jpeg\" data-slide-type=\"image\"><img loading=\"lazy\" decoding=\"async\" src=\"https:\/\/tienda-maestria.online\/tienda\/wp-content\/uploads\/2022\/09\/ezgif.com-gif-maker3-450x450.jpeg\" height=\"450\" width=\"450\" alt=\"\" class=\"slider-313 slide-324 msDefaultImage\" title=\"ezgif.com-gif-maker(3)\" \/><\/li>\n                <li style=\"display: none; width: 100%;\" class=\"slide-323 ms-image \" aria-roledescription=\"slide\" data-date=\"2022-09-29 06:14:53\" data-filename=\"ezgif.com-gif-maker4-450x450.jpeg\" data-slide-type=\"image\"><img loading=\"lazy\" decoding=\"async\" src=\"https:\/\/tienda-maestria.online\/tienda\/wp-content\/uploads\/2022\/09\/ezgif.com-gif-maker4-450x450.jpeg\" height=\"450\" width=\"450\" alt=\"\" class=\"slider-313 slide-323 msDefaultImage\" title=\"ezgif.com-gif-maker(4)\" \/><\/li>\n                <li style=\"display: none; width: 100%;\" class=\"slide-322 ms-image \" aria-roledescription=\"slide\" data-date=\"2022-09-29 06:14:53\" data-filename=\"ezgif.com-gif-maker5-450x450.jpeg\" data-slide-type=\"image\"><img loading=\"lazy\" decoding=\"async\" src=\"https:\/\/tienda-maestria.online\/tienda\/wp-content\/uploads\/2022\/09\/ezgif.com-gif-maker5-450x450.jpeg\" height=\"450\" width=\"450\" alt=\"\" class=\"slider-313 slide-322 msDefaultImage\" title=\"ezgif.com-gif-maker(5)\" \/><\/li>\n                <li style=\"display: none; width: 100%;\" class=\"slide-321 ms-image \" aria-roledescription=\"slide\" data-date=\"2022-09-29 06:14:53\" data-filename=\"ezgif.com-gif-maker6-450x450.jpeg\" data-slide-type=\"image\"><img loading=\"lazy\" decoding=\"async\" src=\"https:\/\/tienda-maestria.online\/tienda\/wp-content\/uploads\/2022\/09\/ezgif.com-gif-maker6-450x450.jpeg\" height=\"450\" width=\"450\" alt=\"\" class=\"slider-313 slide-321 msDefaultImage\" title=\"ezgif.com-gif-maker(6)\" \/><\/li>\n                <li style=\"display: none; width: 100%;\" class=\"slide-320 ms-image \" aria-roledescription=\"slide\" data-date=\"2022-09-29 06:14:53\" data-filename=\"ezgif.com-gif-maker7-450x450.jpeg\" data-slide-type=\"image\"><img loading=\"lazy\" decoding=\"async\" src=\"https:\/\/tienda-maestria.online\/tienda\/wp-content\/uploads\/2022\/09\/ezgif.com-gif-maker7-450x450.jpeg\" height=\"450\" width=\"450\" alt=\"\" class=\"slider-313 slide-320 msDefaultImage\" title=\"ezgif.com-gif-maker(7)\" \/><\/li>\n            <\/ul>\n        <\/div>\n        \n    <\/div>\n<\/div><\/p>\n<h2>AFEITADORA BATHMATE<\/h2>\n<p>Depilar la zona \u00edntima puede convertirse en una aut\u00e9ntica pesadilla: irritaciones, rasgu\u00f1os, cortes&#8230;<\/p>\n<p>Eso se ha acabado con la Afeitadora Bathmate<\/p>\n<\/p>\n<p><a aria-label=\"Image Link\" class=\"op3-element__link op3-element-image__link op3-link op3-element__tcp--non-a\" href=\"https:\/\/productosdemaestria.com\/carrito\/?add-to-cart=88\" target=\"_blank\"  data-op-action=\"link\" data-op-select-funnel-step=\"\" data-op3-smooth-scroll=\"0\"><img decoding=\"async\" class=\"op3-element__image op3-element-image__image\" src=\"https:\/\/tienda-maestria.online\/tienda\/wp-content\/uploads\/2022\/11\/screenshot-2022-10-04-at-155944__opdb-op62aaca5380ff13-64725592-1-300x79.png\" alt=\"\" title=\"\" width=\"255.233\" data-op3-attachment-id=\"4101\" \/><\/a><\/p>\n<h2>S\u00f3lo $69<\/h2>\n<p><a aria-label=\"Button link\" href=\"#op3-element-F0SmVTks\" class=\"op3-element__tcp--non-a op3-link op3-background-ancestor\" target=\"_self\"  data-op-action=\"jumpToElement\" data-op-select-funnel-step=\"\" data-op3-smooth-scroll=\"\" data-op-effect-style=\"\" data-op-effect-style-hover=\"\" data-op-courseaction=\"\">SABER M\u00c1S <\/a><\/p>\n<p>DESCRIPCI\u00d3N<\/p>\n<p>Mira el siguiente video el video para saber todo lo que necesitar saber sobre la depilaci\u00f3n \u00edntima masculina. La soluci\u00f3n que propongo es muy simple y te va a ahorrar muchas molestias, rasgu\u00f1os, incomodidades\u2026etc.<\/p>\n<\/p>\n<p>Lo s\u00e9, te cuesta cre\u00e9rtelo. No te culpo. Yo tampoco me lo creer\u00eda si a\u00f1os atr\u00e1s alguien me hubiese dicho que existe una m\u00e1quina que puedes pasar directamente sobre la piel de tu miembro\u2026y muchos menos si tambi\u00e9n me hubiesen dicho que esa misma m\u00e1quina la puedes pasar alrededor de los test\u00edculos, ano y zona p\u00fabica sin sufrir ning\u00fan tipo de corte, rasgu\u00f1o o irritaci\u00f3n.<\/p>\n<p>Pues esa m\u00e1quina existe y como una imagen vale m\u00e1s que mil palabras, sigue mirando m\u00e1s abajo para ver en un video sin censura como me afeito la zona \u00edntima con la afeitadora Bathmate.<\/p>\n<\/p>\n<h2>La AFEITADORA BATHMATE<\/h2>\n<p>Cuchillas de acero inoxidable para un corte preciso y ajustado.4 cabezales de 3, 6, 9 y 12mm para el afeitado genital, corporal e incluso facialErgon\u00f3micamente dise\u00f1ado para un agarre m\u00e1s c\u00f3modoSe recarga a trav\u00e9s del USBUna vez cargado, te permite 2 horas de uso sin ning\u00fan cable<img loading=\"lazy\" decoding=\"async\" class=\"op3-element__image op3-element-image__image\" src=\"https:\/\/tienda-maestria.online\/tienda\/wp-content\/uploads\/2022\/10\/unnamed6.png\" alt=\"\" title=\"unnamed6\" width=\"200\" height=\"200\" data-op3-attachment-id=\"3187\" \/><\/p>\n<h2>Motor de Alta Velocidad<\/h2>\n<p style=\"text-align: center;\">Dise\u00f1ado para el vello corporal. Puede con el bosque m\u00e1s denso<\/p>\n<p><img loading=\"lazy\" decoding=\"async\" class=\"op3-element__image op3-element-image__image\" src=\"https:\/\/tienda-maestria.online\/tienda\/wp-content\/uploads\/2022\/10\/unnamed4555.png\" alt=\"\" title=\"unnamed4555\" width=\"198\" height=\"198\" data-op3-attachment-id=\"3192\" \/><\/p>\n<h2>Carga R\u00e1pida<\/h2>\n<p style=\"text-align: center;\">2 horas de uso inal\u00e1mbrico por 90 minutos de carga<\/p>\n<p><img loading=\"lazy\" decoding=\"async\" class=\"op3-element__image op3-element-image__image\" src=\"https:\/\/tienda-maestria.online\/tienda\/wp-content\/uploads\/2022\/10\/unnamed2.png\" alt=\"\" title=\"unnamed2\" width=\"198\" height=\"198\" data-op3-attachment-id=\"3191\" \/><\/p>\n<h2>Recargable via USB<\/h2>\n<p style=\"text-align: center;\">Incluye luz LED que te informa del nivel de bater\u00eda<\/p>\n<p><img loading=\"lazy\" decoding=\"async\" class=\"op3-element__image op3-element-image__image\" src=\"https:\/\/tienda-maestria.online\/tienda\/wp-content\/uploads\/2022\/10\/unnamed3.png\" alt=\"\" title=\"unnamed3\" width=\"198\" height=\"198\" data-op3-attachment-id=\"3190\" \/><\/p>\n<h2>Rasurado Ajustable<\/h2>\n<p style=\"text-align: center;\">4 cabezales de distintos ajustes para elegir el rasurado ideal<\/p>\n<p><img loading=\"lazy\" decoding=\"async\" class=\"op3-element__image op3-element-image__image\" src=\"https:\/\/tienda-maestria.online\/tienda\/wp-content\/uploads\/2022\/10\/unnamed4.png\" alt=\"\" title=\"unnamed4\" width=\"198\" height=\"198\" data-op3-attachment-id=\"3189\" \/><\/p>\n<h2>Tecnolog\u00eda de Precisi\u00f3n<\/h2>\n<p style=\"text-align: center;\">Para esas zonas sensibles y dif\u00edciles de llegar<\/p>\n<p><img loading=\"lazy\" decoding=\"async\" class=\"op3-element__image op3-element-image__image\" src=\"https:\/\/tienda-maestria.online\/tienda\/wp-content\/uploads\/2022\/10\/unnamed5.png\" alt=\"\" title=\"unnamed5\" width=\"198\" height=\"198\" data-op3-attachment-id=\"3188\" \/><\/p>\n<h2>Dise\u00f1o Ergon\u00f3mico<\/h2>\n<p style=\"text-align: center;\">Para un control total de la m\u00e1quina<\/p>\n<div id=\"metaslider-id-3196\" style=\"width: 100%;\" class=\"ml-slider-3-104-0 metaslider metaslider-flex metaslider-3196 ml-slider has-dots-nav ms-theme-default\" role=\"region\" aria-label=\"Nueva presentaci\u00f3n de diapositivas\" data-height=\"450\" data-width=\"450\">\n    <div id=\"metaslider_container_3196\">\n        <div id=\"metaslider_3196\">\n            <ul class='slides'>\n                <li style=\"display: block; width: 100%;\" class=\"slide-3197 ms-image \" aria-roledescription=\"slide\" data-date=\"2022-10-01 07:23:19\" data-filename=\"ezgif.com-gif-maker2-450x450.jpeg\" data-slide-type=\"image\"><img loading=\"lazy\" decoding=\"async\" src=\"https:\/\/tienda-maestria.online\/tienda\/wp-content\/uploads\/2022\/09\/ezgif.com-gif-maker2-450x450.jpeg\" height=\"450\" width=\"450\" alt=\"\" class=\"slider-3196 slide-3197 msDefaultImage\" title=\"ezgif.com-gif-maker(2)\" \/><\/li>\n                <li style=\"display: none; width: 100%;\" class=\"slide-3198 ms-image \" aria-roledescription=\"slide\" data-date=\"2022-10-01 07:23:19\" data-filename=\"ezgif.com-gif-maker3-450x450.jpeg\" data-slide-type=\"image\"><img loading=\"lazy\" decoding=\"async\" src=\"https:\/\/tienda-maestria.online\/tienda\/wp-content\/uploads\/2022\/09\/ezgif.com-gif-maker3-450x450.jpeg\" height=\"450\" width=\"450\" alt=\"\" class=\"slider-3196 slide-3198 msDefaultImage\" title=\"ezgif.com-gif-maker(3)\" \/><\/li>\n                <li style=\"display: none; width: 100%;\" class=\"slide-3199 ms-image \" aria-roledescription=\"slide\" data-date=\"2022-10-01 07:23:19\" data-filename=\"ezgif.com-gif-maker4-450x450.jpeg\" data-slide-type=\"image\"><img loading=\"lazy\" decoding=\"async\" src=\"https:\/\/tienda-maestria.online\/tienda\/wp-content\/uploads\/2022\/09\/ezgif.com-gif-maker4-450x450.jpeg\" height=\"450\" width=\"450\" alt=\"\" class=\"slider-3196 slide-3199 msDefaultImage\" title=\"ezgif.com-gif-maker(4)\" \/><\/li>\n                <li style=\"display: none; width: 100%;\" class=\"slide-3200 ms-image \" aria-roledescription=\"slide\" data-date=\"2022-10-01 07:23:19\" data-filename=\"ezgif.com-gif-maker5-450x450.jpeg\" data-slide-type=\"image\"><img loading=\"lazy\" decoding=\"async\" src=\"https:\/\/tienda-maestria.online\/tienda\/wp-content\/uploads\/2022\/09\/ezgif.com-gif-maker5-450x450.jpeg\" height=\"450\" width=\"450\" alt=\"\" class=\"slider-3196 slide-3200 msDefaultImage\" title=\"ezgif.com-gif-maker(5)\" \/><\/li>\n                <li style=\"display: none; width: 100%;\" class=\"slide-3201 ms-image \" aria-roledescription=\"slide\" data-date=\"2022-10-01 07:23:19\" data-filename=\"ezgif.com-gif-maker6-450x450.jpeg\" data-slide-type=\"image\"><img loading=\"lazy\" decoding=\"async\" src=\"https:\/\/tienda-maestria.online\/tienda\/wp-content\/uploads\/2022\/09\/ezgif.com-gif-maker6-450x450.jpeg\" height=\"450\" width=\"450\" alt=\"\" class=\"slider-3196 slide-3201 msDefaultImage\" title=\"ezgif.com-gif-maker(6)\" \/><\/li>\n                <li style=\"display: none; width: 100%;\" class=\"slide-3202 ms-image \" aria-roledescription=\"slide\" data-date=\"2022-10-01 07:23:19\" data-filename=\"ezgif.com-gif-maker7-450x450.jpeg\" data-slide-type=\"image\"><img loading=\"lazy\" decoding=\"async\" src=\"https:\/\/tienda-maestria.online\/tienda\/wp-content\/uploads\/2022\/09\/ezgif.com-gif-maker7-450x450.jpeg\" height=\"450\" width=\"450\" alt=\"\" class=\"slider-3196 slide-3202 msDefaultImage\" title=\"ezgif.com-gif-maker(7)\" \/><\/li>\n            <\/ul>\n        <\/div>\n        \n    <\/div>\n<\/div>\n<h2>AFEITADORA BATHMATE<\/h2>\n<p>Depilar la zona \u00edntima puede convertirse en una aut\u00e9ntica pesadilla: irritaciones, rasgu\u00f1os, cortes&#8230;<\/p>\n<p>Eso se ha acabado con la Afeitadora Bathmate<\/p>\n<\/p>\n<p><a aria-label=\"Image Link\" class=\"op3-element__link op3-element-image__link op3-link op3-element__tcp--non-a\" href=\"https:\/\/productosdemaestria.com\/carrito\/?add-to-cart=88\" target=\"_blank\"  data-op-action=\"link\" data-op-select-funnel-step=\"\" data-op3-smooth-scroll=\"0\"><img loading=\"lazy\" decoding=\"async\" class=\"op3-element__image op3-element-image__image\" src=\"https:\/\/tienda-maestria.online\/tienda\/wp-content\/uploads\/2022\/11\/screenshot-2022-10-04-at-155944__opdb-op62aaca5380ff13-64725592-1-300x79.png\" alt=\"\" title=\"\" width=\"512\" height=\"256\" data-op3-attachment-id=\"4101\" \/><\/a><\/p>\n<h2>S\u00f3lo $69<\/h2>\n<p><a aria-label=\"Button link\" href=\"https:\/\/tienda-maestria.online\/tienda\/tienda\" class=\"op3-element__tcp--non-a op3-link op3-background-ancestor\" target=\"_self\"  data-op-action=\"link\" data-op-select-funnel-step=\"\" data-op3-smooth-scroll=\"0\" data-op-effect-style=\"\" data-op-effect-style-hover=\"\" data-op-courseaction=\"\">VOLVER A LA TIENDA<\/a><\/p>\n<p>maestria sexual<\/p>\n<p>AYUDA<\/p>\n<p><a  href=\"https:\/\/maestriasexual.com\/blog\" class=\"op3-list-menu-link\">BLOG<\/a><a  href=\"https:\/\/tienda-maestria.online\/tienda\/#op3-element-7etnB4Qp\" class=\"op3-list-menu-link\">FAQ<\/a><a  href=\"https:\/\/productosdemaestria.com\/\" class=\"op3-list-menu-link\">ACCEDER A CUENTA<\/a><a  href=\"https:\/\/maestriasexual.es\/tienda\/afiliados\/\" class=\"op3-list-menu-link\">AFILIADOS<\/a><a  href=\"https:\/\/tienda-maestria.online\/tienda\/politica-de-devolucion\/\" class=\"op3-list-menu-link\">POL\u00cdTICA DE REEMBOLSO<\/a><a  href=\"https:\/\/tienda-maestria.online\/tienda\/politica-de-privacidad\/\" class=\"op3-list-menu-link\">POL\u00cdTICA DE PRIVACIDAD<\/a><\/p>\n<p>SUSCR\u00cdBETE PARA ACCEDER A OFERTAS ESPECIALES<\/p>\n<p><a aria-label=\"Button link\" href=\"#\" class=\"op3-element__tcp--non-a op3-link op3-background-ancestor\" target=\"_self\"  data-op-action=\"link\" data-op-select-funnel-step=\"\" data-op3-smooth-scroll=\"\" data-op-effect-style=\"\" data-op-effect-style-hover=\"\" data-op-courseaction=\"\">SUSCR\u00cdBETE<\/a><\/p>\n<p>\u00a9 2014-2026&nbsp; Maestria Sexual. Todos los derechos reservados.<\/p>\n<\/p>\n<p><a aria-label=\"Link\" class=\"op3-element__link op3-element-icon__link op3-element__tcp--non-a op3-link\" href=\"https:\/\/www.facebook.com\/luigidomenico11\/\" target=\"_blank\"  data-op-action=\"\" data-op-select-funnel-step=\"\" data-op3-smooth-scroll=\"\"><\/a><a aria-label=\"Link\" class=\"op3-element__link op3-element-icon__link op3-element__tcp--non-a op3-link\" href=\"https:\/\/www.tiktok.com\/@luigidomenico2\" target=\"_blank\"  data-op-action=\"\" data-op-select-funnel-step=\"\" data-op3-smooth-scroll=\"\"><\/a><a aria-label=\"Link\" class=\"op3-element__link op3-element-icon__link op3-element__tcp--non-a op3-link\" href=\"https:\/\/www.youtube.com\/user\/conquistaraunachica1\" target=\"_blank\"  data-op-action=\"\" data-op-select-funnel-step=\"\" data-op3-smooth-scroll=\"\"><\/a><\/p>\n","protected":false},"excerpt":{"rendered":"<p>Todos nuestros precios estan en USD. Enviamos a todo el mundo &lt; Volver a la tienda AFEITADORA BATHMATE Depilar la zona \u00edntima puede convertirse en una aut\u00e9ntica pesadilla: irritaciones, rasgu\u00f1os, cortes&#8230; Eso se ha acabado con la Afeitadora Bathmate S\u00f3lo $69 SABER M\u00c1S DESCRIPCI\u00d3N Mira el siguiente video el video para saber todo lo que [&hellip;]<\/p>\n","protected":false},"author":1,"featured_media":0,"parent":0,"menu_order":0,"comment_status":"open","ping_status":"closed","template":"op_builder_blank","meta":{"footnotes":""},"class_list":["post-311","page","type-page","status-publish","hentry"],"_links":{"self":[{"href":"https:\/\/tienda-maestria.online\/tienda\/wp-json\/wp\/v2\/pages\/311","targetHints":{"allow":["GET"]}}],"collection":[{"href":"https:\/\/tienda-maestria.online\/tienda\/wp-json\/wp\/v2\/pages"}],"about":[{"href":"https:\/\/tienda-maestria.online\/tienda\/wp-json\/wp\/v2\/types\/page"}],"author":[{"embeddable":true,"href":"https:\/\/tienda-maestria.online\/tienda\/wp-json\/wp\/v2\/users\/1"}],"replies":[{"embeddable":true,"href":"https:\/\/tienda-maestria.online\/tienda\/wp-json\/wp\/v2\/comments?post=311"}],"version-history":[{"count":36,"href":"https:\/\/tienda-maestria.online\/tienda\/wp-json\/wp\/v2\/pages\/311\/revisions"}],"predecessor-version":[{"id":4150,"href":"https:\/\/tienda-maestria.online\/tienda\/wp-json\/wp\/v2\/pages\/311\/revisions\/4150"}],"wp:attachment":[{"href":"https:\/\/tienda-maestria.online\/tienda\/wp-json\/wp\/v2\/media?parent=311"}],"curies":[{"name":"wp","href":"https:\/\/api.w.org\/{rel}","templated":true}]}}