{"id":267,"date":"2022-09-29T06:06:56","date_gmt":"2022-09-29T06:06:56","guid":{"rendered":"https:\/\/tienda-maestria.online\/tienda\/?page_id=267"},"modified":"2024-12-30T19:41:34","modified_gmt":"2024-12-30T19:41:34","slug":"bathmate-control","status":"publish","type":"page","link":"https:\/\/tienda-maestria.online\/tienda\/bathmate-control\/","title":{"rendered":"BATHMATE CONTROL"},"content":{"rendered":"<p>Todos nuestros precios estan en USD. Enviamos a todo el mundo<\/p>\n<h2><a href=\"https:\/\/tienda-maestria.online\/tienda\/tienda\/\">&lt; Volver a la tienda<\/a><\/h2>\n<p><a class=\"op3-element__link op3-element-image__link op3-link\" href=\"https:\/\/productosdemaestria.com\/carrito\/\" target=\"_blank\"  data-op-action=\"link\" data-op-select-funnel-step=\"\" data-op3-smooth-scroll=\"0\"><img decoding=\"async\" class=\"op3-element__image op3-element-image__image\" src=\"https:\/\/tienda-maestria.online\/tienda\/wp-content\/uploads\/2022\/10\/Screenshot-2022-10-04-at-16.02.22-300x48.png\" alt=\"\" title=\"\" width=\"387.433\" data-op3-attachment-id=\"3570\" \/><\/a><img loading=\"lazy\" decoding=\"async\" class=\"op3-element__image op3-element-image__image\" src=\"http:\/\/tienda-maestria.online\/tienda\/wp-content\/uploads\/2022\/09\/Screenshot-2020-04-05-at-16.55.13-1-1024x343-1-300x100.png\" alt=\"\" title=\"Screenshot-2020-04-05-at-16.55.13-1-1024x343\" width=\"300\" height=\"100\" data-op3-attachment-id=\"11\" \/><div id=\"op3-element-uJWHh9yy\" class=\"op3-element \" data-op3-uuid=\"uJWHh9yy\" data-op3-gid=\"\" data-op3-element-type=\"treemenu\" data-op3-element-spec=\"\" data-op3-element-caption=\"WP Menu #uJWHh9yy\" data-op-visibility-hidden=\"0\" data-op-element-hidden=\"0\" data-op3-style-id=\"\" data-op3-has-children=\"1\"><div class=\"op3-treemenu-content op3-background-parent\" data-op3-stack-columns-desktop=\"0\" data-op3-stack-columns-tablet=\"1\" data-op3-stack-columns-mobile=\"1\" data-op3-autosize-columns=\"0\" data-op3-menu-name=\"38\" data-op-animation=\"0\"><a aria-label=\"Menu Open\" class=\"op3-hamburger op3-element__tcp--non-a\" href=\"#\" data-op3-treemenu-styling=\"right\"><i class=\"op3-icon op3-icon-menu-34-2\" data-op3-icon=\"op3-icon-menu-34-2\"><svg class=\"op3-icon-svg\" width=\"1em\" height=\"1em\"><use href=\"https:\/\/tienda-maestria.online\/tienda\/wp-content\/plugins\/op-builder\/public\/assets\/cache\/page__267.icons.svg?ver=1735587693#op3-icons-menu-34-2\" \/><\/svg><\/i><span class=\"op3-text\">Menu<\/span><\/a><a aria-label=\"Menu Close\" class=\"op3-hamburger-close op3-element__tcp--non-a\" href=\"#\"><i class=\"op3-icon op3-icon-simple-remove-2\" data-op3-icon=\"\" aria-label=\"Menu\"><svg class=\"op3-icon-svg\" width=\"1em\" height=\"1em\"><use href=\"https:\/\/tienda-maestria.online\/tienda\/wp-content\/plugins\/op-builder\/public\/assets\/cache\/page__267.icons.svg?ver=1735587693#op3-icons-simple-remove-2\" \/><\/svg><\/i><span class=\"op3-text\">Close<\/span><\/a><div data-op3-children=\"5\"><div id=\"op3-element-xcjCgPSp\" class=\"op3-element \" data-op3-uuid=\"xcjCgPSp\" data-op3-gid=\"\" data-op3-element-type=\"treemenuitem\" data-op3-element-spec=\"treemenuitemlvl1\" data-op3-element-caption=\"Menu Item #xcjCgPSp\" data-op-visibility-hidden=\"0\" data-op-element-hidden=\"0\" data-op3-style-id=\"\" data-op3-has-children=\"0\" data-op3-width-auto-toggle=\"1\"><div class=\"op3-treemenuitem-content op3-background-parent\" data-op3-menu-item-id=\"3562\"><a aria-label=\"Link\" class=\"op3-treemenuitem-link op3-element__tcp--non-a\" href=\"https:\/\/tienda-maestria.online\/tienda\/\" target=\"_self\"><i class=\"op3-icon op3-icon-link-71-1\" data-op3-icon=\"op3-icon-link-71-1\"><svg class=\"op3-icon-svg\" width=\"1em\" height=\"1em\"><use href=\"https:\/\/tienda-maestria.online\/tienda\/wp-content\/plugins\/op-builder\/public\/assets\/cache\/page__267.icons.svg?ver=1735587693#op3-icons-link-71-1\" \/><\/svg><\/i><span class=\"op3-text\">INICIO<\/span><i class=\"op3-dropdown-icon op3-icon-small-down\"><svg class=\"op3-icon-svg\" width=\"1em\" height=\"1em\"><use href=\"https:\/\/tienda-maestria.online\/tienda\/wp-content\/plugins\/op-builder\/public\/assets\/cache\/page__267.icons.svg?ver=1735587693#op3-icons-small-down\" \/><\/svg><\/i><\/a><div class=\"op3-treemenuitem-children-content op3-background-parent\"><div data-op3-children=\"0\"><\/div><div class=\"op3-triangle\"><div class=\"op3-triangle-ratio\"><div class=\"op3-triangle-wrapper\"><\/div><\/div><\/div><div data-op3-background=\"childwrap\"><\/div><\/div><div data-op3-background=\"base\"><\/div><\/div><\/div><div id=\"op3-element-HBYLJda1\" class=\"op3-element \" data-op3-uuid=\"HBYLJda1\" data-op3-gid=\"\" data-op3-element-type=\"treemenuitem\" data-op3-element-spec=\"treemenuitemlvl1\" data-op3-element-caption=\"Menu Item #HBYLJda1\" data-op-visibility-hidden=\"0\" data-op-element-hidden=\"0\" data-op3-style-id=\"\" data-op3-has-children=\"0\" data-op3-width-auto-toggle=\"1\"><div class=\"op3-treemenuitem-content op3-background-parent\" data-op3-menu-item-id=\"3563\"><a aria-label=\"Link\" class=\"op3-treemenuitem-link op3-element__tcp--non-a\" href=\"https:\/\/tienda-maestria.online\/tienda\/tienda\" target=\"_self\"><i class=\"op3-icon op3-icon-link-71-1\" data-op3-icon=\"op3-icon-link-71-1\"><svg class=\"op3-icon-svg\" width=\"1em\" height=\"1em\"><use href=\"https:\/\/tienda-maestria.online\/tienda\/wp-content\/plugins\/op-builder\/public\/assets\/cache\/page__267.icons.svg?ver=1735587693#op3-icons-link-71-1\" \/><\/svg><\/i><span class=\"op3-text\">TIENDA<\/span><i class=\"op3-dropdown-icon op3-icon-small-down\"><svg class=\"op3-icon-svg\" width=\"1em\" height=\"1em\"><use href=\"https:\/\/tienda-maestria.online\/tienda\/wp-content\/plugins\/op-builder\/public\/assets\/cache\/page__267.icons.svg?ver=1735587693#op3-icons-small-down\" \/><\/svg><\/i><\/a><div class=\"op3-treemenuitem-children-content op3-background-parent\"><div data-op3-children=\"0\"><\/div><div class=\"op3-triangle\"><div class=\"op3-triangle-ratio\"><div class=\"op3-triangle-wrapper\"><\/div><\/div><\/div><div data-op3-background=\"childwrap\"><\/div><\/div><div data-op3-background=\"base\"><\/div><\/div><\/div><div id=\"op3-element-dlmXlhxc\" class=\"op3-element \" data-op3-uuid=\"dlmXlhxc\" data-op3-gid=\"\" data-op3-element-type=\"treemenuitem\" data-op3-element-spec=\"treemenuitemlvl1\" data-op3-element-caption=\"Menu Item #dlmXlhxc\" data-op-visibility-hidden=\"0\" data-op-element-hidden=\"0\" data-op3-style-id=\"\" data-op3-has-children=\"0\" data-op3-width-auto-toggle=\"1\"><div class=\"op3-treemenuitem-content op3-background-parent\" data-op3-menu-item-id=\"3564\"><a aria-label=\"Link\" class=\"op3-treemenuitem-link op3-element__tcp--non-a\" href=\"https:\/\/tienda-maestria.online\/tienda\/cursos\/\" target=\"_self\"><i class=\"op3-icon op3-icon-link-71-1\" data-op3-icon=\"op3-icon-link-71-1\"><svg class=\"op3-icon-svg\" width=\"1em\" height=\"1em\"><use href=\"https:\/\/tienda-maestria.online\/tienda\/wp-content\/plugins\/op-builder\/public\/assets\/cache\/page__267.icons.svg?ver=1735587693#op3-icons-link-71-1\" \/><\/svg><\/i><span class=\"op3-text\">CURSOS<\/span><i class=\"op3-dropdown-icon op3-icon-small-down\"><svg class=\"op3-icon-svg\" width=\"1em\" height=\"1em\"><use href=\"https:\/\/tienda-maestria.online\/tienda\/wp-content\/plugins\/op-builder\/public\/assets\/cache\/page__267.icons.svg?ver=1735587693#op3-icons-small-down\" \/><\/svg><\/i><\/a><div class=\"op3-treemenuitem-children-content op3-background-parent\"><div data-op3-children=\"0\"><\/div><div class=\"op3-triangle\"><div class=\"op3-triangle-ratio\"><div class=\"op3-triangle-wrapper\"><\/div><\/div><\/div><div data-op3-background=\"childwrap\"><\/div><\/div><div data-op3-background=\"base\"><\/div><\/div><\/div><div id=\"op3-element-M90cNBF4\" class=\"op3-element \" data-op3-uuid=\"M90cNBF4\" data-op3-gid=\"\" data-op3-element-type=\"treemenuitem\" data-op3-element-spec=\"treemenuitemlvl1\" data-op3-element-caption=\"Menu Item #M90cNBF4\" data-op-visibility-hidden=\"0\" data-op-element-hidden=\"0\" data-op3-style-id=\"\" data-op3-has-children=\"0\" data-op3-width-auto-toggle=\"1\"><div class=\"op3-treemenuitem-content op3-background-parent\" data-op3-menu-item-id=\"3565\"><a aria-label=\"Link\" class=\"op3-treemenuitem-link op3-element__tcp--non-a\" href=\"https:\/\/tienda-maestria.online\/tienda\/indispensables\/\" target=\"_self\"><i class=\"op3-icon op3-icon-link-71-1\" data-op3-icon=\"op3-icon-link-71-1\"><svg class=\"op3-icon-svg\" width=\"1em\" height=\"1em\"><use href=\"https:\/\/tienda-maestria.online\/tienda\/wp-content\/plugins\/op-builder\/public\/assets\/cache\/page__267.icons.svg?ver=1735587693#op3-icons-link-71-1\" \/><\/svg><\/i><span class=\"op3-text\">INDISPENSABLES<\/span><i class=\"op3-dropdown-icon op3-icon-small-down\"><svg class=\"op3-icon-svg\" width=\"1em\" height=\"1em\"><use href=\"https:\/\/tienda-maestria.online\/tienda\/wp-content\/plugins\/op-builder\/public\/assets\/cache\/page__267.icons.svg?ver=1735587693#op3-icons-small-down\" \/><\/svg><\/i><\/a><div class=\"op3-treemenuitem-children-content op3-background-parent\"><div data-op3-children=\"0\"><\/div><div class=\"op3-triangle\"><div class=\"op3-triangle-ratio\"><div class=\"op3-triangle-wrapper\"><\/div><\/div><\/div><div data-op3-background=\"childwrap\"><\/div><\/div><div data-op3-background=\"base\"><\/div><\/div><\/div><div id=\"op3-element-lPHqgO2C\" class=\"op3-element \" data-op3-uuid=\"lPHqgO2C\" data-op3-gid=\"\" data-op3-element-type=\"treemenuitem\" data-op3-element-spec=\"treemenuitemlvl1\" data-op3-element-caption=\"Menu Item #lPHqgO2C\" data-op-visibility-hidden=\"0\" data-op-element-hidden=\"0\" data-op3-style-id=\"\" data-op3-has-children=\"0\" data-op3-width-auto-toggle=\"1\"><div class=\"op3-treemenuitem-content op3-background-parent\" data-op3-menu-item-id=\"3566\"><a aria-label=\"Link\" class=\"op3-treemenuitem-link op3-element__tcp--non-a\" href=\"https:\/\/tienda-maestria.online\/tienda\/contacto\/\" target=\"_self\"><i class=\"op3-icon op3-icon-link-71-1\" data-op3-icon=\"op3-icon-link-71-1\"><svg class=\"op3-icon-svg\" width=\"1em\" height=\"1em\"><use href=\"https:\/\/tienda-maestria.online\/tienda\/wp-content\/plugins\/op-builder\/public\/assets\/cache\/page__267.icons.svg?ver=1735587693#op3-icons-link-71-1\" \/><\/svg><\/i><span class=\"op3-text\">CONTACTO<\/span><i class=\"op3-dropdown-icon op3-icon-small-down\"><svg class=\"op3-icon-svg\" width=\"1em\" height=\"1em\"><use href=\"https:\/\/tienda-maestria.online\/tienda\/wp-content\/plugins\/op-builder\/public\/assets\/cache\/page__267.icons.svg?ver=1735587693#op3-icons-small-down\" \/><\/svg><\/i><\/a><div class=\"op3-treemenuitem-children-content op3-background-parent\"><div data-op3-children=\"0\"><\/div><div class=\"op3-triangle\"><div class=\"op3-triangle-ratio\"><div class=\"op3-triangle-wrapper\"><\/div><\/div><\/div><div data-op3-background=\"childwrap\"><\/div><\/div><div data-op3-background=\"base\"><\/div><\/div><\/div><\/div><div class=\"op3-triangle\"><div class=\"op3-triangle-ratio\"><div class=\"op3-triangle-wrapper\"><\/div><\/div><\/div><\/div><\/div><div id=\"metaslider-id-270\" style=\"width: 100%;\" class=\"ml-slider-3-104-0 metaslider metaslider-flex metaslider-270 ml-slider has-dots-nav ms-theme-default\" role=\"region\" aria-label=\"Nueva presentaci\u00f3n de diapositivas\" data-height=\"450\" data-width=\"450\">\n    <div id=\"metaslider_container_270\">\n        <div id=\"metaslider_270\">\n            <ul class='slides'>\n                <li style=\"display: block; width: 100%;\" class=\"slide-274 ms-image \" aria-roledescription=\"slide\" data-date=\"2022-09-28 12:16:20\" data-filename=\"Bathmate_Control_group_2000x-450x450.webp\" data-slide-type=\"image\"><img loading=\"lazy\" decoding=\"async\" src=\"https:\/\/tienda-maestria.online\/tienda\/wp-content\/uploads\/2022\/09\/Bathmate_Control_group_2000x-450x450.webp\" height=\"450\" width=\"450\" alt=\"\" class=\"slider-270 slide-274 msDefaultImage\" title=\"Bathmate_Control_group_2000x\" \/><\/li>\n                <li style=\"display: none; width: 100%;\" class=\"slide-275 ms-image \" aria-roledescription=\"slide\" data-date=\"2022-09-28 12:16:20\" data-filename=\"Bathmate_Control_with_box_2000x-450x450.webp\" data-slide-type=\"image\"><img loading=\"lazy\" decoding=\"async\" src=\"https:\/\/tienda-maestria.online\/tienda\/wp-content\/uploads\/2022\/09\/Bathmate_Control_with_box_2000x-450x450.webp\" height=\"450\" width=\"450\" alt=\"\" class=\"slider-270 slide-275 msDefaultImage\" title=\"Bathmate_Control_with_box_2000x\" \/><\/li>\n                <li style=\"display: none; width: 100%;\" class=\"slide-276 ms-image \" aria-roledescription=\"slide\" data-date=\"2022-09-28 12:16:20\" data-filename=\"Bathmate_Control_tube_front_2000x-450x450.webp\" data-slide-type=\"image\"><img loading=\"lazy\" decoding=\"async\" src=\"https:\/\/tienda-maestria.online\/tienda\/wp-content\/uploads\/2022\/09\/Bathmate_Control_tube_front_2000x-450x450.webp\" height=\"450\" width=\"450\" alt=\"\" class=\"slider-270 slide-276 msDefaultImage\" title=\"Bathmate_Control_tube_front_2000x\" \/><\/li>\n            <\/ul>\n        <\/div>\n        \n    <\/div>\n<\/div><\/p>\n<h2>BATHMATE CONTROL<\/h2>\n<p>El Bathmate Control te ayuda a controlar tu orgasmo gracias a su poder&nbsp; transd\u00e9rmico y a una mezcla de ingredientes efectivos, naturales y seguros para la piel.<\/p>\n<\/p>\n<p><a class=\"op3-element__link op3-element-image__link op3-link\" href=\"https:\/\/productosdemaestria.com\/carrito\/?add-to-cart=99\" target=\"_blank\"  data-op-action=\"link\" data-op-select-funnel-step=\"\" data-op3-smooth-scroll=\"0\"><img decoding=\"async\" class=\"op3-element__image op3-element-image__image\" src=\"https:\/\/tienda-maestria.online\/tienda\/wp-content\/uploads\/2022\/11\/screenshot-2022-10-04-at-155944__opdb-op62aaca5380ff13-64725592-1-300x79.png\" alt=\"\" title=\"\" width=\"255.233\" data-op3-attachment-id=\"4101\" \/><\/a><\/p>\n<h2>S\u00f3lo $49<\/h2>\n<p><a href=\"#op3-element-F0SmVTks\" class=\"op3-link op3-background-ancestor\" target=\"_self\"  data-op-action=\"jumpToElement\" data-op-select-funnel-step=\"\" data-op3-smooth-scroll=\"\" data-op-effect-style=\"\" data-op-effect-style-hover=\"\" data-op-courseaction=\"\">SABER M\u00c1S <\/a><\/p>\n<p>DESCRIPCI\u00d3NTESTIMONIOS<img loading=\"lazy\" decoding=\"async\" class=\"op3-element__image op3-element-image__image\" src=\"http:\/\/tienda-maestria.online\/tienda\/wp-content\/uploads\/2022\/09\/control-lifestyle-01.webp\" alt=\"\" title=\"control-lifestyle-01\" width=\"1000\" height=\"1000\" data-op3-attachment-id=\"278\" \/><\/p>\n<p>El Bathmate Control te ayuda a controlar tu orgasmo gracias a su poder&nbsp; transd\u00e9rmico y a una mezcla de ingredientes efectivos, naturales y seguros para la piel.<\/p>\n<p>Este revolucionario gel de control te dar\u00e1 la confianza y el aguante necesario para lograr el mejor rendimiento en la cama. Controla tu aguante sin minimizar tu sensaci\u00f3n de placer o la de tu pareja<\/p>\n<p>Sin benzoca\u00edna ni lidoca\u00edna: El Bathmate Control no adormece, controla!Uso seguro con la silicona y el caucho: seguro para juguetes sexuales y preservativosLos resultados duran hasta 4 horas despu\u00e9s de la aplicaci\u00f3n<\/p>\n<h2>INGREDIENTES<\/h2>\n<p>El Bathmate Control ha sido probado cl\u00ednica y dermatol\u00f3gicamente, utiliza exclusivamente ingredientes de alta calidad y completamente seguros.&nbsp; Aunque los compuestos y efectos de algunos de nuestros ingredientes son un secreto comercial, hemos seleccionado algunos de los m\u00e1s importantes abajo:<\/p>\n<p><img loading=\"lazy\" decoding=\"async\" class=\"op3-element__image op3-element-image__image\" src=\"http:\/\/tienda-maestria.online\/tienda\/wp-content\/uploads\/2022\/09\/gingko-biloba.webp\" alt=\"\" title=\"gingko-biloba\" width=\"500\" height=\"310\" data-op3-attachment-id=\"282\" \/><\/p>\n<h2>Ginkgo Biloba<\/h2>\n<p>Al mejorar la circulaci\u00f3n sangu\u00ednea general, el Ginkgo Biloba permite que el usuario mantenga una erecci\u00f3n fuerte y duradera <\/p>\n<p><img loading=\"lazy\" decoding=\"async\" class=\"op3-element__image op3-element-image__image\" src=\"http:\/\/tienda-maestria.online\/tienda\/wp-content\/uploads\/2022\/09\/siberian-ginseng.webp\" alt=\"\" title=\"siberian-ginseng\" width=\"500\" height=\"310\" data-op3-attachment-id=\"281\" \/><\/p>\n<h2>Ginseng Siberiano<\/h2>\n<p>Tradicionalmente considerado un afrodis\u00edaco, el Ginseng reduce el cansancio y mejora la resistencia, ambas partes son clave para mejorar el rendimiento sexual y potenciar la fuerza er\u00e9ctil.<\/p>\n<p><img loading=\"lazy\" decoding=\"async\" class=\"op3-element__image op3-element-image__image\" src=\"http:\/\/tienda-maestria.online\/tienda\/wp-content\/uploads\/2022\/09\/tribulus-terrestris.webp\" alt=\"\" title=\"tribulus-terrestris\" width=\"500\" height=\"310\" data-op3-attachment-id=\"280\" \/><\/p>\n<h2>Tribulus Terrestris<\/h2>\n<p>Conocido como un ingrediente que ayuda a aumentar la testosterona, el Tribulus Terrestris en realidad es mucho m\u00e1s \u00fatil por su capacidad demostrada en estudios para aumentar la libido, mejorando asi el deseo y el rendimiento sexual en general.<\/p>\n<h2>C\u00d3MO USARLO<\/h2>\n<p>Usar Bathmate Control Gel no podr\u00eda ser m\u00e1s f\u00e1cil. Simplemente aplique y masajee una peque\u00f1a gota de Bathmate Control Gel en la cabeza del pene y deje que se seque. Dentro de 30 a 60 minutos, comenzar\u00e1 a sentir una agradable sensaci\u00f3n de hormigueo que indica que el Bathmate Control Gel est\u00e1 activo y funcionando.Los efectos de nuestro gel pueden durar hasta 3-4 horas y, como su nombre lo indica, le brindar\u00e1n una mayor capacidad de control cuando alcance el punto de eyaculaci\u00f3n al retrasar significativamente su orgasmo y ayudarlo a durar m\u00e1s que nunca.Adem\u00e1s de ser altamente efectivo, la f\u00f3rmula 100% natural de Bathmate Control Gel es:<\/p>\n<p>Seguro de usar con pieles sensibles.&nbsp;Libre de alcohol y perfume100% biodegradable<\/p>\n<h2><\/h2>\n<p><img loading=\"lazy\" decoding=\"async\" class=\"op3-element__image op3-element-image__image\" src=\"https:\/\/tienda-maestria.online\/tienda\/wp-content\/uploads\/2022\/10\/Screenshot-2022-10-24-at-08.35.30.png\" alt=\"\" title=\"Screenshot 2022-10-24 at 08.35.30\" width=\"2198\" height=\"358\" data-op3-attachment-id=\"4089\" \/><\/p>\n<div id=\"metaslider-id-3178\" style=\"width: 100%;\" class=\"ml-slider-3-104-0 metaslider metaslider-flex metaslider-3178 ml-slider has-dots-nav ms-theme-default\" role=\"region\" aria-label=\"Nueva presentaci\u00f3n de diapositivas\" data-height=\"450\" data-width=\"450\">\n    <div id=\"metaslider_container_3178\">\n        <div id=\"metaslider_3178\">\n            <ul class='slides'>\n                <li style=\"display: block; width: 100%;\" class=\"slide-3179 ms-image \" aria-roledescription=\"slide\" data-date=\"2022-10-01 07:01:18\" data-filename=\"Bathmate_Control_tube_front_2000x-450x450.webp\" data-slide-type=\"image\"><img loading=\"lazy\" decoding=\"async\" src=\"https:\/\/tienda-maestria.online\/tienda\/wp-content\/uploads\/2022\/09\/Bathmate_Control_tube_front_2000x-450x450.webp\" height=\"450\" width=\"450\" alt=\"\" class=\"slider-3178 slide-3179 msDefaultImage\" title=\"Bathmate_Control_tube_front_2000x\" \/><\/li>\n                <li style=\"display: none; width: 100%;\" class=\"slide-3180 ms-image \" aria-roledescription=\"slide\" data-date=\"2022-10-01 07:01:18\" data-filename=\"Bathmate_Control_with_box_2000x-450x450.webp\" data-slide-type=\"image\"><img loading=\"lazy\" decoding=\"async\" src=\"https:\/\/tienda-maestria.online\/tienda\/wp-content\/uploads\/2022\/09\/Bathmate_Control_with_box_2000x-450x450.webp\" height=\"450\" width=\"450\" alt=\"\" class=\"slider-3178 slide-3180 msDefaultImage\" title=\"Bathmate_Control_with_box_2000x\" \/><\/li>\n                <li style=\"display: none; width: 100%;\" class=\"slide-3181 ms-image \" aria-roledescription=\"slide\" data-date=\"2022-10-01 07:01:18\" data-filename=\"Bathmate_Control_group_2000x-450x450.webp\" data-slide-type=\"image\"><img loading=\"lazy\" decoding=\"async\" src=\"https:\/\/tienda-maestria.online\/tienda\/wp-content\/uploads\/2022\/09\/Bathmate_Control_group_2000x-450x450.webp\" height=\"450\" width=\"450\" alt=\"\" class=\"slider-3178 slide-3181 msDefaultImage\" title=\"Bathmate_Control_group_2000x\" \/><\/li>\n            <\/ul>\n        <\/div>\n        \n    <\/div>\n<\/div>\n<h2>BATHMATE CONTROL<\/h2>\n<p>El Bathmate Control te ayuda a controlar tu orgasmo gracias a su poder&nbsp; transd\u00e9rmico y a una mezcla de ingredientes efectivos, naturales y seguros para la piel.<\/p>\n<\/p>\n<p><a class=\"op3-element__link op3-element-image__link op3-link\" href=\"https:\/\/productosdemaestria.com\/carrito\/?add-to-cart=99\" target=\"_blank\"  data-op-action=\"link\" data-op-select-funnel-step=\"\" data-op3-smooth-scroll=\"0\"><img loading=\"lazy\" decoding=\"async\" class=\"op3-element__image op3-element-image__image\" src=\"https:\/\/tienda-maestria.online\/tienda\/wp-content\/uploads\/2022\/11\/screenshot-2022-10-04-at-155944__opdb-op62aaca5380ff13-64725592-1-300x79.png\" alt=\"\" title=\"\" width=\"512\" height=\"256\" data-op3-attachment-id=\"4101\" \/><\/a><\/p>\n<h2>S\u00f3lo $49<\/h2>\n<p><a href=\"https:\/\/tienda-maestria.online\/tienda\/tienda\" class=\"op3-link op3-background-ancestor\" target=\"_self\"  data-op-action=\"link\" data-op-select-funnel-step=\"\" data-op3-smooth-scroll=\"0\" data-op-effect-style=\"\" data-op-effect-style-hover=\"\" data-op-courseaction=\"\">VOLVER A LA TIENDA<\/a><\/p>\n<p>maestria sexual<\/p>\n<p>AYUDA<\/p>\n<p><a href=\"https:\/\/maestriasexual.com\/blog\" class=\"op3-list-menu-link\">BLOG<\/a><a href=\"https:\/\/tienda-maestria.online\/tienda\/#op3-element-7etnB4Qp\" class=\"op3-list-menu-link\">FAQ<\/a><a href=\"https:\/\/maestriasexual.es\/tienda\/afiliados\/\" class=\"op3-list-menu-link\">AFILIADOS<\/a><a href=\"https:\/\/tienda-maestria.online\/tienda\/politica-de-devolucion\/\" class=\"op3-list-menu-link\">POL\u00cdTICA DE REEMBOLSO<\/a><a href=\"https:\/\/tienda-maestria.online\/tienda\/politica-de-privacidad\/\" class=\"op3-list-menu-link\">POL\u00cdTICA DE PRIVACIDAD<\/a><\/p>\n<p>SUSCR\u00cdBETE PARA ACCEDER A OFERTAS ESPECIALES<\/p>\n<p><a href=\"#\" class=\"op3-link op3-background-ancestor\" target=\"_self\"  data-op-action=\"link\" data-op-select-funnel-step=\"\" data-op3-smooth-scroll=\"\" data-op-effect-style=\"\" data-op-effect-style-hover=\"\" data-op-courseaction=\"\">SUSCR\u00cdBETE<\/a><\/p>\n<p>\u00a9 2014-2025&nbsp; Maestria Sexual. Todos los derechos reservados.<\/p>\n<\/p>\n<p><a class=\"op3-element__link op3-element-icon__link op3-link\" href=\"https:\/\/www.facebook.com\/luigidomenico11\/\" target=\"_blank\"  data-op-action=\"\" data-op-select-funnel-step=\"\" data-op3-smooth-scroll=\"\"><\/a><a class=\"op3-element__link op3-element-icon__link op3-link\" href=\"https:\/\/www.tiktok.com\/@luigidomenico2\" target=\"_blank\"  data-op-action=\"\" data-op-select-funnel-step=\"\" data-op3-smooth-scroll=\"\"><\/a><a class=\"op3-element__link op3-element-icon__link op3-link\" href=\"https:\/\/www.youtube.com\/user\/conquistaraunachica1\" target=\"_blank\"  data-op-action=\"\" data-op-select-funnel-step=\"\" data-op3-smooth-scroll=\"\"><\/a><\/p>\n","protected":false},"excerpt":{"rendered":"<p>Todos nuestros precios estan en USD. Enviamos a todo el mundo &lt; Volver a la tienda BATHMATE CONTROL El Bathmate Control te ayuda a controlar tu orgasmo gracias a su poder&nbsp; transd\u00e9rmico y a una mezcla de ingredientes efectivos, naturales y seguros para la piel. S\u00f3lo $49 SABER M\u00c1S DESCRIPCI\u00d3NTESTIMONIOS El Bathmate Control te ayuda [&hellip;]<\/p>\n","protected":false},"author":1,"featured_media":0,"parent":0,"menu_order":0,"comment_status":"open","ping_status":"closed","template":"op_builder_blank","meta":{"footnotes":""},"class_list":["post-267","page","type-page","status-publish","hentry"],"_links":{"self":[{"href":"https:\/\/tienda-maestria.online\/tienda\/wp-json\/wp\/v2\/pages\/267","targetHints":{"allow":["GET"]}}],"collection":[{"href":"https:\/\/tienda-maestria.online\/tienda\/wp-json\/wp\/v2\/pages"}],"about":[{"href":"https:\/\/tienda-maestria.online\/tienda\/wp-json\/wp\/v2\/types\/page"}],"author":[{"embeddable":true,"href":"https:\/\/tienda-maestria.online\/tienda\/wp-json\/wp\/v2\/users\/1"}],"replies":[{"embeddable":true,"href":"https:\/\/tienda-maestria.online\/tienda\/wp-json\/wp\/v2\/comments?post=267"}],"version-history":[{"count":37,"href":"https:\/\/tienda-maestria.online\/tienda\/wp-json\/wp\/v2\/pages\/267\/revisions"}],"predecessor-version":[{"id":3594,"href":"https:\/\/tienda-maestria.online\/tienda\/wp-json\/wp\/v2\/pages\/267\/revisions\/3594"}],"wp:attachment":[{"href":"https:\/\/tienda-maestria.online\/tienda\/wp-json\/wp\/v2\/media?parent=267"}],"curies":[{"name":"wp","href":"https:\/\/api.w.org\/{rel}","templated":true}]}}