{"id":220,"date":"2022-09-28T10:01:53","date_gmt":"2022-09-28T10:01:53","guid":{"rendered":"https:\/\/tienda-maestria.online\/tienda\/?page_id=220"},"modified":"2025-11-17T16:14:04","modified_gmt":"2025-11-17T16:14:04","slug":"herramientadelongitud","status":"publish","type":"page","link":"https:\/\/tienda-maestria.online\/tienda\/herramientadelongitud\/","title":{"rendered":"HERRAMIENTA DE LONGITUD"},"content":{"rendered":"<p>Todos nuestros precios estan en USD. Enviamos a todo el mundo<\/p>\n<h2><a href=\"https:\/\/tienda-maestria.online\/tienda\/tienda\">&lt; Volver a la tienda<\/a><\/h2>\n<p><a aria-label=\"Image Link\" class=\"op3-element__link op3-element-image__link op3-link op3-element__tcp--non-a\" href=\"https:\/\/productosdemaestria.com\/carrito\/\" target=\"_blank\"  data-op-action=\"link\" data-op-select-funnel-step=\"\" data-op3-smooth-scroll=\"0\"><img decoding=\"async\" class=\"op3-element__image op3-element-image__image\" src=\"https:\/\/tienda-maestria.online\/tienda\/wp-content\/uploads\/2022\/10\/Screenshot-2022-10-04-at-16.02.22-300x48.png\" alt=\"\" title=\"Carrito de Compra\" width=\"387.433\" data-op3-attachment-id=\"3570\" \/><\/a><img loading=\"lazy\" decoding=\"async\" class=\"op3-element__image op3-element-image__image\" src=\"http:\/\/tienda-maestria.online\/tienda\/wp-content\/uploads\/2022\/09\/Screenshot-2020-04-05-at-16.55.13-1-1024x343-1-300x100.png\" alt=\"\" title=\"Screenshot-2020-04-05-at-16.55.13-1-1024x343\" width=\"300\" height=\"100\" data-op3-attachment-id=\"11\" \/><\/p>\n<h2>Sistema 2 en 1Hanger + Dispositivo de Alargamiento<\/h2>\n<p><img loading=\"lazy\" decoding=\"async\" class=\"op3-element__image op3-element-image__image\" src=\"https:\/\/tienda-maestria.online\/tienda\/wp-content\/uploads\/2025\/11\/Untitled-design72.png\" alt=\"\" title=\"Herramienta 2 en 1\" width=\"521\" height=\"479\" data-op3-attachment-id=\"4739\" \/><\/p>\n<h2>Hanger + Dispositivo de Alargamiento<\/h2>\n<p>La Herramienta de Longitud XXL es el mejor dispositivo de longitud para los hombres circuncidados (es tan c\u00f3modo que lo pueden llevar tambi\u00e9n los hombres NO circuncidados. Sin embargo la mejor opci\u00f3n para NO circuncidados es el Cono M\u00e1gico).<\/p>\n<p>Esta versi\u00f3n 2.0 se ha actualizado para que pueda ser una herramienta de hanging tambi\u00e9n&nbsp;(es mejor que el hanger que tenemos en el que se aspira aire con la boca a trav\u00e9s de un tubito)<\/p>\n<p><a aria-label=\"Image Link\" class=\"op3-element__link op3-element-image__link op3-link op3-element__tcp--non-a\" href=\"https:\/\/productosdemaestria.com\/producto\/herramienta-de-longitud\/\" target=\"_blank\"  data-op-action=\"link\" data-op-select-funnel-step=\"\" data-op3-smooth-scroll=\"0\"><img decoding=\"async\" class=\"op3-element__image op3-element-image__image\" src=\"https:\/\/tienda-maestria.online\/tienda\/wp-content\/uploads\/2022\/11\/screenshot-2022-10-04-at-155944__opdb-op62aaca5380ff13-64725592-1-300x79.png\" alt=\"\" title=\"A&ntilde;adir al Carro\" width=\"255.233\" data-op3-attachment-id=\"4101\" \/><\/a><\/p>\n<h2>S\u00f3lo $139<\/h2>\n<p><a aria-label=\"Button link\" href=\"#op3-element-rsLhJBpT\" class=\"op3-element__tcp--non-a op3-link op3-background-ancestor\" target=\"_self\"  data-op-action=\"jumpToElement\" data-op-select-funnel-step=\"\" data-op3-smooth-scroll=\"\" data-op-effect-style=\"\" data-op-effect-style-hover=\"\" data-op-courseaction=\"\">SABER M\u00c1S <\/a><\/p>\n<p>La Herramienta de Longitud XXL viene en 3 distintos tama\u00f1os: S, M y L. Para saber cual es tu talla, lee m\u00e1s informaci\u00f3n sobre el producto abajo<\/p>\n<p>SOBRE LA HERRAMIENTATALLAsTESTIMONIOS<\/p>\n<h2>SOBRE EL SISTEMA 2 EN 1<\/h2>\n<p>En el siguiente video os muestro lo que es la mejor herramienta de longitud&nbsp;(ideal para los hombres circuncidados) que puede ser empleado como hanger tambi\u00e9n (es mejor que el hanger que tenemos en el que se aspira aire con la boca a trav\u00e9s de un tubito)<\/p>\n<h2>TALLAS<\/h2>\n<p>La Herramienta de Longitud XXL viene en 3 tallas.<\/p>\n<p>La talla viene determinada por el tama\u00f1o de la campana, todo lo dem\u00e1s es completamente igual y no var\u00eda entre las distintas tallas<\/p>\n<p>Para conocer tu talla, debes de medir la circunferencia del pene justo por debajo del glande en un estado erecto. Acorde a esas medidas escogeras tu talla.<\/p>\n<p>0-91 mm : S91-111 mm : M111- 130 +&nbsp; : L<\/p>\n<p>Si estas en rangos apretados, ejemplo : 111 \u00f3 112, lo mejor es optar por la talla inferior, es este ejemplo la M.<\/p>\n<\/p>\n<h2>TESTIMONIOS<\/h2>\n<p><img loading=\"lazy\" decoding=\"async\" class=\"op3-element__image op3-element-image__image\" src=\"http:\/\/tienda-maestria.online\/tienda\/wp-content\/uploads\/2022\/09\/Screenshot-2022-09-28-at-11.18.56.png\" alt=\"\" title=\"Screenshot 2022-09-28 at 11.18.56\" width=\"512\" height=\"256\" data-op3-attachment-id=\"229\" \/><img loading=\"lazy\" decoding=\"async\" class=\"op3-element__image op3-element-image__image\" src=\"https:\/\/tienda-maestria.online\/tienda\/wp-content\/uploads\/2025\/11\/Untitled-design72.png\" alt=\"\" title=\"Herramienta 2 en 1\" width=\"521\" height=\"479\" data-op3-attachment-id=\"4739\" \/><\/p>\n<h2>Hanger + Dispositivo de Alargamiento<\/h2>\n<p>La Herramienta de Longitud XXL es el mejor dispositivo de longitud para los hombres circuncidados (es tan c\u00f3modo que lo pueden llevar tambi\u00e9n los hombres NO circuncidados. Sin embargo la mejor opci\u00f3n para NO circuncidados es el Cono M\u00e1gico).<\/p>\n<p>Esta versi\u00f3n 2.0 se ha actualizado para que pueda ser una herramienta de hanging tambi\u00e9n&nbsp;(es mejor que el hanger que tenemos en el que se aspira aire con la boca a trav\u00e9s de un tubito)<\/p>\n<p><a aria-label=\"Image Link\" class=\"op3-element__link op3-element-image__link op3-link op3-element__tcp--non-a\" href=\"https:\/\/productosdemaestria.com\/producto\/herramienta-de-longitud\/\" target=\"_blank\"  data-op-action=\"link\" data-op-select-funnel-step=\"\" data-op3-smooth-scroll=\"0\"><img loading=\"lazy\" decoding=\"async\" class=\"op3-element__image op3-element-image__image\" src=\"https:\/\/tienda-maestria.online\/tienda\/wp-content\/uploads\/2022\/11\/screenshot-2022-10-04-at-155944__opdb-op62aaca5380ff13-64725592-1-300x79.png\" alt=\"\" title=\"A&ntilde;adir al Carro\" width=\"512\" height=\"256\" data-op3-attachment-id=\"4101\" \/><\/a><\/p>\n<h2>S\u00f3lo $139<\/h2>\n<p><a aria-label=\"Button link\" href=\"https:\/\/tienda-maestria.online\/tienda\/tienda\" class=\"op3-element__tcp--non-a op3-link op3-background-ancestor\" target=\"_self\"  data-op-action=\"link\" data-op-select-funnel-step=\"\" data-op3-smooth-scroll=\"0\" data-op-effect-style=\"\" data-op-effect-style-hover=\"\" data-op-courseaction=\"\">VOLVER A LA TIENDA<\/a><\/p>\n<p>La Herramienta de Longitud XXL viene en 3 distintos tama\u00f1os: S, M y L. Para saber cual es tu talla, lee m\u00e1s informaci\u00f3n sobre el producto abajo<\/p>\n<p>maestria sexual<\/p>\n<p>AYUDA<\/p>\n<p><a  href=\"https:\/\/maestriasexual.com\/blog\" class=\"op3-list-menu-link\">BLOG<\/a><a  href=\"https:\/\/tienda-maestria.online\/tienda\/#op3-element-7etnB4Qp\" class=\"op3-list-menu-link\">FAQ<\/a><a  href=\"https:\/\/productosdemaestria.com\/\" class=\"op3-list-menu-link\">ACCEDER A CUENTA<\/a><a  href=\"https:\/\/maestriasexual.es\/tienda\/afiliados\/\" class=\"op3-list-menu-link\">AFILIADOS<\/a><a  href=\"https:\/\/tienda-maestria.online\/tienda\/politica-de-devolucion\/\" class=\"op3-list-menu-link\">POL\u00cdTICA DE REEMBOLSO<\/a><a  href=\"https:\/\/tienda-maestria.online\/tienda\/politica-de-privacidad\/\" class=\"op3-list-menu-link\">POL\u00cdTICA DE PRIVACIDAD<\/a><\/p>\n<p>SUSCR\u00cdBETE PARA ACCEDER A OFERTAS ESPECIALES<\/p>\n<p><a aria-label=\"Button link\" href=\"#\" class=\"op3-element__tcp--non-a op3-link op3-background-ancestor\" target=\"_self\"  data-op-action=\"link\" data-op-select-funnel-step=\"\" data-op3-smooth-scroll=\"\" data-op-effect-style=\"\" data-op-effect-style-hover=\"\" data-op-courseaction=\"\">SUSCR\u00cdBETE<\/a><\/p>\n<p>\u00a9 2014-2025&nbsp; Maestria Sexual. Todos los derechos reservados.<\/p>\n<\/p>\n<p><a aria-label=\"Link\" class=\"op3-element__link op3-element-icon__link op3-element__tcp--non-a op3-link\" href=\"https:\/\/www.facebook.com\/luigidomenico11\/\" target=\"_blank\"  data-op-action=\"\" data-op-select-funnel-step=\"\" data-op3-smooth-scroll=\"\"><\/a><a aria-label=\"Link\" class=\"op3-element__link op3-element-icon__link op3-element__tcp--non-a op3-link\" href=\"https:\/\/www.tiktok.com\/@luigidomenico2\" target=\"_blank\"  data-op-action=\"\" data-op-select-funnel-step=\"\" data-op3-smooth-scroll=\"\"><\/a><a aria-label=\"Link\" class=\"op3-element__link op3-element-icon__link op3-element__tcp--non-a op3-link\" href=\"https:\/\/www.youtube.com\/user\/conquistaraunachica1\" target=\"_blank\"  data-op-action=\"\" data-op-select-funnel-step=\"\" data-op3-smooth-scroll=\"\"><\/a><\/p>\n","protected":false},"excerpt":{"rendered":"<p>Todos nuestros precios estan en USD. Enviamos a todo el mundo &lt; Volver a la tienda Sistema 2 en 1Hanger + Dispositivo de Alargamiento Hanger + Dispositivo de Alargamiento La Herramienta de Longitud XXL es el mejor dispositivo de longitud para los hombres circuncidados (es tan c\u00f3modo que lo pueden llevar tambi\u00e9n los hombres NO [&hellip;]<\/p>\n","protected":false},"author":1,"featured_media":0,"parent":0,"menu_order":0,"comment_status":"open","ping_status":"closed","template":"op_builder_blank","meta":{"footnotes":""},"class_list":["post-220","page","type-page","status-publish","hentry"],"_links":{"self":[{"href":"https:\/\/tienda-maestria.online\/tienda\/wp-json\/wp\/v2\/pages\/220","targetHints":{"allow":["GET"]}}],"collection":[{"href":"https:\/\/tienda-maestria.online\/tienda\/wp-json\/wp\/v2\/pages"}],"about":[{"href":"https:\/\/tienda-maestria.online\/tienda\/wp-json\/wp\/v2\/types\/page"}],"author":[{"embeddable":true,"href":"https:\/\/tienda-maestria.online\/tienda\/wp-json\/wp\/v2\/users\/1"}],"replies":[{"embeddable":true,"href":"https:\/\/tienda-maestria.online\/tienda\/wp-json\/wp\/v2\/comments?post=220"}],"version-history":[{"count":27,"href":"https:\/\/tienda-maestria.online\/tienda\/wp-json\/wp\/v2\/pages\/220\/revisions"}],"predecessor-version":[{"id":3630,"href":"https:\/\/tienda-maestria.online\/tienda\/wp-json\/wp\/v2\/pages\/220\/revisions\/3630"}],"wp:attachment":[{"href":"https:\/\/tienda-maestria.online\/tienda\/wp-json\/wp\/v2\/media?parent=220"}],"curies":[{"name":"wp","href":"https:\/\/api.w.org\/{rel}","templated":true}]}}